{"id":33006,"date":"2024-03-03T13:42:52","date_gmt":"2024-03-03T13:42:54","guid":{"rendered":"https:\/\/jordiromo.com\/?post_type=product&#038;p=33006"},"modified":"2024-03-03T15:27:47","modified_gmt":"2024-03-03T15:27:47","slug":"sonar-en-rosa-oscuro-copy","status":"publish","type":"product","link":"https:\/\/jordiromo.com\/es\/producto\/sonar-en-rosa-oscuro-copy\/","title":{"rendered":"Flor de mar"},"content":{"rendered":"<h3>Sea Blossom es una edici\u00f3n limitada de Jordi Romo<\/h3>\n<p>Descubre el impresionante mundo de Jordi Romo Photography\u2122, donde la fotograf\u00eda IA se convierte en una forma de arte. Experimente la combinaci\u00f3n perfecta de tecnolog\u00eda de impresi\u00f3n moderna y t\u00e9cnicas tradicionales, lo que resulta en las incre\u00edbles impresiones Jordi Romo. Cada impresi\u00f3n es una obra de arte, con colores vibrantes que sobresalen del papel y contrastes que cautivan tus ojos. Impulsado por la inteligencia artificial, Jordi Romo Photography\u2122 te ofrece una forma \u00fanica e innovadora de disfrutar de la belleza de la fotograf\u00eda.<\/p>\n<h2><\/h2>\n<h3>Env\u00edo de Fine Art<\/h3>\n<p>Disfrute de la exclusividad de nuestras obras de arte de edici\u00f3n limitada, meticulosamente dise\u00f1adas a la perfecci\u00f3n. Dentro de 4 a 6 semanas, su pieza elegida adornar\u00e1 su espacio, irradiando su aura \u00fanica. Y si busca un tama\u00f1o personalizado o una opci\u00f3n de marco m\u00e1s all\u00e1 de nuestras ofertas en l\u00ednea, \u00a1no se preocupe! Nuestros dedicados especialistas en arte est\u00e1n listos para ayudarlo en este viaje art\u00edstico.   <\/p>\n<h2><\/h2>\n<h3>\u00bfNecesitas m\u00e1s informaci\u00f3n?<\/h3>\n<p>\u00bfEst\u00e1s listo para elevar tu espacio con el encanto incomparable de Jordi Romo Prints\u2122? Haga clic en el enlace a continuaci\u00f3n para <a href=\"\" target=\"\" rel=\"noopener\">conectarse con un especialista<\/a> en arte y deje que la magia de la fotograf\u00eda cautivadora se desarrolle ante sus ojos.<\/p>\n<p>&nbsp;<\/p>\n<a class=\"nectar-button n-sc-button medium accent-color regular-button\" target=\"_blank\" href=\"https:\/\/jordiromo.com\/contact\" data-color-override=\"#4b8784\" data-hover-color-override=\"false\" data-hover-text-color-override=\"#fff\"><span>Contacta con nosotros<\/span><\/a>\n<p>&nbsp;<\/p>\n[vc_row type=\u00bbfull_width_background\u00bb full_screen_row_position=\u00bbmiddle\u00bb column_margin=\u00bbdefault\u00bb column_direction=\u00bbdefault\u00bb column_direction_tablet=\u00bbdefault\u00bb column_direction_phone=\u00bbdefault\u00bb bg_color=\u00bb\u00bb scene_position=\u00bbcenter\u00bb top_padding=\u00bb5%\u00bb bottom_padding=\u00bb5%\u00bb text_color=\u00bblight\u00bb text_align=\u00bbleft\u00bb row_border_radius=\u00bbnone\u00bb row_border_radius_applies=\u00bbbg\u00bb overflow=\u00bbvisible\u00bb overlay_strength=\u00bb0.3&#8243; gradient_direction=\u00bbleft_to_right\u00bb shape_divider_position=\u00bbbottom\u00bb shape_divider_height=\u00bb50%\u00bb bg_image_animation=\u00bbnone\u00bb shape_type=\u00bbstraight_section\u00bb gradient_type=\u00bbdefault\u00bb][vc_column column_padding=\u00bbpadding-2-percent\u00bb column_padding_tablet=\u00bbinherit\u00bb column_padding_phone=\u00bbinherit\u00bb column_padding_position=\u00bball\u00bb column_element_direction_desktop=\u00bbdefault\u00bb column_element_spacing=\u00bbdefault\u00bb desktop_text_alignment=\u00bbdefault\u00bb tablet_text_alignment=\u00bbdefault\u00bb phone_text_alignment=\u00bbdefault\u00bb background_color_opacity=\u00bb1&#8243; background_hover_color_opacity=\u00bb1&#8243; column_backdrop_filter=\u00bbnone\u00bb column_shadow=\u00bbnone\u00bb column_border_radius=\u00bbnone\u00bb column_link_target=\u00bb_self\u00bb column_position=\u00bbdefault\u00bb gradient_direction=\u00bbleft_to_right\u00bb overlay_strength=\u00bb0.3&#8243; width=\u00bb1\/1&#8243; tablet_width_inherit=\u00bbdefault\u00bb animation_type=\u00bbdefault\u00bb enable_animation=\u00bbtrue\u00bb animation=\u00bbfade-in\u00bb animation_easing=\u00bbdefault\u00bb bg_image_animation=\u00bbnone\u00bb border_type=\u00bbsimple\u00bb column_border_width=\u00bbnone\u00bb column_border_style=\u00bbsolid\u00bb][nectar_highlighted_text color_type=\u00bbregular\u00bb highlight_color=\u00bb#4b8784&#8243; style=\u00bbhalf_text\u00bb]\n<h1 style=\"text-align: center;\"><a title=\"Jordi Romo Photography\" href=\"https:\/\/www.instagram.com\/jordi_romo_photography\/\" target=\"_blank\" rel=\"noopener\"><em>@jordiromophotography<\/em><\/a><\/h1>\n[\/nectar_highlighted_text][nectar_cta btn_style=\u00bbunderline\u00bb heading_tag=\u00bbh5&#8243; button_color=\u00bbdefault\u00bb text_color=\u00bb#ffffff\u00bb button_border_thickness=\u00bb0px\u00bb link_type=\u00bbregular\u00bb alignment=\u00bbcenter\u00bb alignment_tablet=\u00bbdefault\u00bb alignment_phone=\u00bbdefault\u00bb display=\u00bbblock\u00bb display_tablet=\u00bbinherit\u00bb display_phone=\u00bbinherit\u00bb icon_family=\u00bbnone\u00bb text=\u00bbS\u00edgueme en\u00bb link_text=\u00bbInstagram\u00bb url=\u00bbhttps:\/\/www.instagram.com\/jordi_romo_photography\/\u00bb][\/vc_column][\/vc_row]\n","protected":false},"excerpt":{"rendered":"<p><strong>Floraci\u00f3n et\u00e9rea<\/strong>:<\/p>\n<p>Se sumerge en el mar de los sue\u00f1os<\/p>\n<p>Donde florecen las flores y brillan los colores<\/p>\n<p>Siente que el agua acaricia su piel<\/p>\n<p>Y oye los susurros del viento<\/p>\n<p>Ella flota entre los p\u00e9talos brillantes<\/p>\n<p>Y se maravilla ante el maravilloso espect\u00e1culo<\/p>\n<p>Siente las emociones profundas<\/p>\n<p>Que agitan la superficie del mar<\/p>\n<p>Ella es la flor et\u00e9rea<\/p>\n<p>La fusi\u00f3n del arte y el vientre de la naturaleza<\/p>\n<p>Ella es la belleza y la gracia<\/p>\n<p>El reflejo del rostro del artista<\/p>\n<p>Una obra de arte impresionante y surrealista que muestra la interacci\u00f3n armoniosa y din\u00e1mica entre la belleza natural y la expresi\u00f3n art\u00edstica. Este arte de edici\u00f3n limitada fue creado combinando el ojo creativo del artista, las poderosas herramientas de Photoshop, la fotograf\u00eda natural de flores y la innovadora tecnolog\u00eda de IA. Esta obra de arte es una pieza \u00fanica y original que cautivar\u00e1 e inspirar\u00e1 a cualquiera que la vea. No te pierdas esta oportunidad de poseer esta obra maestra del arte y la tecnolog\u00eda.<\/p>\n","protected":false},"featured_media":33027,"comment_status":"open","ping_status":"closed","template":"","meta":[],"product_brand":[],"product_cat":[572,437,447,450,424,780,425,454,428,455],"product_tag":[503,849,850],"class_list":{"0":"post-33006","1":"product","2":"type-product","3":"status-publish","4":"has-post-thumbnail","6":"product_cat-fotografia-fine-art","7":"product_cat-abstracto","8":"product_cat-bano","9":"product_cat-dormitorio","10":"product_cat-edicion-limitada","11":"product_cat-nueva-coleccion-fine-art","12":"product_cat-nuevos-lanzamientos","13":"product_cat-sala-de-estar","14":"product_cat-tienda-u-oficina","15":"product_cat-vestibulo","16":"product_tag-abstracta","17":"product_tag-arte-digital","18":"product_tag-edicion-limitada","20":"first","21":"instock","22":"shipping-taxable","23":"purchasable","24":"product-type-variable"},"_links":{"self":[{"href":"https:\/\/jordiromo.com\/es\/wp-json\/wp\/v2\/product\/33006","targetHints":{"allow":["GET"]}}],"collection":[{"href":"https:\/\/jordiromo.com\/es\/wp-json\/wp\/v2\/product"}],"about":[{"href":"https:\/\/jordiromo.com\/es\/wp-json\/wp\/v2\/types\/product"}],"replies":[{"embeddable":true,"href":"https:\/\/jordiromo.com\/es\/wp-json\/wp\/v2\/comments?post=33006"}],"wp:featuredmedia":[{"embeddable":true,"href":"https:\/\/jordiromo.com\/es\/wp-json\/wp\/v2\/media\/33027"}],"wp:attachment":[{"href":"https:\/\/jordiromo.com\/es\/wp-json\/wp\/v2\/media?parent=33006"}],"wp:term":[{"taxonomy":"product_brand","embeddable":true,"href":"https:\/\/jordiromo.com\/es\/wp-json\/wp\/v2\/product_brand?post=33006"},{"taxonomy":"product_cat","embeddable":true,"href":"https:\/\/jordiromo.com\/es\/wp-json\/wp\/v2\/product_cat?post=33006"},{"taxonomy":"product_tag","embeddable":true,"href":"https:\/\/jordiromo.com\/es\/wp-json\/wp\/v2\/product_tag?post=33006"}],"curies":[{"name":"wp","href":"https:\/\/api.w.org\/{rel}","templated":true}]}}