{"id":29323,"date":"2023-07-28T08:02:41","date_gmt":"2023-07-28T08:02:42","guid":{"rendered":"https:\/\/jordiromo.com\/?post_type=product&#038;p=29323"},"modified":"2025-06-10T15:25:06","modified_gmt":"2025-06-10T15:25:06","slug":"el-regalo","status":"publish","type":"product","link":"https:\/\/jordiromo.com\/es\/producto\/el-regalo\/","title":{"rendered":"El Regalo"},"content":{"rendered":"<p><strong>El Regalo, USA ( 2018 )<\/strong><\/p>\n<p><strong>Ediciones limitadas:<\/strong><\/p>\n<ul>\n<li>CL\u00c1SICO: 500 copias &#8211; 20 x 31 cm \/ 8 x 12 pulgadas<\/li>\n<li>MEDIANO: 200 copias &#8211; 30 x 46 cm \/ 12 x 18 pulgadas<\/li>\n<li>GIGANTE: 100 copias &#8211; 50 x 75 cm \/ 20 x 30 pulgadas<\/li>\n<li>PANOR\u00c1MICA DE COLECCIONISTA: 20 ejemplares &#8211; 90 x 160 cm \/ 35 x 63 pulgadas<\/li>\n<\/ul>\n<p>-Impreso en Aluminio Dibond:<\/p>\n<ul>\n<li>Panel composite de aluminio de 3 mm de espesor (mate).<\/li>\n<li>Impresi\u00f3n directa a 6 tintas, tintas claras o inclusiones ligeras.<\/li>\n<li>Resistencia superior, resistencia a la flexi\u00f3n ya la corrosi\u00f3n atmosf\u00e9rica.<\/li>\n<li>M\u00e1s de 100 a\u00f1os de garant\u00eda.<\/li>\n<li>Con marcos de aluminio.<\/li>\n<\/ul>\n<p>&#8211; Certificado de Autenticidad incluido<\/p>\n<p>&#8211; Impuesto incluido<\/p>\n<p>&#8211; Env\u00edo mundial incluido<\/p>\n<p><a href=\"http:\/\/jordiromo.com\/es\/information-and-options\/\" target=\"_blank\" rel=\"noopener noreferrer\">Saber M\u00e1s<\/a><\/p>\n","protected":false},"excerpt":{"rendered":"<p><strong>EL REGALO &#8211; NUEVA YORK, USA<\/strong><\/p>\n<p>Tal vez sean tus colores suaves, tu misterio lleno de armon\u00eda. Tal vez sea el mejor regalo entregado de una manera vaporosa y celestial.<\/p>\n","protected":false},"featured_media":27145,"comment_status":"open","ping_status":"closed","template":"","meta":[],"product_brand":[],"product_cat":[437,426,447,441,450,424,445,454,428,455],"product_tag":[503,430,429,434,534],"class_list":{"0":"post-29323","1":"product","2":"type-product","3":"status-publish","4":"has-post-thumbnail","6":"product_cat-abstracto","7":"product_cat-agua","8":"product_cat-bano","9":"product_cat-ciudades","10":"product_cat-dormitorio","11":"product_cat-edicion-limitada","12":"product_cat-retrato","13":"product_cat-sala-de-estar","14":"product_cat-tienda-u-oficina","15":"product_cat-vestibulo","16":"product_tag-abstracta","17":"product_tag-agua","18":"product_tag-atardecer","19":"product_tag-aventura-es","20":"product_tag-usa-es","22":"first","23":"instock","24":"shipping-taxable","25":"purchasable","26":"product-type-variable"},"_links":{"self":[{"href":"https:\/\/jordiromo.com\/es\/wp-json\/wp\/v2\/product\/29323","targetHints":{"allow":["GET"]}}],"collection":[{"href":"https:\/\/jordiromo.com\/es\/wp-json\/wp\/v2\/product"}],"about":[{"href":"https:\/\/jordiromo.com\/es\/wp-json\/wp\/v2\/types\/product"}],"replies":[{"embeddable":true,"href":"https:\/\/jordiromo.com\/es\/wp-json\/wp\/v2\/comments?post=29323"}],"wp:featuredmedia":[{"embeddable":true,"href":"https:\/\/jordiromo.com\/es\/wp-json\/wp\/v2\/media\/27145"}],"wp:attachment":[{"href":"https:\/\/jordiromo.com\/es\/wp-json\/wp\/v2\/media?parent=29323"}],"wp:term":[{"taxonomy":"product_brand","embeddable":true,"href":"https:\/\/jordiromo.com\/es\/wp-json\/wp\/v2\/product_brand?post=29323"},{"taxonomy":"product_cat","embeddable":true,"href":"https:\/\/jordiromo.com\/es\/wp-json\/wp\/v2\/product_cat?post=29323"},{"taxonomy":"product_tag","embeddable":true,"href":"https:\/\/jordiromo.com\/es\/wp-json\/wp\/v2\/product_tag?post=29323"}],"curies":[{"name":"wp","href":"https:\/\/api.w.org\/{rel}","templated":true}]}}