{"id":29273,"date":"2023-07-28T07:17:04","date_gmt":"2023-07-28T07:17:05","guid":{"rendered":"https:\/\/jordiromo.com\/?post_type=product&#038;p=29273"},"modified":"2023-07-29T17:14:51","modified_gmt":"2023-07-29T17:14:51","slug":"paraiso-irico","status":"publish","type":"product","link":"https:\/\/jordiromo.com\/es\/producto\/paraiso-irico\/","title":{"rendered":"Para\u00edso \u00cdrico"},"content":{"rendered":"<p><strong>Para\u00edso \u00cdrico, Nueva Zelanda ( 2018 )<\/strong><\/p>\n<p><strong>Ediciones limitadas:<\/strong><\/p>\n<ul>\n<li>CL\u00c1SICO: 500 copias &#8211; 20 x 31 cm \/ 8 x 12 pulgadas<\/li>\n<li>MEDIANO: 200 copias &#8211; 30 x 46 cm \/ 12 x 18 pulgadas<\/li>\n<li>GIGANTE: 100 copias &#8211; 50 x 75 cm \/ 20 x 30 pulgadas<\/li>\n<li>PANOR\u00c1MICA DE COLECCIONISTA: 20 ejemplares &#8211; 90 x 160 cm \/ 35 x 63 pulgadas<\/li>\n<\/ul>\n<p>-Impreso en Aluminio Dibond:<\/p>\n<ul>\n<li>Panel composite de aluminio de 3 mm de espesor (mate).<\/li>\n<li>Impresi\u00f3n directa a 6 tintas, tintas claras o inclusiones ligeras.<\/li>\n<li>Resistencia superior, resistencia a la flexi\u00f3n ya la corrosi\u00f3n atmosf\u00e9rica.<\/li>\n<li>M\u00e1s de 100 a\u00f1os de garant\u00eda.<\/li>\n<li>Con marcos de aluminio.<\/li>\n<\/ul>\n<p>&#8211; Certificado de Autenticidad incluido<\/p>\n<p>&#8211; Impuesto incluido<\/p>\n<p>&#8211; Env\u00edo mundial incluido<\/p>\n<p><a href=\"http:\/\/jordiromo.com\/es\/information-and-options\/\" target=\"_blank\" rel=\"noopener noreferrer\">Saber M\u00e1s<\/a><\/p>\n","protected":false},"excerpt":{"rendered":"<p><strong>PARA\u00cdSO \u00cdRICO &#8211; TONGARIRO, NUEVA ZELANDA<\/strong><\/p>\n<p>Para\u00edso l\u00edrico donde terminan las palabras. Una luz luchando contra el curso de este r\u00edo transparente, sin querer tocar esta c\u00e1lida fragilidad, en un paisaje de tenues deslumbramientos.<\/p>\n","protected":false},"featured_media":29285,"comment_status":"open","ping_status":"closed","template":"","meta":[],"product_brand":[],"product_cat":[426,447,450,424,443,454,428,455],"product_tag":[430,573,434,575,574,495],"class_list":{"0":"post-29273","1":"product","2":"type-product","3":"status-publish","4":"has-post-thumbnail","6":"product_cat-agua","7":"product_cat-bano","8":"product_cat-dormitorio","9":"product_cat-edicion-limitada","10":"product_cat-paisaje","11":"product_cat-sala-de-estar","12":"product_cat-tienda-u-oficina","13":"product_cat-vestibulo","14":"product_tag-agua","15":"product_tag-arco-iris","16":"product_tag-aventura-es","17":"product_tag-montana","18":"product_tag-nueva-zelanda","19":"product_tag-paisaje","21":"first","22":"instock","23":"shipping-taxable","24":"purchasable","25":"product-type-variable"},"_links":{"self":[{"href":"https:\/\/jordiromo.com\/es\/wp-json\/wp\/v2\/product\/29273","targetHints":{"allow":["GET"]}}],"collection":[{"href":"https:\/\/jordiromo.com\/es\/wp-json\/wp\/v2\/product"}],"about":[{"href":"https:\/\/jordiromo.com\/es\/wp-json\/wp\/v2\/types\/product"}],"replies":[{"embeddable":true,"href":"https:\/\/jordiromo.com\/es\/wp-json\/wp\/v2\/comments?post=29273"}],"wp:featuredmedia":[{"embeddable":true,"href":"https:\/\/jordiromo.com\/es\/wp-json\/wp\/v2\/media\/29285"}],"wp:attachment":[{"href":"https:\/\/jordiromo.com\/es\/wp-json\/wp\/v2\/media?parent=29273"}],"wp:term":[{"taxonomy":"product_brand","embeddable":true,"href":"https:\/\/jordiromo.com\/es\/wp-json\/wp\/v2\/product_brand?post=29273"},{"taxonomy":"product_cat","embeddable":true,"href":"https:\/\/jordiromo.com\/es\/wp-json\/wp\/v2\/product_cat?post=29273"},{"taxonomy":"product_tag","embeddable":true,"href":"https:\/\/jordiromo.com\/es\/wp-json\/wp\/v2\/product_tag?post=29273"}],"curies":[{"name":"wp","href":"https:\/\/api.w.org\/{rel}","templated":true}]}}