{"id":28028,"date":"2018-09-06T16:14:07","date_gmt":"2023-07-12T09:42:05","guid":{"rendered":"https:\/\/jordiromo.com\/product\/quebradero-de-pisada\/"},"modified":"2025-06-11T02:53:28","modified_gmt":"2025-06-11T02:53:28","slug":"quebradero-de-pisada","status":"publish","type":"product","link":"https:\/\/jordiromo.com\/es\/producto\/quebradero-de-pisada\/","title":{"rendered":"Quebradero de Pisada"},"content":{"rendered":"<p><strong>Quebradero de Pisada, Malasia ( 2018 )<\/strong><\/p>\n<p><strong>Ediciones limitadas:<\/strong><\/p>\n<ul>\n<li>CL\u00c1SICO: 500 copias &#8211; 30 x 20 cm \/ 12 x 8 pulgadas<\/li>\n<li>MEDIO: 200 copias &#8211; 60 x 40 cm \/ 31 x 24<\/li>\n<li>COLECCIONISTA: 30 ejemplares &#8211; 110 x 80 cm \/ 43 x 31 pulgadas<\/li>\n<\/ul>\n<p>-Impreso en Aluminio Dibond:<\/p>\n<ul>\n<li>Panel composite de aluminio de 3 mm de espesor (mate).<\/li>\n<li>Impresi\u00f3n directa a 6 tintas, tintas claras o inclusiones ligeras.<\/li>\n<li>Resistencia superior, resistencia a la flexi\u00f3n ya la corrosi\u00f3n atmosf\u00e9rica.<\/li>\n<li>M\u00e1s de 100 a\u00f1os de garant\u00eda.<\/li>\n<li>Con marcos de aluminio.<\/li>\n<\/ul>\n<p>&#8211; Certificado de autenticidad incluido<\/p>\n<p>&#8211; Impuesto incluido<\/p>\n<p>&#8211; Env\u00edo mundial incluido<\/p>\n<p><a href=\"http:\/\/jordiromo.com\/es\/information-and-options\/\" target=\"_blank\" rel=\"noopener noreferrer\">Saber M\u00e1s<\/a><\/p>\n","protected":false},"excerpt":{"rendered":"<p><strong>QUEBRADERO DE PISADA<\/strong><strong> &#8211; LANGKAWI ISLAND, MALAYSIA<\/strong><\/p>\n<p>Un paso que viene de la oscuridad<br \/>\nabriendo nuevos caminos de luz,<br \/>\ndejando atr\u00e1s el enigma,<br \/>\nSe prepara para indagar en las ra\u00edces de la existencia.<\/p>\n","protected":false},"featured_media":27144,"comment_status":"open","ping_status":"closed","template":"","meta":[],"product_brand":[],"product_cat":[437,426,447,451,450,424,454,428,455],"product_tag":[503,483,543,542,433],"class_list":{"0":"post-28028","1":"product","2":"type-product","3":"status-publish","4":"has-post-thumbnail","6":"product_cat-abstracto","7":"product_cat-agua","8":"product_cat-bano","9":"product_cat-cocina","10":"product_cat-dormitorio","11":"product_cat-edicion-limitada","12":"product_cat-sala-de-estar","13":"product_cat-tienda-u-oficina","14":"product_cat-vestibulo","15":"product_tag-abstracta","16":"product_tag-asia-es","17":"product_tag-isla-langkawi","18":"product_tag-malasia","19":"product_tag-playa","21":"first","22":"instock","23":"shipping-taxable","24":"purchasable","25":"product-type-variable"},"_links":{"self":[{"href":"https:\/\/jordiromo.com\/es\/wp-json\/wp\/v2\/product\/28028","targetHints":{"allow":["GET"]}}],"collection":[{"href":"https:\/\/jordiromo.com\/es\/wp-json\/wp\/v2\/product"}],"about":[{"href":"https:\/\/jordiromo.com\/es\/wp-json\/wp\/v2\/types\/product"}],"replies":[{"embeddable":true,"href":"https:\/\/jordiromo.com\/es\/wp-json\/wp\/v2\/comments?post=28028"}],"wp:featuredmedia":[{"embeddable":true,"href":"https:\/\/jordiromo.com\/es\/wp-json\/wp\/v2\/media\/27144"}],"wp:attachment":[{"href":"https:\/\/jordiromo.com\/es\/wp-json\/wp\/v2\/media?parent=28028"}],"wp:term":[{"taxonomy":"product_brand","embeddable":true,"href":"https:\/\/jordiromo.com\/es\/wp-json\/wp\/v2\/product_brand?post=28028"},{"taxonomy":"product_cat","embeddable":true,"href":"https:\/\/jordiromo.com\/es\/wp-json\/wp\/v2\/product_cat?post=28028"},{"taxonomy":"product_tag","embeddable":true,"href":"https:\/\/jordiromo.com\/es\/wp-json\/wp\/v2\/product_tag?post=28028"}],"curies":[{"name":"wp","href":"https:\/\/api.w.org\/{rel}","templated":true}]}}