{"id":28009,"date":"2018-09-06T16:21:09","date_gmt":"2023-07-12T09:18:33","guid":{"rendered":"https:\/\/jordiromo.com\/product\/vision-luminica\/"},"modified":"2023-07-29T07:24:36","modified_gmt":"2023-07-29T07:24:36","slug":"vision-luminica","status":"publish","type":"product","link":"https:\/\/jordiromo.com\/es\/producto\/vision-luminica\/","title":{"rendered":"Visi\u00f3n Lum\u00ednica"},"content":{"rendered":"<p><strong>Visi\u00f3n Lum\u00ednica, USA ( 2018 )<\/strong><\/p>\n<p><strong>Ediciones limitadas:<\/strong><\/p>\n<ul>\n<li>CL\u00c1SICO: 500 copias &#8211; 20 x 30 cm \/ 8 x 12 pulgadas<\/li>\n<li>MEDIO: 200 copias &#8211; 60 x 90 cm \/ 24 x 35 pulgadas<\/li>\n<li>GIGANTE: 100 copias &#8211; 80 x 120 cm \/ 31 x 47 pulgadas<\/li>\n<li>COLECCIONISTA: 20 ejemplares- 110 x 160 cm \/ 43 x 63 pulgadas<\/li>\n<\/ul>\n<p>-Impreso en Aluminio Dibond:<\/p>\n<ul>\n<li>Panel composite de aluminio de 3 mm de espesor (mate).<\/li>\n<li>Impresi\u00f3n directa a 6 tintas, tintas claras o inclusiones ligeras.<\/li>\n<li>Resistencia superior, resistencia a la flexi\u00f3n ya la corrosi\u00f3n atmosf\u00e9rica.<\/li>\n<li>M\u00e1s de 100 a\u00f1os de garant\u00eda.<\/li>\n<li>Con marcos de aluminio.<\/li>\n<\/ul>\n<p>&#8211; Certificado de Autenticidad incluido<\/p>\n<p>&#8211; Impuesto incluido<\/p>\n<p>&#8211; Env\u00edo mundial incluido<\/p>\n<p><a href=\"http:\/\/jordiromo.com\/es\/information-and-options\/\" target=\"_blank\" rel=\"noopener noreferrer\">Saber M\u00e1s<\/a><\/p>\n","protected":false},"excerpt":{"rendered":"<p><strong>VISI\u00d3N LUM\u00cdNICA &#8211; NUEVA YORK, USA<\/strong><\/p>\n<p>Dej\u00e9 caer mi mirada en la luminaria armoniosa,<br \/>\nlos rayos de luz se filtran a trav\u00e9s de las nubes<br \/>\nencumbrando con su fragancia a un futuro peregrino,<br \/>\nDejando atr\u00e1s una visi\u00f3n que me atrap\u00f3.<br \/>\nPero \u00e9l se va ahora.<\/p>\n","protected":false},"featured_media":28008,"comment_status":"open","ping_status":"closed","template":"","meta":[],"product_brand":[],"product_cat":[426,439,447,441,450,424,427,443,454,428,455],"product_tag":[430,536,533,429,484,431,535,534],"class_list":{"0":"post-28009","1":"product","2":"type-product","3":"status-publish","4":"has-post-thumbnail","6":"product_cat-agua","7":"product_cat-arquitectura","8":"product_cat-bano","9":"product_cat-ciudades","10":"product_cat-dormitorio","11":"product_cat-edicion-limitada","12":"product_cat-espacios","13":"product_cat-paisaje","14":"product_cat-sala-de-estar","15":"product_cat-tienda-u-oficina","16":"product_cat-vestibulo","17":"product_tag-agua","18":"product_tag-america-del-norte","19":"product_tag-arquitectura","20":"product_tag-atardecer","21":"product_tag-luz","22":"product_tag-mar-es","23":"product_tag-nueva-york","24":"product_tag-usa-es","26":"first","27":"instock","28":"shipping-taxable","29":"purchasable","30":"product-type-variable"},"_links":{"self":[{"href":"https:\/\/jordiromo.com\/es\/wp-json\/wp\/v2\/product\/28009","targetHints":{"allow":["GET"]}}],"collection":[{"href":"https:\/\/jordiromo.com\/es\/wp-json\/wp\/v2\/product"}],"about":[{"href":"https:\/\/jordiromo.com\/es\/wp-json\/wp\/v2\/types\/product"}],"replies":[{"embeddable":true,"href":"https:\/\/jordiromo.com\/es\/wp-json\/wp\/v2\/comments?post=28009"}],"wp:featuredmedia":[{"embeddable":true,"href":"https:\/\/jordiromo.com\/es\/wp-json\/wp\/v2\/media\/28008"}],"wp:attachment":[{"href":"https:\/\/jordiromo.com\/es\/wp-json\/wp\/v2\/media?parent=28009"}],"wp:term":[{"taxonomy":"product_brand","embeddable":true,"href":"https:\/\/jordiromo.com\/es\/wp-json\/wp\/v2\/product_brand?post=28009"},{"taxonomy":"product_cat","embeddable":true,"href":"https:\/\/jordiromo.com\/es\/wp-json\/wp\/v2\/product_cat?post=28009"},{"taxonomy":"product_tag","embeddable":true,"href":"https:\/\/jordiromo.com\/es\/wp-json\/wp\/v2\/product_tag?post=28009"}],"curies":[{"name":"wp","href":"https:\/\/api.w.org\/{rel}","templated":true}]}}