{"id":27986,"date":"2018-09-06T16:39:02","date_gmt":"2023-07-12T08:59:58","guid":{"rendered":"https:\/\/jordiromo.com\/product\/triangulando-el-infinito\/"},"modified":"2023-07-29T07:23:08","modified_gmt":"2023-07-29T07:23:08","slug":"triangulando-el-infinito","status":"publish","type":"product","link":"https:\/\/jordiromo.com\/es\/producto\/triangulando-el-infinito\/","title":{"rendered":"Triangulando el Infinito"},"content":{"rendered":"<p><strong>Triangulando el Infinito, Bolivia ( 2018 )<\/strong><\/p>\n<p><strong>Ediciones limitadas:<\/strong><\/p>\n<ul>\n<li>CL\u00c1SICO: 500 copias &#8211; 20 x 30 cm \/ 8 x 12 pulgadas<\/li>\n<li>MEDIA: 200 copias- 30 x 45 cm \/ 12 x 18 pulgadas<\/li>\n<li>GIGANTE: 100 copias &#8211; 60 x 90 cm \/ 24 x 35 pulgadas<\/li>\n<\/ul>\n<p>-Impreso en Aluminio Dibond Butlerfinish:<\/p>\n<ul>\n<li>Panel composite de aluminio de 3 mm de espesor<\/li>\n<li>La superficie pulida del aluminio presenta reflejos en aquellas partes claras de la imagen<\/li>\n<li>Impresi\u00f3n UV directa de 6 tintas, con alta resistencia a la corrosi\u00f3n<\/li>\n<li>marco de aluminio de primera calidad<\/li>\n<\/ul>\n<p>&#8211; Certificado de Autenticidad incluido<\/p>\n<p>&#8211; Impuesto incluido<\/p>\n<p>&#8211; Env\u00edo mundial incluido<\/p>\n<p><a href=\"http:\/\/jordiromo.com\/es\/information-and-options\/\" target=\"_blank\" rel=\"noopener noreferrer\">Saber M\u00e1s<\/a><\/p>\n","protected":false},"excerpt":{"rendered":"<p><strong>TRIANGULANDO EL INFINITO &#8211; EL SALAR DE UYUNI, BOLIVIA<\/strong><\/p>\n<p>He hecho lo imposible para volverme fuerte.<br \/>\nMe instal\u00e9 buscando en el vac\u00edo del infinito sin suerte,<br \/>\nhasta que triangulando mi ser comenc\u00e9 a creerte.<br \/>\nS\u00f3lo depend\u00eda de decir adi\u00f3s a la muerte.<\/p>\n","protected":false},"featured_media":27985,"comment_status":"open","ping_status":"closed","template":"","meta":[],"product_brand":[],"product_cat":[447,451,450,424,427,443,454,428,455],"product_tag":[482,434,435,527,529,505,528],"class_list":{"0":"post-27986","1":"product","2":"type-product","3":"status-publish","4":"has-post-thumbnail","6":"product_cat-bano","7":"product_cat-cocina","8":"product_cat-dormitorio","9":"product_cat-edicion-limitada","10":"product_cat-espacios","11":"product_cat-paisaje","12":"product_cat-sala-de-estar","13":"product_cat-tienda-u-oficina","14":"product_cat-vestibulo","15":"product_tag-amanecer","16":"product_tag-aventura-es","17":"product_tag-bicicleta-es","18":"product_tag-bolivia-es","19":"product_tag-carpa","20":"product_tag-sudamerica","21":"product_tag-uyuni-es","23":"first","24":"instock","25":"shipping-taxable","26":"purchasable","27":"product-type-variable"},"_links":{"self":[{"href":"https:\/\/jordiromo.com\/es\/wp-json\/wp\/v2\/product\/27986","targetHints":{"allow":["GET"]}}],"collection":[{"href":"https:\/\/jordiromo.com\/es\/wp-json\/wp\/v2\/product"}],"about":[{"href":"https:\/\/jordiromo.com\/es\/wp-json\/wp\/v2\/types\/product"}],"replies":[{"embeddable":true,"href":"https:\/\/jordiromo.com\/es\/wp-json\/wp\/v2\/comments?post=27986"}],"wp:featuredmedia":[{"embeddable":true,"href":"https:\/\/jordiromo.com\/es\/wp-json\/wp\/v2\/media\/27985"}],"wp:attachment":[{"href":"https:\/\/jordiromo.com\/es\/wp-json\/wp\/v2\/media?parent=27986"}],"wp:term":[{"taxonomy":"product_brand","embeddable":true,"href":"https:\/\/jordiromo.com\/es\/wp-json\/wp\/v2\/product_brand?post=27986"},{"taxonomy":"product_cat","embeddable":true,"href":"https:\/\/jordiromo.com\/es\/wp-json\/wp\/v2\/product_cat?post=27986"},{"taxonomy":"product_tag","embeddable":true,"href":"https:\/\/jordiromo.com\/es\/wp-json\/wp\/v2\/product_tag?post=27986"}],"curies":[{"name":"wp","href":"https:\/\/api.w.org\/{rel}","templated":true}]}}