{"id":27938,"date":"2018-09-06T17:35:39","date_gmt":"2023-07-08T17:38:21","guid":{"rendered":"https:\/\/jordiromo.com\/product\/veneracion\/"},"modified":"2023-07-29T07:18:54","modified_gmt":"2023-07-29T07:18:54","slug":"veneracion","status":"publish","type":"product","link":"https:\/\/jordiromo.com\/es\/producto\/veneracion\/","title":{"rendered":"Veneraci\u00f3n"},"content":{"rendered":"<p><strong>Veneraci\u00f3n, China ( 2018 )<\/strong><\/p>\n<p><strong>Ediciones limitadas:<\/strong><\/p>\n<ul>\n<li>CL\u00c1SICO: 500 copias &#8211; 20 x 30 cm \/ 8 x 12 pulgadas<\/li>\n<li>MEDIANO: 100 copias &#8211; 30 x 40 cm \/ 12 x 16 pulgadas<\/li>\n<li>COLECCIONISTA: 20 copias &#8211; 50 x 70 cm \/ 20 x 28 pulgadasMEDIANO: 100 copias &#8211; 30 x 40 cm \/ 12 x 16 pulgadas<\/li>\n<\/ul>\n<p>-Impreso en Aluminio Dibond:<\/p>\n<ul>\n<li>Panel composite de aluminio de 3 mm de espesor (mate).<\/li>\n<li>Impresi\u00f3n directa a 6 tintas, tintas claras o inclusiones ligeras.<\/li>\n<li>Resistencia superior, resistencia a la flexi\u00f3n ya la corrosi\u00f3n atmosf\u00e9rica.<\/li>\n<li>M\u00e1s de 100 a\u00f1os de garant\u00eda.<\/li>\n<li>Con marcos de aluminio.<\/li>\n<\/ul>\n<p>&#8211; Certificado de Autenticidad incluido<\/p>\n<p>&#8211; Impuesto incluido<\/p>\n<p>&#8211; Env\u00edo mundial incluido<\/p>\n<p><a href=\"http:\/\/jordiromo.com\/es\/information-and-options\/\" target=\"_blank\" rel=\"noopener noreferrer\">Saber M\u00e1s<\/a><\/p>\n","protected":false},"excerpt":{"rendered":"<p><strong>VENERACI\u00d3N &#8211; BEIJING, CHINA<\/strong><\/p>\n<p>Momento dorado que los fot\u00f3grafos ser\u00e1n reverenciados<br \/>\nretratando un instante que nunca m\u00e1s se volver\u00e1 a generar,<br \/>\npensando en la imagen como algo imperecedero<br \/>\nY el horizonte cruza la vida con la angustia del recuerdo.<\/p>\n","protected":false},"featured_media":27937,"comment_status":"open","ping_status":"closed","template":"","meta":[],"product_brand":[],"product_cat":[426,447,451,450,424,427,443,454,428,455],"product_tag":[430,483,429,518,517,495,519],"class_list":{"0":"post-27938","1":"product","2":"type-product","3":"status-publish","4":"has-post-thumbnail","6":"product_cat-agua","7":"product_cat-bano","8":"product_cat-cocina","9":"product_cat-dormitorio","10":"product_cat-edicion-limitada","11":"product_cat-espacios","12":"product_cat-paisaje","13":"product_cat-sala-de-estar","14":"product_cat-tienda-u-oficina","15":"product_cat-vestibulo","16":"product_tag-agua","17":"product_tag-asia-es","18":"product_tag-atardecer","19":"product_tag-beijing-es","20":"product_tag-china-es","21":"product_tag-paisaje","22":"product_tag-reflection-es","24":"first","25":"instock","26":"shipping-taxable","27":"purchasable","28":"product-type-variable"},"_links":{"self":[{"href":"https:\/\/jordiromo.com\/es\/wp-json\/wp\/v2\/product\/27938","targetHints":{"allow":["GET"]}}],"collection":[{"href":"https:\/\/jordiromo.com\/es\/wp-json\/wp\/v2\/product"}],"about":[{"href":"https:\/\/jordiromo.com\/es\/wp-json\/wp\/v2\/types\/product"}],"replies":[{"embeddable":true,"href":"https:\/\/jordiromo.com\/es\/wp-json\/wp\/v2\/comments?post=27938"}],"wp:featuredmedia":[{"embeddable":true,"href":"https:\/\/jordiromo.com\/es\/wp-json\/wp\/v2\/media\/27937"}],"wp:attachment":[{"href":"https:\/\/jordiromo.com\/es\/wp-json\/wp\/v2\/media?parent=27938"}],"wp:term":[{"taxonomy":"product_brand","embeddable":true,"href":"https:\/\/jordiromo.com\/es\/wp-json\/wp\/v2\/product_brand?post=27938"},{"taxonomy":"product_cat","embeddable":true,"href":"https:\/\/jordiromo.com\/es\/wp-json\/wp\/v2\/product_cat?post=27938"},{"taxonomy":"product_tag","embeddable":true,"href":"https:\/\/jordiromo.com\/es\/wp-json\/wp\/v2\/product_tag?post=27938"}],"curies":[{"name":"wp","href":"https:\/\/api.w.org\/{rel}","templated":true}]}}