{"id":27888,"date":"2018-09-06T17:52:05","date_gmt":"2023-07-08T16:41:59","guid":{"rendered":"https:\/\/jordiromo.com\/product\/blue-no-moon\/"},"modified":"2023-07-28T09:37:01","modified_gmt":"2023-07-28T09:37:01","slug":"blue-no-moon","status":"publish","type":"product","link":"https:\/\/jordiromo.com\/es\/producto\/blue-no-moon\/","title":{"rendered":"Blue No Moon"},"content":{"rendered":"<p><strong>Blue No Moon, Colombia ( 2018 )<\/strong><\/p>\n<p><strong>Ediciones limitadas:<\/strong><\/p>\n<ul>\n<li>CL\u00c1SICO: 300 copias &#8211; 20 x 20 cm \/ 8 x 8 pulgadas<\/li>\n<li>MEDIANO: 100 copias &#8211; 40 x 40 cm \/ 20 x 20 pulgadas<\/li>\n<li>GIGANTE: 50 copias &#8211; 75 x 75 cm \/ 30 x 30 pulgadas<\/li>\n<li>COLECCIONISTA: 10 ejemplares &#8211; 100 x 100 cm \/ 39 x 39 pulgadas<\/li>\n<\/ul>\n<p>-Impreso en Aluminio Dibond:<\/p>\n<ul>\n<li>Panel composite de aluminio de 3 mm de espesor (mate).<\/li>\n<li>Impresi\u00f3n directa a 6 tintas, tintas claras o inclusiones ligeras.<\/li>\n<li>Resistencia superior, resistencia a la flexi\u00f3n ya la corrosi\u00f3n atmosf\u00e9rica.<\/li>\n<li>M\u00e1s de 100 a\u00f1os de garant\u00eda.<\/li>\n<li>Con marcos de aluminio.<\/li>\n<\/ul>\n<p>&#8211; Certificado de Autenticidad incluido<\/p>\n<p>&#8211; Impuesto incluido<\/p>\n<p>&#8211; Env\u00edo mundial incluido<\/p>\n<p><a href=\"http:\/\/jordiromo.com\/es\/information-and-options\/\" target=\"_blank\" rel=\"noopener noreferrer\">Saber M\u00e1s<\/a><\/p>\n","protected":false},"excerpt":{"rendered":"<p><strong>BLUE NO MOON &#8211; CATEDRAL DE SAL, COLOMBIA<\/strong><\/p>\n<p>No es blanco, ni es luna,<br \/>\nbajando al suelo sin aullar,<br \/>\nfantas\u00eda con fugas,<br \/>\nemergiendo como un c\u00edrculo entre almas opuestas.<\/p>\n","protected":false},"featured_media":29560,"comment_status":"open","ping_status":"closed","template":"","meta":[],"product_brand":[],"product_cat":[437,447,424,427,428,455],"product_tag":[503,504,506,505],"class_list":{"0":"post-27888","1":"product","2":"type-product","3":"status-publish","4":"has-post-thumbnail","6":"product_cat-abstracto","7":"product_cat-bano","8":"product_cat-edicion-limitada","9":"product_cat-espacios","10":"product_cat-tienda-u-oficina","11":"product_cat-vestibulo","12":"product_tag-abstracta","13":"product_tag-colombia-es","14":"product_tag-luna","15":"product_tag-sudamerica","17":"first","18":"instock","19":"shipping-taxable","20":"purchasable","21":"product-type-variable"},"_links":{"self":[{"href":"https:\/\/jordiromo.com\/es\/wp-json\/wp\/v2\/product\/27888","targetHints":{"allow":["GET"]}}],"collection":[{"href":"https:\/\/jordiromo.com\/es\/wp-json\/wp\/v2\/product"}],"about":[{"href":"https:\/\/jordiromo.com\/es\/wp-json\/wp\/v2\/types\/product"}],"replies":[{"embeddable":true,"href":"https:\/\/jordiromo.com\/es\/wp-json\/wp\/v2\/comments?post=27888"}],"wp:featuredmedia":[{"embeddable":true,"href":"https:\/\/jordiromo.com\/es\/wp-json\/wp\/v2\/media\/29560"}],"wp:attachment":[{"href":"https:\/\/jordiromo.com\/es\/wp-json\/wp\/v2\/media?parent=27888"}],"wp:term":[{"taxonomy":"product_brand","embeddable":true,"href":"https:\/\/jordiromo.com\/es\/wp-json\/wp\/v2\/product_brand?post=27888"},{"taxonomy":"product_cat","embeddable":true,"href":"https:\/\/jordiromo.com\/es\/wp-json\/wp\/v2\/product_cat?post=27888"},{"taxonomy":"product_tag","embeddable":true,"href":"https:\/\/jordiromo.com\/es\/wp-json\/wp\/v2\/product_tag?post=27888"}],"curies":[{"name":"wp","href":"https:\/\/api.w.org\/{rel}","templated":true}]}}