{"id":27863,"date":"2018-09-06T18:18:12","date_gmt":"2023-07-08T16:22:41","guid":{"rendered":"https:\/\/jordiromo.com\/product\/la-teva-pintura\/"},"modified":"2025-06-11T07:47:09","modified_gmt":"2025-06-11T07:47:09","slug":"la-teva-pintura","status":"publish","type":"product","link":"https:\/\/jordiromo.com\/es\/producto\/la-teva-pintura\/","title":{"rendered":"La Teva Pintura"},"content":{"rendered":"<p><strong>La Teva Pintura, Montenegro ( 2018 )<\/strong><\/p>\n<p><strong>Ediciones limitadas:<\/strong><\/p>\n<ul>\n<li>CL\u00c1SICO: 500 copias &#8211; 20 x 20 cm \/ 8 x 8 pulgadas<\/li>\n<li>MEDIANO: 200 copias &#8211; 40 x 40 cm \/ 20 x 20 pulgadas<\/li>\n<li>GIGANTE: 100 copias &#8211; 75 x 75 cm \/ 30 x 30 pulgadas<\/li>\n<li>COLECCIONISTA: 30 ejemplares &#8211; 100 x 100 cm \/ 39 x 39 pulgadas<\/li>\n<\/ul>\n<p>-Impreso en Aluminio Dibond:<\/p>\n<ul>\n<li>Panel composite de aluminio de 3 mm de espesor (mate).<\/li>\n<li>Impresi\u00f3n directa a 6 tintas, tintas claras o inclusiones ligeras.<\/li>\n<li>Resistencia superior, resistencia a la flexi\u00f3n ya la corrosi\u00f3n atmosf\u00e9rica.<\/li>\n<li>M\u00e1s de 100 a\u00f1os de garant\u00eda.<\/li>\n<li>Con marcos de aluminio.<\/li>\n<\/ul>\n<p>&#8211; Certificado de Autenticidad incluido<\/p>\n<p>&#8211; Impuesto incluido<\/p>\n<p>&#8211; Env\u00edo mundial incluido<\/p>\n<p><a href=\"http:\/\/jordiromo.com\/es\/information-and-options\/\" target=\"_blank\" rel=\"noopener noreferrer\">Saber M\u00e1s<\/a><\/p>\n","protected":false},"excerpt":{"rendered":"<p><strong>LA TEVA PINTURA &#8211; VILLA MILOCER, MONTENEGRO<\/strong><\/p>\n<p>Donde la orilla se encuentra con el borde.<br \/>\nall\u00ed donde el color demuestra su amor.<br \/>\nEn este cuadro que naci\u00f3 siendo tuyo;<br \/>\npero tu comienzo no esta en el lienzo<\/p>\n","protected":false},"featured_media":27862,"comment_status":"open","ping_status":"closed","template":"","meta":[],"product_brand":[],"product_cat":[426,447,451,450,424,427,443,454,428,455],"product_tag":[429,497,431,496,495,433],"class_list":{"0":"post-27863","1":"product","2":"type-product","3":"status-publish","4":"has-post-thumbnail","6":"product_cat-agua","7":"product_cat-bano","8":"product_cat-cocina","9":"product_cat-dormitorio","10":"product_cat-edicion-limitada","11":"product_cat-espacios","12":"product_cat-paisaje","13":"product_cat-sala-de-estar","14":"product_cat-tienda-u-oficina","15":"product_cat-vestibulo","16":"product_tag-atardecer","17":"product_tag-europa","18":"product_tag-mar-es","19":"product_tag-montenegro-es","20":"product_tag-paisaje","21":"product_tag-playa","23":"first","24":"instock","25":"shipping-taxable","26":"purchasable","27":"product-type-variable"},"_links":{"self":[{"href":"https:\/\/jordiromo.com\/es\/wp-json\/wp\/v2\/product\/27863","targetHints":{"allow":["GET"]}}],"collection":[{"href":"https:\/\/jordiromo.com\/es\/wp-json\/wp\/v2\/product"}],"about":[{"href":"https:\/\/jordiromo.com\/es\/wp-json\/wp\/v2\/types\/product"}],"replies":[{"embeddable":true,"href":"https:\/\/jordiromo.com\/es\/wp-json\/wp\/v2\/comments?post=27863"}],"wp:featuredmedia":[{"embeddable":true,"href":"https:\/\/jordiromo.com\/es\/wp-json\/wp\/v2\/media\/27862"}],"wp:attachment":[{"href":"https:\/\/jordiromo.com\/es\/wp-json\/wp\/v2\/media?parent=27863"}],"wp:term":[{"taxonomy":"product_brand","embeddable":true,"href":"https:\/\/jordiromo.com\/es\/wp-json\/wp\/v2\/product_brand?post=27863"},{"taxonomy":"product_cat","embeddable":true,"href":"https:\/\/jordiromo.com\/es\/wp-json\/wp\/v2\/product_cat?post=27863"},{"taxonomy":"product_tag","embeddable":true,"href":"https:\/\/jordiromo.com\/es\/wp-json\/wp\/v2\/product_tag?post=27863"}],"curies":[{"name":"wp","href":"https:\/\/api.w.org\/{rel}","templated":true}]}}