{"id":27835,"date":"2018-09-06T18:48:27","date_gmt":"2023-07-06T10:25:27","guid":{"rendered":"https:\/\/jordiromo.com\/product\/il%c2%b7limitat\/"},"modified":"2025-06-11T12:37:50","modified_gmt":"2025-06-11T12:37:50","slug":"il%c2%b7limitat","status":"publish","type":"product","link":"https:\/\/jordiromo.com\/es\/producto\/il%c2%b7limitat\/","title":{"rendered":"Il\u00b7limitat"},"content":{"rendered":"<p><strong>Il\u00b7limitat, Indonesia ( 2018 )<\/strong><\/p>\n<p><strong>Ediciones limitadas:<\/strong><\/p>\n<ul>\n<li>CL\u00c1SICO: 500 copias &#8211; 20 x 30 cm \/ 8 x 12 pulgadas<\/li>\n<li>MEDIA: 200 copias- 30 x 45 cm \/ 12 x 18 pulgadas<\/li>\n<li>GIGANTE: 100 copias &#8211; 58 x 80 cm \/ 23 x 31 pulgadas<\/li>\n<li>COLECCIONISTA: 30 ejemplares &#8211; 80 x 120 cm \/ 31 x 47 pulgadas<\/li>\n<\/ul>\n<p>-Impreso en Aluminio Dibond:<\/p>\n<ul>\n<li>Panel composite de aluminio de 3 mm de espesor (mate).<\/li>\n<li>Impresi\u00f3n directa a 6 tintas, tintas claras o inclusiones ligeras.<\/li>\n<li>Resistencia superior, resistencia a la flexi\u00f3n ya la corrosi\u00f3n atmosf\u00e9rica.<\/li>\n<li>M\u00e1s de 100 a\u00f1os de garant\u00eda.<\/li>\n<li>Con marcos de aluminio.<\/li>\n<\/ul>\n<p>&#8211; Certificado de Autenticidad incluido<\/p>\n<p>&#8211; Impuesto incluido<\/p>\n<p>&#8211; Env\u00edo mundial incluido<\/p>\n<p><a href=\"http:\/\/jordiromo.com\/es\/information-and-options\/\" target=\"_blank\" rel=\"noopener noreferrer\">Saber M\u00e1s<\/a><\/p>\n","protected":false},"excerpt":{"rendered":"<p><strong>IL\u00b7LIMITAT &#8211; MONTE BROMO, INDONESIA<\/strong><\/p>\n<p>En la luz ilimitada y fresca, desde la madrugada, cruzando entre los \u00e1rboles, limpiar\u00e9 mi vida en nieblas.<\/p>\n","protected":false},"featured_media":27188,"comment_status":"open","ping_status":"closed","template":"","meta":[],"product_brand":[],"product_cat":[447,451,450,424,427,443,454,428,455],"product_tag":[482,483,485,484,481],"class_list":{"0":"post-27835","1":"product","2":"type-product","3":"status-publish","4":"has-post-thumbnail","6":"product_cat-bano","7":"product_cat-cocina","8":"product_cat-dormitorio","9":"product_cat-edicion-limitada","10":"product_cat-espacios","11":"product_cat-paisaje","12":"product_cat-sala-de-estar","13":"product_cat-tienda-u-oficina","14":"product_cat-vestibulo","15":"product_tag-amanecer","16":"product_tag-asia-es","17":"product_tag-indonesia-es","18":"product_tag-luz","19":"product_tag-montanas","21":"first","22":"instock","23":"shipping-taxable","24":"purchasable","25":"product-type-variable"},"_links":{"self":[{"href":"https:\/\/jordiromo.com\/es\/wp-json\/wp\/v2\/product\/27835","targetHints":{"allow":["GET"]}}],"collection":[{"href":"https:\/\/jordiromo.com\/es\/wp-json\/wp\/v2\/product"}],"about":[{"href":"https:\/\/jordiromo.com\/es\/wp-json\/wp\/v2\/types\/product"}],"replies":[{"embeddable":true,"href":"https:\/\/jordiromo.com\/es\/wp-json\/wp\/v2\/comments?post=27835"}],"wp:featuredmedia":[{"embeddable":true,"href":"https:\/\/jordiromo.com\/es\/wp-json\/wp\/v2\/media\/27188"}],"wp:attachment":[{"href":"https:\/\/jordiromo.com\/es\/wp-json\/wp\/v2\/media?parent=27835"}],"wp:term":[{"taxonomy":"product_brand","embeddable":true,"href":"https:\/\/jordiromo.com\/es\/wp-json\/wp\/v2\/product_brand?post=27835"},{"taxonomy":"product_cat","embeddable":true,"href":"https:\/\/jordiromo.com\/es\/wp-json\/wp\/v2\/product_cat?post=27835"},{"taxonomy":"product_tag","embeddable":true,"href":"https:\/\/jordiromo.com\/es\/wp-json\/wp\/v2\/product_tag?post=27835"}],"curies":[{"name":"wp","href":"https:\/\/api.w.org\/{rel}","templated":true}]}}