{"id":27815,"date":"2018-09-06T19:32:56","date_gmt":"2023-07-06T09:14:08","guid":{"rendered":"https:\/\/jordiromo.com\/product\/llegada-al-paraiso\/"},"modified":"2023-07-28T09:27:12","modified_gmt":"2023-07-28T09:27:12","slug":"llegada-al-paraiso","status":"publish","type":"product","link":"https:\/\/jordiromo.com\/es\/producto\/llegada-al-paraiso\/","title":{"rendered":"Llegada al Para\u00edso"},"content":{"rendered":"<p><b>Llegada al Para\u00edso, Costa Rica ( 2018 )<\/b><\/p>\n<p><strong>Ediciones limitadas:<\/strong><\/p>\n<ul>\n<li>CL\u00c1SICO: 500 copias &#8211; 20 x 30 cm \/ 8 x 12 pulgadas<\/li>\n<li>MEDIANO: 200 copias &#8211; 58 x 80 cm \/ 23 x 31 pulgadas<\/li>\n<li>GIGANTE: 100 copias &#8211; 80 x 120 cm \/ 31 x 47 pulgadas<\/li>\n<li>COLECCIONISTA: 20 ejemplares &#8211; 110 x 160 cm \/ 43 x 63 pulgadas<\/li>\n<\/ul>\n<p>-Impreso en Aluminio Dibond:<\/p>\n<ul>\n<li>Panel composite de aluminio de 3 mm de espesor (mate).<\/li>\n<li>Impresi\u00f3n directa a 6 tintas, tintas claras o inclusiones ligeras.<\/li>\n<li>Resistencia superior, resistencia a la flexi\u00f3n ya la corrosi\u00f3n atmosf\u00e9rica.<\/li>\n<li>M\u00e1s de 100 a\u00f1os de garant\u00eda.<\/li>\n<li>Con marcos de aluminio.<\/li>\n<\/ul>\n<p>&#8211; Certificado de Autenticidad Incluido<\/p>\n<p>&#8211; Impuesto incluido<\/p>\n<p>&#8211; Env\u00edo mundial incluido<\/p>\n<p><a href=\"http:\/\/jordiromo.com\/es\/information-and-options\/\" target=\"_blank\" rel=\"noopener noreferrer\">Saber M\u00e1s<\/a><\/p>\n","protected":false},"excerpt":{"rendered":"<p><strong>LLEGADA AL PARA\u00cdSO &#8211; S\u00c1MARA, COSTA RICA<\/strong><\/p>\n<p>Llegada al Para\u00edso,<br \/>\nFuente de agua animada chocando contra la orilla,<br \/>\ngrandes palmeras que adornan mi jard\u00edn,<br \/>\ncolores que me rodean sin fin.<\/p>\n","protected":false},"featured_media":27721,"comment_status":"open","ping_status":"closed","template":"","meta":[],"product_brand":[],"product_cat":[437,426,450,424,427,454,428,455],"product_tag":[430,429,434,435,436,432,431,433],"class_list":{"0":"post-27815","1":"product","2":"type-product","3":"status-publish","4":"has-post-thumbnail","6":"product_cat-abstracto","7":"product_cat-agua","8":"product_cat-dormitorio","9":"product_cat-edicion-limitada","10":"product_cat-espacios","11":"product_cat-sala-de-estar","12":"product_cat-tienda-u-oficina","13":"product_cat-vestibulo","14":"product_tag-agua","15":"product_tag-atardecer","16":"product_tag-aventura-es","17":"product_tag-bicicleta-es","18":"product_tag-centroamerica","19":"product_tag-costa-rica-es","20":"product_tag-mar-es","21":"product_tag-playa","23":"first","24":"instock","25":"shipping-taxable","26":"purchasable","27":"product-type-variable"},"_links":{"self":[{"href":"https:\/\/jordiromo.com\/es\/wp-json\/wp\/v2\/product\/27815","targetHints":{"allow":["GET"]}}],"collection":[{"href":"https:\/\/jordiromo.com\/es\/wp-json\/wp\/v2\/product"}],"about":[{"href":"https:\/\/jordiromo.com\/es\/wp-json\/wp\/v2\/types\/product"}],"replies":[{"embeddable":true,"href":"https:\/\/jordiromo.com\/es\/wp-json\/wp\/v2\/comments?post=27815"}],"wp:featuredmedia":[{"embeddable":true,"href":"https:\/\/jordiromo.com\/es\/wp-json\/wp\/v2\/media\/27721"}],"wp:attachment":[{"href":"https:\/\/jordiromo.com\/es\/wp-json\/wp\/v2\/media?parent=27815"}],"wp:term":[{"taxonomy":"product_brand","embeddable":true,"href":"https:\/\/jordiromo.com\/es\/wp-json\/wp\/v2\/product_brand?post=27815"},{"taxonomy":"product_cat","embeddable":true,"href":"https:\/\/jordiromo.com\/es\/wp-json\/wp\/v2\/product_cat?post=27815"},{"taxonomy":"product_tag","embeddable":true,"href":"https:\/\/jordiromo.com\/es\/wp-json\/wp\/v2\/product_tag?post=27815"}],"curies":[{"name":"wp","href":"https:\/\/api.w.org\/{rel}","templated":true}]}}