{"id":27362,"date":"2023-07-04T08:33:31","date_gmt":"2023-07-04T08:33:31","guid":{"rendered":"https:\/\/jordiromo.com\/politica-de-privacidad\/"},"modified":"2023-09-14T10:54:37","modified_gmt":"2023-09-14T10:54:37","slug":"politica-de-privacidad","status":"publish","type":"page","link":"https:\/\/jordiromo.com\/es\/politica-de-privacidad\/","title":{"rendered":"Pol\u00edtica de Privacidad"},"content":{"rendered":"[vc_row type=\u00bbin_container\u00bb full_screen_row_position=\u00bbmiddle\u00bb column_margin=\u00bbdefault\u00bb column_direction=\u00bbdefault\u00bb column_direction_tablet=\u00bbdefault\u00bb column_direction_phone=\u00bbdefault\u00bb scene_position=\u00bbcenter\u00bb top_padding=\u00bb5%\u00bb bottom_padding=\u00bb6%\u00bb text_color=\u00bbdark\u00bb text_align=\u00bbleft\u00bb row_border_radius=\u00bbnone\u00bb row_border_radius_applies=\u00bbbg\u00bb overflow=\u00bbvisible\u00bb overlay_strength=\u00bb0.3&#8243; gradient_direction=\u00bbleft_to_right\u00bb shape_divider_position=\u00bbbottom\u00bb bg_image_animation=\u00bbnone\u00bb shape_type=\u00bb\u00bb][vc_column column_padding=\u00bbno-extra-padding\u00bb column_padding_tablet=\u00bbinherit\u00bb column_padding_phone=\u00bbinherit\u00bb column_padding_position=\u00bball\u00bb column_element_direction_desktop=\u00bbdefault\u00bb column_element_spacing=\u00bbdefault\u00bb desktop_text_alignment=\u00bbdefault\u00bb tablet_text_alignment=\u00bbdefault\u00bb phone_text_alignment=\u00bbdefault\u00bb background_color_opacity=\u00bb1&#8243; background_hover_color_opacity=\u00bb1&#8243; column_backdrop_filter=\u00bbnone\u00bb column_shadow=\u00bbnone\u00bb column_border_radius=\u00bbnone\u00bb column_link_target=\u00bb_self\u00bb column_position=\u00bbdefault\u00bb gradient_direction=\u00bbleft_to_right\u00bb overlay_strength=\u00bb0.3&#8243; width=\u00bb1\/1&#8243; tablet_width_inherit=\u00bbdefault\u00bb animation_type=\u00bbdefault\u00bb bg_image_animation=\u00bbnone\u00bb border_type=\u00bbsimple\u00bb column_border_width=\u00bbnone\u00bb column_border_style=\u00bbsolid\u00bb][vc_column_text]\n<h1>Pol\u00edtica de Privacidad<\/h1>\n<p>&nbsp;<\/p>\n<p>Fecha de vigencia: 10 de septiembre de 2018 Jordi Romo Photography (\u00abnosotros\u00bb, \u00abnosotros\u00bb o \u00abnuestro\u00bb) opera el sitio web www.jordiromo.com (el \u00abServicio\u00bb). Esta p\u00e1gina le informa sobre nuestras pol\u00edticas con respecto a la recopilaci\u00f3n, el uso y la divulgaci\u00f3n de datos personales cuando utiliza nuestro Servicio y las opciones que tiene asociadas con esos datos. Nuestra Pol\u00edtica de Privacidad para Jordi Romo Fotograf\u00eda se gestiona a trav\u00e9s de <a href=\"https:\/\/www.freeprivacypolicy.com\/free-privacy-policy-generator.php\" target=\"_blank\" rel=\"noopener\">Pol\u00edtica de Privacidad Gratuita<\/a>.<\/p>\n<p>Utilizamos sus datos para proporcionar y mejorar el Servicio. Al usar el Servicio, usted acepta la recopilaci\u00f3n y el uso de informaci\u00f3n de acuerdo con esta pol\u00edtica. A menos que se defina lo contrario en esta Pol\u00edtica de privacidad, los t\u00e9rminos utilizados en esta Pol\u00edtica de privacidad tienen los mismos significados que en nuestros T\u00e9rminos y condiciones, accesibles desde www.jordiromo.com  <\/p>\n<p>&nbsp;<\/p>\n<h2>Recopilaci\u00f3n y uso de informaci\u00f3n<\/h2>\n<p>Recopilamos varios tipos diferentes de informaci\u00f3n para varios prop\u00f3sitos para brindarle y mejorar nuestro Servicio.<\/p>\n<h3>Tipos de datos recopilados<\/h3>\n<h4>Informaci\u00f3n personal<\/h4>\n<p>Mientras usa nuestro Servicio, podemos pedirle que nos proporcione cierta informaci\u00f3n de identificaci\u00f3n personal que se puede usar para contactarlo o identificarlo (\u00abDatos personales\u00bb). La informaci\u00f3n de identificaci\u00f3n personal puede incluir, entre otros: <\/p>\n<ul>\n<li>Direcci\u00f3n de correo electr\u00f3nico<\/li>\n<li>Nombre y apellido<\/li>\n<li>N\u00famero de tel\u00e9fono<\/li>\n<li>Direcci\u00f3n, estado, provincia, c\u00f3digo postal, ciudad<\/li>\n<li>Cookies and Usage Data<\/li>\n<\/ul>\n<h4>Datos de uso<\/h4>\n<p>Tambi\u00e9n podemos recopilar informaci\u00f3n sobre c\u00f3mo se accede y utiliza el Servicio (\u00abDatos de uso\u00bb). Estos Datos de uso pueden incluir informaci\u00f3n como la direcci\u00f3n del Protocolo de Internet de su computadora (por ejemplo, la direcci\u00f3n IP), el tipo de navegador, la versi\u00f3n del navegador, las p\u00e1ginas de nuestro Servicio que visita, la hora y la fecha de su visita, el tiempo dedicado a esas p\u00e1ginas, \u00fanico identificadores de dispositivos y otros datos de diagn\u00f3stico. <\/p>\n<h4>Datos de seguimiento y cookies<\/h4>\n<p>Usamos cookies y tecnolog\u00edas de seguimiento similares para rastrear la actividad en nuestro Servicio y conservar cierta informaci\u00f3n. Las cookies son archivos con una peque\u00f1a cantidad de datos que pueden incluir un identificador \u00fanico an\u00f3nimo. Las cookies se env\u00edan a su navegador desde un sitio web y se almacenan en su dispositivo. Las tecnolog\u00edas de seguimiento que tambi\u00e9n se utilizan son balizas, etiquetas y scripts para recopilar y rastrear informaci\u00f3n y para mejorar y analizar nuestro Servicio. Puede indicar a su navegador que rechace todas las cookies o que indique cu\u00e1ndo se env\u00eda una cookie. Sin embargo, si no acepta las cookies, es posible que no pueda utilizar algunas partes de nuestro Servicio. Ejemplos de Cookies que utilizamos:<\/p>\n<ul>\n<li><strong>Cookies de sesi\u00f3n.<\/strong> Usamos Cookies de Sesi\u00f3n para operar nuestro Servicio.<\/li>\n<li><strong>Cookies de preferencia.<\/strong> Usamos cookies de preferencia para recordar sus preferencias y varias configuraciones.<\/li>\n<li><strong>Cookies de seguridad.<\/strong> Utilizamos cookies de seguridad por motivos de seguridad.<\/li>\n<\/ul>\n<h2><\/h2>\n<h2>Uso de datos<\/h2>\n<p>Jordi Romo Photography utiliza los datos recabados con diversas finalidades:<\/p>\n<ul>\n<li>Para proporcionar y mantener el Servicio<\/li>\n<li>Para notificarle sobre cambios en nuestro Servicio<\/li>\n<li>Para permitirle participar en funciones interactivas de nuestro Servicio cuando elija hacerlo<\/li>\n<li>Para brindar atenci\u00f3n y soporte al cliente<\/li>\n<li>Para proporcionar an\u00e1lisis o informaci\u00f3n valiosa para que podamos mejorar el Servicio<\/li>\n<li>Para monitorear el uso del Servicio<\/li>\n<li>Para detectar, prevenir y abordar problemas t\u00e9cnicos<\/li>\n<\/ul>\n<h2><\/h2>\n<h2>Transferencia de datos<\/h2>\n<p>Su informaci\u00f3n, incluidos los Datos personales, puede transferirse y mantenerse en computadoras ubicadas fuera de su estado, provincia, pa\u00eds u otra jurisdicci\u00f3n gubernamental donde las leyes de protecci\u00f3n de datos pueden diferir de las de su jurisdicci\u00f3n. Si se encuentra fuera de Espa\u00f1a y decide proporcionarnos informaci\u00f3n, tenga en cuenta que transferimos los datos, incluidos los Datos personales, a Espa\u00f1a y los procesamos all\u00ed. Su consentimiento a esta Pol\u00edtica de privacidad seguido de su env\u00edo de dicha informaci\u00f3n representa su acuerdo con esa transferencia. Jordi Romo Photography tomar\u00e1 todas las medidas razonablemente necesarias para garantizar que sus datos se traten de forma segura y de acuerdo con esta Pol\u00edtica de privacidad y no se realizar\u00e1 ninguna transferencia de sus Datos personales a una organizaci\u00f3n o pa\u00eds a menos que existan controles adecuados establecidos, incluida la seguridad. de sus datos y otra informaci\u00f3n personal.<\/p>\n<h2><\/h2>\n<h2>Divulgaci\u00f3n de datos<\/h2>\n<h3>Requerimientos legales<\/h3>\n<p>Jordi Romo Photography puede divulgar sus Datos personales de buena fe cuando considere que esta acci\u00f3n es necesaria para lo siguiente:<\/p>\n<ul>\n<li>Para cumplir con una obligaci\u00f3n legal<\/li>\n<li>Para proteger y defender los derechos o propiedad de Jordi Romo Fotograf\u00eda<\/li>\n<li>Para prevenir o investigar posibles irregularidades en relaci\u00f3n con el Servicio<\/li>\n<li>Para proteger la seguridad personal de los usuarios del Servicio o del p\u00fablico<\/li>\n<li>Para protegerse contra la responsabilidad legal<\/li>\n<\/ul>\n<h2><\/h2>\n<h2>Seguridad de datos<\/h2>\n<p>La seguridad de sus datos es importante para nosotros, pero recuerde que ning\u00fan m\u00e9todo de transmisi\u00f3n a trav\u00e9s de Internet o m\u00e9todo de almacenamiento electr\u00f3nico es 100% seguro. Si bien nos esforzamos por utilizar medios comercialmente aceptables para proteger sus Datos personales, no podemos garantizar su seguridad absoluta. <\/p>\n<h2><\/h2>\n<h2>Proveedores de servicio<\/h2>\n<p>Podemos emplear empresas e individuos de terceros para facilitar nuestro Servicio (\u00abProveedores de servicios\u00bb), para proporcionar el Servicio en nuestro nombre, para realizar servicios relacionados con el Servicio o para ayudarnos a analizar c\u00f3mo se utiliza nuestro Servicio. Estos terceros tienen acceso a sus Datos personales solo para realizar estas tareas en nuestro nombre y est\u00e1n obligados a no divulgarlos ni utilizarlos para ning\u00fan otro prop\u00f3sito.<\/p>\n<h3>Anal\u00edtica<\/h3>\n<p>Podemos utilizar Proveedores de Servicios de terceros para monitorear y analizar el uso de nuestro Servicio.<\/p>\n<ul>\n<li><strong>Google Analytics<\/strong> es un servicio de an\u00e1lisis web ofrecido por Google que rastrea e informa el tr\u00e1fico del sitio web. Google utiliza los datos recopilados para rastrear y monitorear el uso de nuestro Servicio. Estos datos se comparten con otros servicios de Google. Google puede utilizar los datos recopilados para contextualizar y personalizar los anuncios de su propia red de publicidad. Puede optar por no permitir que su actividad en el Servicio est\u00e9 disponible para Google Analytics instalando el complemento de inhabilitaci\u00f3n para navegadores de Google Analytics. El complemento evita que el JavaScript de Google Analytics (ga.js, analytics.js y dc.js) comparta informaci\u00f3n con Google Analytics sobre la actividad de las visitas. Para obtener m\u00e1s informaci\u00f3n sobre las pr\u00e1cticas de privacidad de Google, visite Privacidad y t\u00e9rminos de Google p\u00e1gina web: <a href=\"https:\/\/policies.google.com\/privacy?hl=en\" target=\"_blank\" rel=\"noopener\">https:\/\/policies.google.com\/privacy?hl=en<\/a>    <\/li>\n<\/ul>\n<h2><\/h2>\n<h2>Enlaces a otros sitios<\/h2>\n<p>Nuestro Servicio puede contener enlaces a otros sitios que no son operados por nosotros. Si hace clic en el enlace de un tercero, ser\u00e1 dirigido al sitio de ese tercero. Le recomendamos encarecidamente que revise la Pol\u00edtica de privacidad de cada sitio que visite. No tenemos control ni asumimos ninguna responsabilidad por el contenido, las pol\u00edticas de privacidad o las pr\u00e1cticas de los sitios o servicios de terceros.  <\/p>\n<h2><\/h2>\n<h2>Privacidad de los ni\u00f1os<\/h2>\n<p>Nuestro Servicio no se dirige a ninguna persona menor de 18 a\u00f1os (\u00abNi\u00f1os\u00bb). No recopilamos a sabiendas informaci\u00f3n de identificaci\u00f3n personal de ninguna persona menor de 18 a\u00f1os. Si es padre o tutor y sabe que sus hijos nos han proporcionado datos personales, comun\u00edquese con nosotros. Si nos damos cuenta de que hemos recopilado Datos personales de ni\u00f1os sin verificaci\u00f3n del consentimiento de los padres, tomamos medidas para eliminar esa informaci\u00f3n de nuestros servidores.<\/p>\n<h2><\/h2>\n<h2>Cambios a esta pol\u00edtica de privacidad<\/h2>\n<p>Es posible que actualicemos nuestra Pol\u00edtica de privacidad de vez en cuando. Le notificaremos cualquier cambio publicando la nueva Pol\u00edtica de Privacidad en esta p\u00e1gina. Le informaremos por correo electr\u00f3nico y\/o un aviso destacado en nuestro Servicio, antes de que el cambio entre en vigencia y actualizaremos la \u00abfecha de vigencia\u00bb en la parte superior de esta Pol\u00edtica de privacidad. Se le recomienda revisar esta Pol\u00edtica de Privacidad peri\u00f3dicamente para cualquier cambio. Los cambios a esta Pol\u00edtica de privacidad son efectivos cuando se publican en esta p\u00e1gina. <\/p>\n<h2><\/h2>\n<h2>Contacta con nosotros<\/h2>\n<p>Si tiene alguna pregunta sobre esta Pol\u00edtica de privacidad, cont\u00e1ctenos:<\/p>\n<ul>\n<li>Visitando esta p\u00e1gina en nuestro sitio web: <a href=\"https:\/\/jordiromo.com\/contact\/\">https:\/\/jordiromo.com\/contact\/<\/a><\/li>\n<\/ul>\n[\/vc_column_text][\/vc_column][\/vc_row]\n","protected":false},"excerpt":{"rendered":"<p>[vc_row type=\u00bbin_container\u00bb full_screen_row_position=\u00bbmiddle\u00bb column_margin=\u00bbdefault\u00bb column_direction=\u00bbdefault\u00bb column_direction_tablet=\u00bbdefault\u00bb column_direction_phone=\u00bbdefault\u00bb scene_position=\u00bbcenter\u00bb top_padding=\u00bb5%\u00bb bottom_padding=\u00bb6%\u00bb text_color=\u00bbdark\u00bb text_align=\u00bbleft\u00bb row_border_radius=\u00bbnone\u00bb row_border_radius_applies=\u00bbbg\u00bb overflow=\u00bbvisible\u00bb overlay_strength=\u00bb0.3&#8243; gradient_direction=\u00bbleft_to_right\u00bb shape_divider_position=\u00bbbottom\u00bb bg_image_animation=\u00bbnone\u00bb shape_type=\u00bb\u00bb][vc_column column_padding=\u00bbno-extra-padding\u00bb column_padding_tablet=\u00bbinherit\u00bb column_padding_phone=\u00bbinherit\u00bb column_padding_position=\u00bball\u00bb column_element_direction_desktop=\u00bbdefault\u00bb column_element_spacing=\u00bbdefault\u00bb desktop_text_alignment=\u00bbdefault\u00bb tablet_text_alignment=\u00bbdefault\u00bb phone_text_alignment=\u00bbdefault\u00bb background_color_opacity=\u00bb1&#8243;&#8230;<\/p>\n","protected":false},"author":1,"featured_media":0,"parent":0,"menu_order":0,"comment_status":"closed","ping_status":"closed","template":"","meta":{"footnotes":""},"class_list":["post-27362","page","type-page","status-publish"],"_links":{"self":[{"href":"https:\/\/jordiromo.com\/es\/wp-json\/wp\/v2\/pages\/27362","targetHints":{"allow":["GET"]}}],"collection":[{"href":"https:\/\/jordiromo.com\/es\/wp-json\/wp\/v2\/pages"}],"about":[{"href":"https:\/\/jordiromo.com\/es\/wp-json\/wp\/v2\/types\/page"}],"author":[{"embeddable":true,"href":"https:\/\/jordiromo.com\/es\/wp-json\/wp\/v2\/users\/1"}],"replies":[{"embeddable":true,"href":"https:\/\/jordiromo.com\/es\/wp-json\/wp\/v2\/comments?post=27362"}],"version-history":[{"count":0,"href":"https:\/\/jordiromo.com\/es\/wp-json\/wp\/v2\/pages\/27362\/revisions"}],"wp:attachment":[{"href":"https:\/\/jordiromo.com\/es\/wp-json\/wp\/v2\/media?parent=27362"}],"curies":[{"name":"wp","href":"https:\/\/api.w.org\/{rel}","templated":true}]}}