{"id":32999,"date":"2024-03-03T13:42:52","date_gmt":"2024-03-03T13:42:53","guid":{"rendered":"https:\/\/jordiromo.com\/?post_type=product&#038;p=32999"},"modified":"2024-03-03T15:27:46","modified_gmt":"2024-03-03T15:27:46","slug":"somiar-en-rosa-fosc-copy","status":"publish","type":"product","link":"https:\/\/jordiromo.com\/ca\/producte\/somiar-en-rosa-fosc-copy\/","title":{"rendered":"Flor de mar"},"content":{"rendered":"<h3>La flor del mar \u00e9s una edici\u00f3 limitada de Jordi Romo<\/h3>\n<p>Descobreix l&#8217;impressionant m\u00f3n de la fotografia de Jordi Romo, on la IA de la fotografia\u2122 es converteix en una forma d&#8217;art. Experimenta la combinaci\u00f3 perfecta de tecnologia d&#8217;impressi\u00f3 moderna i t\u00e8cniques tradicionals, donant com a resultat l&#8217;incre\u00efble Jordi Romo Prints. Cada estampat \u00e9s una obra d&#8217;art, amb colors vibrants que surten del paper i contrastos que captiven els teus ulls. Impulsada per intel\u00b7lig\u00e8ncia artificial, Jordi Romo Photography\u2122 t&#8217;ofereix una manera \u00fanica i innovadora de gaudir de la bellesa de la fotografia.<\/p>\n<h2><\/h2>\n<h3>Enviament de Fine Art<\/h3>\n<p>Gaudeix de l&#8217;exclusivitat de les nostres obres d&#8217;art d&#8217;edici\u00f3 limitada, elaborades meticulosament a la perfecci\u00f3. En un termini de 4 a 6 setmanes, la pe\u00e7a escollida adornar\u00e0 el vostre espai, irradiant la seva aura \u00fanica. I si busqueu una mida personalitzada o una opci\u00f3 de marc m\u00e9s enll\u00e0 de les nostres ofertes en l\u00ednia, no us preocupeu! Els nostres especialistes en art estan preparats per ajudar-te en aquest viatge art\u00edstic.   <\/p>\n<h2><\/h2>\n<h3>Necessites m\u00e9s informaci\u00f3?<\/h3>\n<p>Est\u00e0s preparat per elevar el teu espai amb l&#8217;atractiu inigualable de Jordi Romo Prints\u2122? Feu clic a l&#8217;enlla\u00e7 seg\u00fcent per <a href=\"\" target=\"\" rel=\"noopener\">connectar amb un especialista<\/a> en art i deixeu que la m\u00e0gia de la fotografia captivadora es desenvolupi davant els vostres ulls.<\/p>\n<p>&nbsp;<\/p>\n<a class=\"nectar-button n-sc-button medium accent-color regular-button\" target=\"_blank\" href=\"https:\/\/jordiromo.com\/contact\" data-color-override=\"#4b8784\" data-hover-color-override=\"false\" data-hover-text-color-override=\"#fff\"><span>Contacta amb nosaltres<\/span><\/a>\n<p>&nbsp;<\/p>\n[vc_row type=&#8221;full_width_background&#8221; full_screen_row_position=&#8221;middle&#8221; column_margin=&#8221;default&#8221; column_direction=&#8221;default&#8221; column_direction_tablet=&#8221;default&#8221; column_direction_phone=&#8221;default&#8221; bg_color=&#8221;&#8221; scene_position=&#8221;center&#8221; top_padding=&#8221;5%&#8221; bottom_padding=&#8221;5%&#8221; text_color=&#8221;light&#8221; text_align=&#8221;left&#8221; row_border_radius=&#8221;none&#8221; row_border_radius_applies=&#8221;bg&#8221; overflow=&#8221;visible&#8221; overlay_strength=&#8221;0.3&#8243; gradient_direction=&#8221;left_to_right&#8221; shape_divider_position=&#8221;bottom&#8221; shape_divider_height=&#8221;50%&#8221; bg_image_animation=&#8221;none&#8221; shape_type=&#8221;straight_section&#8221; gradient_type=&#8221;default&#8221;][vc_column column_padding=&#8221;padding-2-percent&#8221; column_padding_tablet=&#8221;inherit&#8221; column_padding_phone=&#8221;inherit&#8221; column_padding_position=&#8221;all&#8221; column_element_direction_desktop=&#8221;default&#8221; column_element_spacing=&#8221;default&#8221; desktop_text_alignment=&#8221;default&#8221; tablet_text_alignment=&#8221;default&#8221; phone_text_alignment=&#8221;default&#8221; background_color_opacity=&#8221;1&#8243; background_hover_color_opacity=&#8221;1&#8243; column_backdrop_filter=&#8221;none&#8221; column_shadow=&#8221;none&#8221; column_border_radius=&#8221;none&#8221; column_link_target=&#8221;_self&#8221; column_position=&#8221;default&#8221; gradient_direction=&#8221;left_to_right&#8221; overlay_strength=&#8221;0.3&#8243; width=&#8221;1\/1&#8243; tablet_width_inherit=&#8221;default&#8221; animation_type=&#8221;default&#8221; enable_animation=&#8221;true&#8221; animation=&#8221;fade-in&#8221; animation_easing=&#8221;default&#8221; bg_image_animation=&#8221;none&#8221; border_type=&#8221;simple&#8221; column_border_width=&#8221;none&#8221; column_border_style=&#8221;solid&#8221;][nectar_highlighted_text color_type=&#8221;regular&#8221; highlight_color=&#8221;#4b8784&#8243; style=&#8221;half_text&#8221;]\n<h1 style=\"text-align: center;\"><a title=\"Jordi Romo Photography\" href=\"https:\/\/www.instagram.com\/jordi_romo_photography\/\" target=\"_blank\" rel=\"noopener\"><em>@jordiromophotography<\/em><\/a><\/h1>\n[\/nectar_highlighted_text][nectar_cta btn_style=&#8221;underline&#8221; heading_tag=&#8221;h5&#8243; button_color=&#8221;default&#8221; text_color=&#8221;#ffffff&#8221; button_border_thickness=&#8221;0px&#8221; link_type=&#8221;regular&#8221; alignment=&#8221;center&#8221; alignment_tablet=&#8221;default&#8221; alignment_phone=&#8221;default&#8221; display=&#8221;block&#8221; display_tablet=&#8221;inherit&#8221; display_phone=&#8221;inherit&#8221; icon_family=&#8221;none&#8221; text=&#8221;Seguiu-me a&#8221; link_text=&#8221;Instagram&#8221; url=&#8221;https:\/\/www.instagram.com\/jordi_romo_photography\/&#8221;][\/vc_column][\/vc_row]\n","protected":false},"excerpt":{"rendered":"<p><strong>Floraci\u00f3 et\u00e8ria<\/strong>:<\/p>\n<p>Se submergeix en el mar dels somnis<\/p>\n<p>On floreixen les flors i els colors brillen<\/p>\n<p>Sent com l&#8217;aigua li acaricia la pell<\/p>\n<p>I sent els murmuris del vent<\/p>\n<p>Flota entre els p\u00e8tals brillants<\/p>\n<p>I es meravella de la vista meravellosa<\/p>\n<p>Sent les emocions profundament<\/p>\n<p>Que remouen la superf\u00edcie del mar<\/p>\n<p>Ella \u00e9s la floraci\u00f3 et\u00e8ria<\/p>\n<p>La fusi\u00f3 de l&#8217;art i el ventre de la natura<\/p>\n<p>Ella \u00e9s la bellesa i la gr\u00e0cia<\/p>\n<p>El reflex del rostre de l&#8217;artista<\/p>\n<p>Una obra d&#8217;art impactant i surrealista que mostra la interacci\u00f3 harmoniosa i din\u00e0mica entre la bellesa natural i l&#8217;expressi\u00f3 art\u00edstica. Aquest art d&#8217;edici\u00f3 limitada es va crear combinant l&#8217;ull creatiu de l&#8217;artista, les poderoses eines de Photoshop, la fotografia natural de flors i la innovadora tecnologia de la IA. Aquesta obra \u00e9s una pe\u00e7a \u00fanica i original que captivar\u00e0 i inspirar\u00e0 a tot aquell que la vegi. No et perdis aquesta oportunitat de posseir aquesta obra mestra de l&#8217;art i la tecnologia.<\/p>\n","protected":false},"featured_media":33026,"comment_status":"open","ping_status":"closed","template":"","meta":[],"product_brand":[],"product_cat":[571,438,448,407,449,403,781,404,453,456],"product_tag":[507,851,852],"class_list":{"0":"post-32999","1":"product","2":"type-product","3":"status-publish","4":"has-post-thumbnail","6":"product_cat-fotografia-fine-art-ca","7":"product_cat-abstracte","8":"product_cat-bany","9":"product_cat-botiga-o-oficina","10":"product_cat-dormitori","11":"product_cat-edicio-limitada","12":"product_cat-nova-colleccio-fine-art","13":"product_cat-noves-versions","14":"product_cat-sala-destar","15":"product_cat-vestibul","16":"product_tag-abstracte","17":"product_tag-art-digital","18":"product_tag-edicio-limitada","20":"first","21":"instock","22":"shipping-taxable","23":"purchasable","24":"product-type-variable"},"_links":{"self":[{"href":"https:\/\/jordiromo.com\/ca\/wp-json\/wp\/v2\/product\/32999","targetHints":{"allow":["GET"]}}],"collection":[{"href":"https:\/\/jordiromo.com\/ca\/wp-json\/wp\/v2\/product"}],"about":[{"href":"https:\/\/jordiromo.com\/ca\/wp-json\/wp\/v2\/types\/product"}],"replies":[{"embeddable":true,"href":"https:\/\/jordiromo.com\/ca\/wp-json\/wp\/v2\/comments?post=32999"}],"wp:featuredmedia":[{"embeddable":true,"href":"https:\/\/jordiromo.com\/ca\/wp-json\/wp\/v2\/media\/33026"}],"wp:attachment":[{"href":"https:\/\/jordiromo.com\/ca\/wp-json\/wp\/v2\/media?parent=32999"}],"wp:term":[{"taxonomy":"product_brand","embeddable":true,"href":"https:\/\/jordiromo.com\/ca\/wp-json\/wp\/v2\/product_brand?post=32999"},{"taxonomy":"product_cat","embeddable":true,"href":"https:\/\/jordiromo.com\/ca\/wp-json\/wp\/v2\/product_cat?post=32999"},{"taxonomy":"product_tag","embeddable":true,"href":"https:\/\/jordiromo.com\/ca\/wp-json\/wp\/v2\/product_tag?post=32999"}],"curies":[{"name":"wp","href":"https:\/\/api.w.org\/{rel}","templated":true}]}}