{"id":32726,"date":"2023-11-19T12:27:08","date_gmt":"2023-11-19T12:27:09","guid":{"rendered":"https:\/\/jordiromo.com\/?post_type=product&#038;p=32726"},"modified":"2023-11-19T13:52:32","modified_gmt":"2023-11-19T13:52:32","slug":"somiant-en-rosa-fosc","status":"publish","type":"product","link":"https:\/\/jordiromo.com\/ca\/producte\/somiant-en-rosa-fosc\/","title":{"rendered":"Somiar en rosa fosc"},"content":{"rendered":"<h3>Dreaming in Dark Pink \u00e9s una edici\u00f3 limitada de Jordi Romo<\/h3>\n<p>Descobreix l&#8217;impressionant m\u00f3n de la fotografia de Jordi Romo, on la IA de la fotografia\u2122 es converteix en una forma d&#8217;art. Experimenta la combinaci\u00f3 perfecta de tecnologia d&#8217;impressi\u00f3 moderna i t\u00e8cniques tradicionals, donant com a resultat l&#8217;incre\u00efble Jordi Romo Prints. Cada estampat \u00e9s una obra d&#8217;art, amb colors vibrants que surten del paper i contrastos que captiven els teus ulls. Impulsada per intel\u00b7lig\u00e8ncia artificial, Jordi Romo Photography\u2122 t&#8217;ofereix una manera \u00fanica i innovadora de gaudir de la bellesa de la fotografia.<\/p>\n<h2><\/h2>\n<h3>Enviament de Fine Art<\/h3>\n<p>Gaudeix de l&#8217;exclusivitat de les nostres obres d&#8217;art d&#8217;edici\u00f3 limitada, elaborades meticulosament a la perfecci\u00f3. En un termini de 4 a 6 setmanes, la pe\u00e7a escollida adornar\u00e0 el vostre espai, irradiant la seva aura \u00fanica. I si busqueu una mida personalitzada o una opci\u00f3 de marc m\u00e9s enll\u00e0 de les nostres ofertes en l\u00ednia, no us preocupeu! Els nostres especialistes en art estan preparats per ajudar-te en aquest viatge art\u00edstic.   <\/p>\n<h2><\/h2>\n<h3>Necessites m\u00e9s informaci\u00f3?<\/h3>\n<p>Est\u00e0s preparat per elevar el teu espai amb l&#8217;atractiu inigualable de Jordi Romo Prints\u2122? Feu clic a l&#8217;enlla\u00e7 seg\u00fcent per <a href=\"\" target=\"\" rel=\"noopener\">connectar amb un especialista<\/a> en art i deixeu que la m\u00e0gia de la fotografia captivadora es desenvolupi davant els vostres ulls.<\/p>\n<p>&nbsp;<\/p>\n<a class=\"nectar-button n-sc-button medium accent-color regular-button\" target=\"_blank\" href=\"https:\/\/jordiromo.com\/contact\" data-color-override=\"#4b8784\" data-hover-color-override=\"false\" data-hover-text-color-override=\"#fff\"><span>Contacta amb nosaltres<\/span><\/a>\n<p>&nbsp;<\/p>\n[vc_row type=&#8221;full_width_background&#8221; full_screen_row_position=&#8221;middle&#8221; column_margin=&#8221;default&#8221; column_direction=&#8221;default&#8221; column_direction_tablet=&#8221;default&#8221; column_direction_phone=&#8221;default&#8221; bg_color=&#8221;&#8221; scene_position=&#8221;center&#8221; top_padding=&#8221;5%&#8221; bottom_padding=&#8221;5%&#8221; text_color=&#8221;light&#8221; text_align=&#8221;left&#8221; row_border_radius=&#8221;none&#8221; row_border_radius_applies=&#8221;bg&#8221; overflow=&#8221;visible&#8221; overlay_strength=&#8221;0.3&#8243; gradient_direction=&#8221;left_to_right&#8221; shape_divider_position=&#8221;bottom&#8221; shape_divider_height=&#8221;50%&#8221; bg_image_animation=&#8221;none&#8221; shape_type=&#8221;straight_section&#8221; gradient_type=&#8221;default&#8221;][vc_column column_padding=&#8221;padding-2-percent&#8221; column_padding_tablet=&#8221;inherit&#8221; column_padding_phone=&#8221;inherit&#8221; column_padding_position=&#8221;all&#8221; column_element_direction_desktop=&#8221;default&#8221; column_element_spacing=&#8221;default&#8221; desktop_text_alignment=&#8221;default&#8221; tablet_text_alignment=&#8221;default&#8221; phone_text_alignment=&#8221;default&#8221; background_color_opacity=&#8221;1&#8243; background_hover_color_opacity=&#8221;1&#8243; column_backdrop_filter=&#8221;none&#8221; column_shadow=&#8221;none&#8221; column_border_radius=&#8221;none&#8221; column_link_target=&#8221;_self&#8221; column_position=&#8221;default&#8221; gradient_direction=&#8221;left_to_right&#8221; overlay_strength=&#8221;0.3&#8243; width=&#8221;1\/1&#8243; tablet_width_inherit=&#8221;default&#8221; animation_type=&#8221;default&#8221; enable_animation=&#8221;true&#8221; animation=&#8221;fade-in&#8221; animation_easing=&#8221;default&#8221; bg_image_animation=&#8221;none&#8221; border_type=&#8221;simple&#8221; column_border_width=&#8221;none&#8221; column_border_style=&#8221;solid&#8221;][nectar_highlighted_text color_type=&#8221;regular&#8221; highlight_color=&#8221;#4b8784&#8243; style=&#8221;half_text&#8221;]\n<h1 style=\"text-align: center;\"><a title=\"Jordi Romo Photography\" href=\"https:\/\/www.instagram.com\/jordi_romo_photography\/\" target=\"_blank\" rel=\"noopener\"><em>@jordiromophotography<\/em><\/a><\/h1>\n[\/nectar_highlighted_text][nectar_cta btn_style=&#8221;underline&#8221; heading_tag=&#8221;h5&#8243; button_color=&#8221;default&#8221; text_color=&#8221;#ffffff&#8221; button_border_thickness=&#8221;0px&#8221; link_type=&#8221;regular&#8221; alignment=&#8221;center&#8221; alignment_tablet=&#8221;default&#8221; alignment_phone=&#8221;default&#8221; display=&#8221;block&#8221; display_tablet=&#8221;inherit&#8221; display_phone=&#8221;inherit&#8221; icon_family=&#8221;none&#8221; text=&#8221;Seguiu-me a&#8221; link_text=&#8221;Instagram&#8221; url=&#8221;https:\/\/www.instagram.com\/jordi_romo_photography\/&#8221;][\/vc_column][\/vc_row]\n","protected":false},"excerpt":{"rendered":"<p>Dreaming in Dark Pink \u00e9s una obra d&#8217;art creada per la meva imaginaci\u00f3 i intel\u00b7lig\u00e8ncia artificial, que combina la bellesa de la natura i la tecnologia. La imatge mostra una dona amb un vestit blau surant en un mar de flors roses, que contrasten amb el fons fosc. La dona sembla estar en un estat on\u00edric, envoltada de llum i color. La imatge t\u00e9 un estil realista, per\u00f2 tamb\u00e9 un toc m\u00e0gic i surrealista. La foto \u00e9s una obra d&#8217;art d&#8217;edici\u00f3 limitada, que es pot adquirir aqu\u00ed.<\/p>\n","protected":false},"featured_media":32741,"comment_status":"open","ping_status":"closed","template":"","meta":[],"product_brand":[],"product_cat":[571,438,452,449,403,781,404,453,456],"product_tag":[],"class_list":{"0":"post-32726","1":"product","2":"type-product","3":"status-publish","4":"has-post-thumbnail","6":"product_cat-fotografia-fine-art-ca","7":"product_cat-abstracte","8":"product_cat-cuina","9":"product_cat-dormitori","10":"product_cat-edicio-limitada","11":"product_cat-nova-colleccio-fine-art","12":"product_cat-noves-versions","13":"product_cat-sala-destar","14":"product_cat-vestibul","16":"first","17":"instock","18":"shipping-taxable","19":"purchasable","20":"product-type-variable"},"_links":{"self":[{"href":"https:\/\/jordiromo.com\/ca\/wp-json\/wp\/v2\/product\/32726","targetHints":{"allow":["GET"]}}],"collection":[{"href":"https:\/\/jordiromo.com\/ca\/wp-json\/wp\/v2\/product"}],"about":[{"href":"https:\/\/jordiromo.com\/ca\/wp-json\/wp\/v2\/types\/product"}],"replies":[{"embeddable":true,"href":"https:\/\/jordiromo.com\/ca\/wp-json\/wp\/v2\/comments?post=32726"}],"wp:featuredmedia":[{"embeddable":true,"href":"https:\/\/jordiromo.com\/ca\/wp-json\/wp\/v2\/media\/32741"}],"wp:attachment":[{"href":"https:\/\/jordiromo.com\/ca\/wp-json\/wp\/v2\/media?parent=32726"}],"wp:term":[{"taxonomy":"product_brand","embeddable":true,"href":"https:\/\/jordiromo.com\/ca\/wp-json\/wp\/v2\/product_brand?post=32726"},{"taxonomy":"product_cat","embeddable":true,"href":"https:\/\/jordiromo.com\/ca\/wp-json\/wp\/v2\/product_cat?post=32726"},{"taxonomy":"product_tag","embeddable":true,"href":"https:\/\/jordiromo.com\/ca\/wp-json\/wp\/v2\/product_tag?post=32726"}],"curies":[{"name":"wp","href":"https:\/\/api.w.org\/{rel}","templated":true}]}}