{"id":29328,"date":"2023-07-28T08:02:41","date_gmt":"2023-07-28T08:02:42","guid":{"rendered":"https:\/\/jordiromo.com\/?post_type=product&#038;p=29328"},"modified":"2025-06-10T13:41:58","modified_gmt":"2025-06-10T13:41:58","slug":"el-regalo","status":"publish","type":"product","link":"https:\/\/jordiromo.com\/ca\/producte\/el-regalo\/","title":{"rendered":"El Regalo"},"content":{"rendered":"<p><strong>El Regalo, USA ( 2018 )<\/strong><\/p>\n<p><strong>Edicions limitades:<\/strong><\/p>\n<ul>\n<li>CL\u00c0SSIC: 500 c\u00f2pies &#8211; 20 x 31 cm \/ 8 x 12 polzades<\/li>\n<li>MITJ\u00c0: 200 c\u00f2pies &#8211; 30 x 46 cm \/ 12 x 18 polzades<\/li>\n<li>GEGANT: 100 c\u00f2pies &#8211; 50 x 75 cm \/ 20 x 30 polzades<\/li>\n<li>COL\u00b7LECTOR PAN\u00d2RMICA: 20 exemplars &#8211; 90 x 160 cm \/ 35 x 63 polzades<\/li>\n<\/ul>\n<p>-Impr\u00e8s en alumini Dibond:<\/p>\n<ul>\n<li>Panell d&#8217;alumini compost de 3 mm de gruix (mat).<\/li>\n<li>Impressi\u00f3 directa de 6 tintes, tintes clares o inclusions lleugeres.<\/li>\n<li>Resist\u00e8ncia superior, resist\u00e8ncia a la flexi\u00f3 i a la corrosi\u00f3 atmosf\u00e8rica.<\/li>\n<li>M\u00e9s de 100 anys de garantia.<\/li>\n<li>Amb marcs d&#8217;alumini.<\/li>\n<\/ul>\n<p>&#8211; Certificat d&#8217;autenticitat incl\u00f2s<\/p>\n<p>&#8211; Impostos inclosos<\/p>\n<p>&#8211; Enviament a tot el m\u00f3n incl\u00f2s<\/p>\n<p><a href=\"http:\/\/jordiromo.com\/es\/information-and-options\/\" target=\"_blank\" rel=\"noopener noreferrer\">Saber M\u00e9s<\/a><\/p>\n","protected":false},"excerpt":{"rendered":"<p><strong>EL REGALO &#8211; NOVA YORK, ESTATS UNITS<\/strong><\/p>\n<p>Potser s\u00f3n els teus colors suaus, el teu misteri ple d&#8217;harmonia. Potser \u00e9s el millor regal lliurat d&#8217;una manera vaporosa i celestial.<\/p>\n","protected":false},"featured_media":27155,"comment_status":"open","ping_status":"closed","template":"","meta":[],"product_brand":[],"product_cat":[438,405,448,407,442,449,403,446,453,456],"product_tag":[507,409,413,408,538],"class_list":{"0":"post-29328","1":"product","2":"type-product","3":"status-publish","4":"has-post-thumbnail","6":"product_cat-abstracte","7":"product_cat-aigua","8":"product_cat-bany","9":"product_cat-botiga-o-oficina","10":"product_cat-ciutats","11":"product_cat-dormitori","12":"product_cat-edicio-limitada","13":"product_cat-retrats","14":"product_cat-sala-destar","15":"product_cat-vestibul","16":"product_tag-abstracte","17":"product_tag-aigua","18":"product_tag-aventura","19":"product_tag-posta-de-sol","20":"product_tag-usa-ca","22":"first","23":"instock","24":"shipping-taxable","25":"purchasable","26":"product-type-variable"},"_links":{"self":[{"href":"https:\/\/jordiromo.com\/ca\/wp-json\/wp\/v2\/product\/29328","targetHints":{"allow":["GET"]}}],"collection":[{"href":"https:\/\/jordiromo.com\/ca\/wp-json\/wp\/v2\/product"}],"about":[{"href":"https:\/\/jordiromo.com\/ca\/wp-json\/wp\/v2\/types\/product"}],"replies":[{"embeddable":true,"href":"https:\/\/jordiromo.com\/ca\/wp-json\/wp\/v2\/comments?post=29328"}],"wp:featuredmedia":[{"embeddable":true,"href":"https:\/\/jordiromo.com\/ca\/wp-json\/wp\/v2\/media\/27155"}],"wp:attachment":[{"href":"https:\/\/jordiromo.com\/ca\/wp-json\/wp\/v2\/media?parent=29328"}],"wp:term":[{"taxonomy":"product_brand","embeddable":true,"href":"https:\/\/jordiromo.com\/ca\/wp-json\/wp\/v2\/product_brand?post=29328"},{"taxonomy":"product_cat","embeddable":true,"href":"https:\/\/jordiromo.com\/ca\/wp-json\/wp\/v2\/product_cat?post=29328"},{"taxonomy":"product_tag","embeddable":true,"href":"https:\/\/jordiromo.com\/ca\/wp-json\/wp\/v2\/product_tag?post=29328"}],"curies":[{"name":"wp","href":"https:\/\/api.w.org\/{rel}","templated":true}]}}