{"id":29278,"date":"2023-07-28T07:17:04","date_gmt":"2023-07-28T07:17:05","guid":{"rendered":"https:\/\/jordiromo.com\/?post_type=product&#038;p=29278"},"modified":"2023-07-29T16:10:24","modified_gmt":"2023-07-29T16:10:24","slug":"paraiso-irico","status":"publish","type":"product","link":"https:\/\/jordiromo.com\/ca\/producte\/paraiso-irico\/","title":{"rendered":"Para\u00edso \u00cdrico"},"content":{"rendered":"<p><strong>Para\u00edso \u00cdrico, Nova Zelanda ( 2018 )<\/strong><\/p>\n<p><strong>Edicions limitades:<\/strong><\/p>\n<ul>\n<li>CL\u00c0SSIC: 500 c\u00f2pies &#8211; 20 x 31 cm \/ 8 x 12 polzades<\/li>\n<li>MITJ\u00c0: 200 c\u00f2pies &#8211; 30 x 46 cm \/ 12 x 18 polzades<\/li>\n<li>GEGANT: 100 c\u00f2pies &#8211; 50 x 75 cm \/ 20 x 30 polzades<\/li>\n<li>COL\u00b7LECTOR PAN\u00d2RMICA: 20 exemplars &#8211; 90 x 160 cm \/ 35 x 63 polzades<\/li>\n<\/ul>\n<p>-Impr\u00e8s en alumini Dibond:<\/p>\n<ul>\n<li>Panell d&#8217;alumini compost de 3 mm de gruix (mat).<\/li>\n<li>Impressi\u00f3 directa de 6 tintes, tintes clares o inclusions lleugeres.<\/li>\n<li>Resist\u00e8ncia superior, resist\u00e8ncia a la flexi\u00f3 i a la corrosi\u00f3 atmosf\u00e8rica.<\/li>\n<li>M\u00e9s de 100 anys de garantia.<\/li>\n<li>Amb marcs d&#8217;alumini.<\/li>\n<\/ul>\n<p>&#8211; Certificat d&#8217;autenticitat incl\u00f2s<\/p>\n<p>&#8211; Impostos inclosos<\/p>\n<p>&#8211; Enviament a tot el m\u00f3n incl\u00f2s<\/p>\n<p><a href=\"http:\/\/jordiromo.com\/es\/information-and-options\/\" target=\"_blank\" rel=\"noopener noreferrer\">Saber M\u00e9s<\/a><\/p>\n","protected":false},"excerpt":{"rendered":"<p><strong>PARA\u00cdSO \u00cdRICO &#8211; TONGARIRO, NOVA ZELANDA<\/strong><\/p>\n<p>Parad\u00eds l\u00edric on acaben les paraules. Una llum que lluita contra el curs d&#8217;aquest riu transparent, sense voler tocar aquesta c\u00e0lida fragilitat, en un paisatge de t\u00e8nues resplendors.<\/p>\n","protected":false},"featured_media":29284,"comment_status":"open","ping_status":"closed","template":"","meta":[],"product_brand":[],"product_cat":[405,448,407,449,403,444,453,456],"product_tag":[409,576,413,578,577,500],"class_list":{"0":"post-29278","1":"product","2":"type-product","3":"status-publish","4":"has-post-thumbnail","6":"product_cat-aigua","7":"product_cat-bany","8":"product_cat-botiga-o-oficina","9":"product_cat-dormitori","10":"product_cat-edicio-limitada","11":"product_cat-paisatge","12":"product_cat-sala-destar","13":"product_cat-vestibul","14":"product_tag-aigua","15":"product_tag-arc-de-sant-marti","16":"product_tag-aventura","17":"product_tag-muntanya","18":"product_tag-nova-zelanda","19":"product_tag-paisatge","21":"first","22":"instock","23":"shipping-taxable","24":"purchasable","25":"product-type-variable"},"_links":{"self":[{"href":"https:\/\/jordiromo.com\/ca\/wp-json\/wp\/v2\/product\/29278","targetHints":{"allow":["GET"]}}],"collection":[{"href":"https:\/\/jordiromo.com\/ca\/wp-json\/wp\/v2\/product"}],"about":[{"href":"https:\/\/jordiromo.com\/ca\/wp-json\/wp\/v2\/types\/product"}],"replies":[{"embeddable":true,"href":"https:\/\/jordiromo.com\/ca\/wp-json\/wp\/v2\/comments?post=29278"}],"wp:featuredmedia":[{"embeddable":true,"href":"https:\/\/jordiromo.com\/ca\/wp-json\/wp\/v2\/media\/29284"}],"wp:attachment":[{"href":"https:\/\/jordiromo.com\/ca\/wp-json\/wp\/v2\/media?parent=29278"}],"wp:term":[{"taxonomy":"product_brand","embeddable":true,"href":"https:\/\/jordiromo.com\/ca\/wp-json\/wp\/v2\/product_brand?post=29278"},{"taxonomy":"product_cat","embeddable":true,"href":"https:\/\/jordiromo.com\/ca\/wp-json\/wp\/v2\/product_cat?post=29278"},{"taxonomy":"product_tag","embeddable":true,"href":"https:\/\/jordiromo.com\/ca\/wp-json\/wp\/v2\/product_tag?post=29278"}],"curies":[{"name":"wp","href":"https:\/\/api.w.org\/{rel}","templated":true}]}}