{"id":28079,"date":"2018-09-06T13:45:06","date_gmt":"2023-07-12T10:46:44","guid":{"rendered":"https:\/\/jordiromo.com\/product\/bicicleta-de-luz\/"},"modified":"2025-04-13T12:13:57","modified_gmt":"2025-04-13T12:13:57","slug":"bicicleta-de-luz","status":"publish","type":"product","link":"https:\/\/jordiromo.com\/ca\/producte\/bicicleta-de-luz\/","title":{"rendered":"Bicicleta de Luz"},"content":{"rendered":"<p><strong>Bicicleta de Luz, Espanya ( 2018 )<\/strong><\/p>\n<p><strong>Edicions limitades:<\/strong><\/p>\n<ul>\n<li>PANORAMICA CL\u00c0SICA: 500 c\u00f2pies &#8211; 20 x 35 cm \/ 8 x 14 polzades<\/li>\n<li>PANORAMICA MITJANA: 200 c\u00f2pies &#8211; 40 x 75 cm \/ 16 x 30 polzades<\/li>\n<li>PANORAMICA GEGANT: 100 c\u00f2pies &#8211; 70 x 115 cm \/ 28 x 45 polzades<\/li>\n<li>PANORAMICA DEL COL\u00b7LECTOR: 30 exemplars &#8211; 110 x 200 cm \/ 43 x 79 polzades<\/li>\n<\/ul>\n<p>-Impr\u00e8s en alumini Dibond Butlerfinish:<\/p>\n<ul>\n<li>Panell d&#8217;alumini compost de 3 mm de gruix<\/li>\n<li>La superf\u00edcie polida de l&#8217;alumini presenta reflexos en aquelles parts clares de la imatge<\/li>\n<li>Impressi\u00f3 UV directa de 6 tintes, amb alta resist\u00e8ncia a la corrosi\u00f3<\/li>\n<li>Marc d&#8217;alumini premium<\/li>\n<\/ul>\n<p>&#8211; Certificat d&#8217;autenticitat incl\u00f2s<\/p>\n<p>&#8211; Impostos inclosos<\/p>\n<p>&#8211; Enviament a tot el m\u00f3n incl\u00f2s<\/p>\n<p><a href=\"http:\/\/jordiromo.com\/es\/information-and-options\/\" target=\"_blank\" rel=\"noopener noreferrer\">Saber M\u00e9s<\/a><\/p>\n","protected":false},"excerpt":{"rendered":"<p><strong>BICICLETA DE LUZ &#8211; LA REDONDA, ESPANYA<\/strong><\/p>\n<p>Vas ser una bicicleta de llum, el meu vehicle dels somnis.<br \/>\nLa meva llibertat, la meva imaginaci\u00f3, la meva realitzaci\u00f3.<br \/>\nCom brillar a les habitacions fosques,<br \/>\nsi les estrelles ja no t&#8217;il\u00b7luminen,<br \/>\nSi els llums ja no et veneren&#8230;<\/p>\n","protected":false},"featured_media":29262,"comment_status":"open","ping_status":"closed","template":"","meta":[],"product_brand":[],"product_cat":[438,448,407,449,403,406,453,456],"product_tag":[414,561,560,552,562,551,500,532],"class_list":{"0":"post-28079","1":"product","2":"type-product","3":"status-publish","4":"has-post-thumbnail","6":"product_cat-abstracte","7":"product_cat-bany","8":"product_cat-botiga-o-oficina","9":"product_cat-dormitori","10":"product_cat-edicio-limitada","11":"product_cat-espais","12":"product_cat-sala-destar","13":"product_cat-vestibul","14":"product_tag-bicicleta","15":"product_tag-espanya","16":"product_tag-estrelles","17":"product_tag-fotografia-nocturna-ca","18":"product_tag-light-painting-ca","19":"product_tag-nit","20":"product_tag-paisatge","21":"product_tag-tenda","23":"first","24":"instock","25":"shipping-taxable","26":"purchasable","27":"product-type-variable"},"_links":{"self":[{"href":"https:\/\/jordiromo.com\/ca\/wp-json\/wp\/v2\/product\/28079","targetHints":{"allow":["GET"]}}],"collection":[{"href":"https:\/\/jordiromo.com\/ca\/wp-json\/wp\/v2\/product"}],"about":[{"href":"https:\/\/jordiromo.com\/ca\/wp-json\/wp\/v2\/types\/product"}],"replies":[{"embeddable":true,"href":"https:\/\/jordiromo.com\/ca\/wp-json\/wp\/v2\/comments?post=28079"}],"wp:featuredmedia":[{"embeddable":true,"href":"https:\/\/jordiromo.com\/ca\/wp-json\/wp\/v2\/media\/29262"}],"wp:attachment":[{"href":"https:\/\/jordiromo.com\/ca\/wp-json\/wp\/v2\/media?parent=28079"}],"wp:term":[{"taxonomy":"product_brand","embeddable":true,"href":"https:\/\/jordiromo.com\/ca\/wp-json\/wp\/v2\/product_brand?post=28079"},{"taxonomy":"product_cat","embeddable":true,"href":"https:\/\/jordiromo.com\/ca\/wp-json\/wp\/v2\/product_cat?post=28079"},{"taxonomy":"product_tag","embeddable":true,"href":"https:\/\/jordiromo.com\/ca\/wp-json\/wp\/v2\/product_tag?post=28079"}],"curies":[{"name":"wp","href":"https:\/\/api.w.org\/{rel}","templated":true}]}}