{"id":28055,"date":"2018-09-06T16:03:26","date_gmt":"2023-07-12T10:02:45","guid":{"rendered":"https:\/\/jordiromo.com\/product\/preppy\/"},"modified":"2023-07-29T07:29:29","modified_gmt":"2023-07-29T07:29:29","slug":"preppy","status":"publish","type":"product","link":"https:\/\/jordiromo.com\/ca\/producte\/preppy\/","title":{"rendered":"Preppy"},"content":{"rendered":"<p><strong>Preppy, Jap\u00f3 ( 2018 )<\/strong><\/p>\n<p><strong>Edicions limitades:<\/strong><\/p>\n<ul>\n<li>CL\u00c0SSIC: 500 c\u00f2pies &#8211; 30 x 20 cm \/ 12 x 8 polzades<\/li>\n<li>MITJ\u00c0: 200 exemplars &#8211; 60 x 40 cm \/ 31 x 24<\/li>\n<li>COL\u00b7LECTOR: 30 exemplars &#8211; 110 x 80 cm \/ 43 x 31 polzades<\/li>\n<\/ul>\n<p>-Impr\u00e8s en alumini Dibond Butlerfinish:<\/p>\n<ul>\n<li>Panell d&#8217;alumini compost de 3 mm de gruix<\/li>\n<li>La superf\u00edcie polida de l&#8217;alumini presenta reflexos en aquelles parts clares de la imatge<\/li>\n<li>Impressi\u00f3 UV directa de 6 tintes, amb alta resist\u00e8ncia a la corrosi\u00f3<\/li>\n<li>Marc d&#8217;alumini premium<\/li>\n<\/ul>\n<p>&#8211; Certificat d&#8217;autenticitat incl\u00f2s<\/p>\n<p>&#8211; Impostos inclosos<\/p>\n<p>&#8211; Enviament a tot el m\u00f3n incl\u00f2s<\/p>\n<p><a href=\"http:\/\/jordiromo.com\/es\/information-and-options\/\" target=\"_blank\" rel=\"noopener noreferrer\">Saber M\u00e9s<\/a><\/p>\n","protected":false},"excerpt":{"rendered":"<p><strong>PREPPY<\/strong><strong> &#8211; FUSHIMI INARI, JAPAN<\/strong><\/p>\n<p>Les llums t\u00e8nues que envolten el passat<br \/>\nfomenten aquest sentiment per dissimular,<br \/>\nper investigar el cl\u00e0ssic que mostra la modernitat.<br \/>\nQuina mentida est\u00fapida!<\/p>\n","protected":false},"featured_media":28049,"comment_status":"open","ping_status":"closed","template":"","meta":[],"product_brand":[],"product_cat":[440,452,449,403,406,446,453,456],"product_tag":[490,552,554,553,551,515],"class_list":{"0":"post-28055","1":"product","2":"type-product","3":"status-publish","4":"has-post-thumbnail","6":"product_cat-arquitectura-ca","7":"product_cat-cuina","8":"product_cat-dormitori","9":"product_cat-edicio-limitada","10":"product_cat-espais","11":"product_cat-retrats","12":"product_cat-sala-destar","13":"product_cat-vestibul","14":"product_tag-asia-ca","15":"product_tag-fotografia-nocturna-ca","16":"product_tag-geisha-ca","17":"product_tag-japo","18":"product_tag-nit","19":"product_tag-societat","21":"first","22":"instock","23":"shipping-taxable","24":"purchasable","25":"product-type-variable"},"_links":{"self":[{"href":"https:\/\/jordiromo.com\/ca\/wp-json\/wp\/v2\/product\/28055","targetHints":{"allow":["GET"]}}],"collection":[{"href":"https:\/\/jordiromo.com\/ca\/wp-json\/wp\/v2\/product"}],"about":[{"href":"https:\/\/jordiromo.com\/ca\/wp-json\/wp\/v2\/types\/product"}],"replies":[{"embeddable":true,"href":"https:\/\/jordiromo.com\/ca\/wp-json\/wp\/v2\/comments?post=28055"}],"wp:featuredmedia":[{"embeddable":true,"href":"https:\/\/jordiromo.com\/ca\/wp-json\/wp\/v2\/media\/28049"}],"wp:attachment":[{"href":"https:\/\/jordiromo.com\/ca\/wp-json\/wp\/v2\/media?parent=28055"}],"wp:term":[{"taxonomy":"product_brand","embeddable":true,"href":"https:\/\/jordiromo.com\/ca\/wp-json\/wp\/v2\/product_brand?post=28055"},{"taxonomy":"product_cat","embeddable":true,"href":"https:\/\/jordiromo.com\/ca\/wp-json\/wp\/v2\/product_cat?post=28055"},{"taxonomy":"product_tag","embeddable":true,"href":"https:\/\/jordiromo.com\/ca\/wp-json\/wp\/v2\/product_tag?post=28055"}],"curies":[{"name":"wp","href":"https:\/\/api.w.org\/{rel}","templated":true}]}}