{"id":28032,"date":"2018-09-06T16:14:07","date_gmt":"2023-07-12T09:46:29","guid":{"rendered":"https:\/\/jordiromo.com\/product\/quebradero-de-pisada\/"},"modified":"2023-07-29T07:26:58","modified_gmt":"2023-07-29T07:26:58","slug":"quebradero-de-pisada","status":"publish","type":"product","link":"https:\/\/jordiromo.com\/ca\/producte\/quebradero-de-pisada\/","title":{"rendered":"Quebradero de Pisada"},"content":{"rendered":"<p><strong>Quebradero de Pisada, Malasia ( 2018 )<\/strong><\/p>\n<p><strong>Edicions limitades:<\/strong><\/p>\n<ul>\n<li>CL\u00c0SSIC: 500 c\u00f2pies &#8211; 30 x 20 cm \/ 12 x 8 polzades<\/li>\n<li>MITJ\u00c0: 200 exemplars &#8211; 60 x 40 cm \/ 31 x 24<\/li>\n<li>COL\u00b7LECTOR: 30 exemplars &#8211; 110 x 80 cm \/ 43 x 31 polzades<\/li>\n<\/ul>\n<p>-Impr\u00e8s en alumini Dibond:<\/p>\n<ul>\n<li>Panell d&#8217;alumini compost de 3 mm de gruix (mat).<\/li>\n<li>Impressi\u00f3 directa de 6 tintes, tintes clares o inclusions lleugeres.<\/li>\n<li>Resist\u00e8ncia superior, resist\u00e8ncia a la flexi\u00f3 i a la corrosi\u00f3 atmosf\u00e8rica.<\/li>\n<li>M\u00e9s de 100 anys de garantia.<\/li>\n<li>Amb marcs d&#8217;alumini.<\/li>\n<\/ul>\n<p>&#8211; Certificat d&#8217;autenticitat incl\u00f2s<\/p>\n<p>&#8211; Impostos inclosos<\/p>\n<p>&#8211; Enviament a tot el m\u00f3n incl\u00f2s<\/p>\n<p><a href=\"http:\/\/jordiromo.com\/es\/information-and-options\/\" target=\"_blank\" rel=\"noopener noreferrer\">Saber M\u00e9s<\/a><\/p>\n","protected":false},"excerpt":{"rendered":"<p><strong>QUEBRADERO DE PISADA<\/strong><strong> &#8211; LANGKAWI ISLAND, MALAYSIA<\/strong><\/p>\n<p>Un pas que surt de la foscor<br \/>\nobrint nous camins de llum,<br \/>\ndeixant enrere l&#8217;enigma,<br \/>\nEs prepara per investigar les arrels de l&#8217;exist\u00e8ncia.<\/p>\n","protected":false},"featured_media":27154,"comment_status":"open","ping_status":"closed","template":"","meta":[],"product_brand":[],"product_cat":[438,405,448,407,452,449,403,453,456],"product_tag":[507,490,546,545,412],"class_list":{"0":"post-28032","1":"product","2":"type-product","3":"status-publish","4":"has-post-thumbnail","6":"product_cat-abstracte","7":"product_cat-aigua","8":"product_cat-bany","9":"product_cat-botiga-o-oficina","10":"product_cat-cuina","11":"product_cat-dormitori","12":"product_cat-edicio-limitada","13":"product_cat-sala-destar","14":"product_cat-vestibul","15":"product_tag-abstracte","16":"product_tag-asia-ca","17":"product_tag-illa-langkawi","18":"product_tag-malaisia","19":"product_tag-platja","21":"first","22":"instock","23":"shipping-taxable","24":"purchasable","25":"product-type-variable"},"_links":{"self":[{"href":"https:\/\/jordiromo.com\/ca\/wp-json\/wp\/v2\/product\/28032","targetHints":{"allow":["GET"]}}],"collection":[{"href":"https:\/\/jordiromo.com\/ca\/wp-json\/wp\/v2\/product"}],"about":[{"href":"https:\/\/jordiromo.com\/ca\/wp-json\/wp\/v2\/types\/product"}],"replies":[{"embeddable":true,"href":"https:\/\/jordiromo.com\/ca\/wp-json\/wp\/v2\/comments?post=28032"}],"wp:featuredmedia":[{"embeddable":true,"href":"https:\/\/jordiromo.com\/ca\/wp-json\/wp\/v2\/media\/27154"}],"wp:attachment":[{"href":"https:\/\/jordiromo.com\/ca\/wp-json\/wp\/v2\/media?parent=28032"}],"wp:term":[{"taxonomy":"product_brand","embeddable":true,"href":"https:\/\/jordiromo.com\/ca\/wp-json\/wp\/v2\/product_brand?post=28032"},{"taxonomy":"product_cat","embeddable":true,"href":"https:\/\/jordiromo.com\/ca\/wp-json\/wp\/v2\/product_cat?post=28032"},{"taxonomy":"product_tag","embeddable":true,"href":"https:\/\/jordiromo.com\/ca\/wp-json\/wp\/v2\/product_tag?post=28032"}],"curies":[{"name":"wp","href":"https:\/\/api.w.org\/{rel}","templated":true}]}}