{"id":28014,"date":"2018-09-06T16:21:09","date_gmt":"2023-07-12T09:23:45","guid":{"rendered":"https:\/\/jordiromo.com\/product\/vision-luminica\/"},"modified":"2023-07-29T07:24:51","modified_gmt":"2023-07-29T07:24:51","slug":"vision-luminica","status":"publish","type":"product","link":"https:\/\/jordiromo.com\/ca\/producte\/vision-luminica\/","title":{"rendered":"Visi\u00f3n Lum\u00ednica"},"content":{"rendered":"<p><strong>Visi\u00f3n Lum\u00ednica, USA ( 2018 )<\/strong><\/p>\n<p><strong>Edicions limitades:<\/strong><\/p>\n<ul>\n<li>CL\u00c0SSIC: 500 c\u00f2pies &#8211; 20 x 30 cm \/ 8 x 12 polzades<\/li>\n<li>MITJ\u00c0: 200 c\u00f2pies &#8211; 60 x 90 cm \/ 24 x 35 polzades<\/li>\n<li>GEGANT: 100 c\u00f2pies &#8211; 80 x 120 cm \/ 31 x 47 polzades<\/li>\n<li>COL\u00b7LECTOR: 20 exemplars- 110 x 160 cm \/ 43 x 63 polzades<\/li>\n<\/ul>\n<p>-Impr\u00e8s en alumini Dibond:<\/p>\n<ul>\n<li>Panell d&#8217;alumini compost de 3 mm de gruix (mat).<\/li>\n<li>Impressi\u00f3 directa de 6 tintes, tintes clares o inclusions lleugeres.<\/li>\n<li>Resist\u00e8ncia superior, resist\u00e8ncia a la flexi\u00f3 i a la corrosi\u00f3 atmosf\u00e8rica.<\/li>\n<li>M\u00e9s de 100 anys de garantia.<\/li>\n<li>Amb marcs d&#8217;alumini.<\/li>\n<\/ul>\n<p>&#8211; Certificat d&#8217;autenticitat incl\u00f2s<\/p>\n<p>&#8211; Impostos inclosos<\/p>\n<p>&#8211; Enviament a tot el m\u00f3n incl\u00f2s<\/p>\n<p><a href=\"http:\/\/jordiromo.com\/es\/information-and-options\/\" target=\"_blank\" rel=\"noopener noreferrer\">Saber M\u00e9s<\/a><\/p>\n","protected":false},"excerpt":{"rendered":"<p><strong>VISI\u00d3N LUM\u00cdNICA &#8211; NOVA YORK, USA<\/strong><\/p>\n<p>Deixo caure la meva mirada sobre la llumin\u00e0ria harmoniosa,<br \/>\nraigs de llum es filtren pels n\u00favols<br \/>\nelevant un futur pelegr\u00ed amb la seva frag\u00e0ncia,<br \/>\ndeixant enrere una visi\u00f3 que em va atrapar.<br \/>\nPer\u00f2 ara se&#8217;n va.<\/p>\n","protected":false},"featured_media":28007,"comment_status":"open","ping_status":"closed","template":"","meta":[],"product_brand":[],"product_cat":[405,440,448,407,442,449,403,406,444,453,456],"product_tag":[409,540,537,491,410,539,408,538],"class_list":{"0":"post-28014","1":"product","2":"type-product","3":"status-publish","4":"has-post-thumbnail","6":"product_cat-aigua","7":"product_cat-arquitectura-ca","8":"product_cat-bany","9":"product_cat-botiga-o-oficina","10":"product_cat-ciutats","11":"product_cat-dormitori","12":"product_cat-edicio-limitada","13":"product_cat-espais","14":"product_cat-paisatge","15":"product_cat-sala-destar","16":"product_cat-vestibul","17":"product_tag-aigua","18":"product_tag-america-del-nord","19":"product_tag-arquitectura-ca","20":"product_tag-llum","21":"product_tag-mar","22":"product_tag-nova-york","23":"product_tag-posta-de-sol","24":"product_tag-usa-ca","26":"first","27":"instock","28":"shipping-taxable","29":"purchasable","30":"product-type-variable"},"_links":{"self":[{"href":"https:\/\/jordiromo.com\/ca\/wp-json\/wp\/v2\/product\/28014","targetHints":{"allow":["GET"]}}],"collection":[{"href":"https:\/\/jordiromo.com\/ca\/wp-json\/wp\/v2\/product"}],"about":[{"href":"https:\/\/jordiromo.com\/ca\/wp-json\/wp\/v2\/types\/product"}],"replies":[{"embeddable":true,"href":"https:\/\/jordiromo.com\/ca\/wp-json\/wp\/v2\/comments?post=28014"}],"wp:featuredmedia":[{"embeddable":true,"href":"https:\/\/jordiromo.com\/ca\/wp-json\/wp\/v2\/media\/28007"}],"wp:attachment":[{"href":"https:\/\/jordiromo.com\/ca\/wp-json\/wp\/v2\/media?parent=28014"}],"wp:term":[{"taxonomy":"product_brand","embeddable":true,"href":"https:\/\/jordiromo.com\/ca\/wp-json\/wp\/v2\/product_brand?post=28014"},{"taxonomy":"product_cat","embeddable":true,"href":"https:\/\/jordiromo.com\/ca\/wp-json\/wp\/v2\/product_cat?post=28014"},{"taxonomy":"product_tag","embeddable":true,"href":"https:\/\/jordiromo.com\/ca\/wp-json\/wp\/v2\/product_tag?post=28014"}],"curies":[{"name":"wp","href":"https:\/\/api.w.org\/{rel}","templated":true}]}}