{"id":27990,"date":"2018-09-06T16:39:02","date_gmt":"2023-07-12T09:03:33","guid":{"rendered":"https:\/\/jordiromo.com\/product\/triangulando-el-infinito\/"},"modified":"2023-07-29T07:23:21","modified_gmt":"2023-07-29T07:23:21","slug":"triangulando-el-infinito","status":"publish","type":"product","link":"https:\/\/jordiromo.com\/ca\/producte\/triangulando-el-infinito\/","title":{"rendered":"Triangulando el Infinito"},"content":{"rendered":"<p><strong>Triangulando el Infinito, Bolivia ( 2018 )<\/strong><\/p>\n<p><strong>Edicions limitades:<\/strong><\/p>\n<ul>\n<li>CL\u00c0SSIC: 500 c\u00f2pies &#8211; 20 x 30 cm \/ 8 x 12 polzades<\/li>\n<li>MITJ\u00c0: 200 c\u00f2pies- 30 x 45 cm \/ 12 x 18 polzades<\/li>\n<li>GEGANT: 100 c\u00f2pies &#8211; 60 x 90 cm \/ 24 x 35 polzades<\/li>\n<\/ul>\n<p>-Impr\u00e8s en alumini Dibond Butlerfinish:<\/p>\n<ul>\n<li>Panell d&#8217;alumini compost de 3 mm de gruix<\/li>\n<li>La superf\u00edcie polida de l&#8217;alumini presenta reflexos en aquelles parts clares de la imatge<\/li>\n<li>Impressi\u00f3 UV directa de 6 tintes, amb alta resist\u00e8ncia a la corrosi\u00f3<\/li>\n<li>Marc d&#8217;alumini premium<\/li>\n<\/ul>\n<p>&#8211; Certificat d&#8217;autenticitat incl\u00f2s<\/p>\n<p>&#8211; Impostos inclosos<\/p>\n<p>&#8211; Enviament a tot el m\u00f3n incl\u00f2s<\/p>\n<p><a href=\"http:\/\/jordiromo.com\/es\/information-and-options\/\" target=\"_blank\" rel=\"noopener noreferrer\">Saber M\u00e9s<\/a><\/p>\n","protected":false},"excerpt":{"rendered":"<p><strong>TRIANGULANDO EL INFINITO &#8211; EL SALAR DE UYUNI, BOLIVIA<\/strong><\/p>\n<p>He fet l&#8217;impossible per fer-me fort.<br \/>\nEm vaig instal\u00b7lar buscant en el buit de l&#8217;infinit sense sort,<br \/>\nfins que triangulant el meu \u00e9sser vaig comen\u00e7ar a creure-te.<br \/>\nNom\u00e9s depenia de dir ad\u00e9u a la mort.<\/p>\n","protected":false},"featured_media":27984,"comment_status":"open","ping_status":"closed","template":"","meta":[],"product_brand":[],"product_cat":[448,407,452,449,403,406,444,453,456],"product_tag":[413,414,530,489,509,532,531],"class_list":{"0":"post-27990","1":"product","2":"type-product","3":"status-publish","4":"has-post-thumbnail","6":"product_cat-bany","7":"product_cat-botiga-o-oficina","8":"product_cat-cuina","9":"product_cat-dormitori","10":"product_cat-edicio-limitada","11":"product_cat-espais","12":"product_cat-paisatge","13":"product_cat-sala-destar","14":"product_cat-vestibul","15":"product_tag-aventura","16":"product_tag-bicicleta","17":"product_tag-bolivia-ca","18":"product_tag-sortida-del-sol","19":"product_tag-sud-america","20":"product_tag-tenda","21":"product_tag-uyuni-ca","23":"first","24":"instock","25":"shipping-taxable","26":"purchasable","27":"product-type-variable"},"_links":{"self":[{"href":"https:\/\/jordiromo.com\/ca\/wp-json\/wp\/v2\/product\/27990","targetHints":{"allow":["GET"]}}],"collection":[{"href":"https:\/\/jordiromo.com\/ca\/wp-json\/wp\/v2\/product"}],"about":[{"href":"https:\/\/jordiromo.com\/ca\/wp-json\/wp\/v2\/types\/product"}],"replies":[{"embeddable":true,"href":"https:\/\/jordiromo.com\/ca\/wp-json\/wp\/v2\/comments?post=27990"}],"wp:featuredmedia":[{"embeddable":true,"href":"https:\/\/jordiromo.com\/ca\/wp-json\/wp\/v2\/media\/27984"}],"wp:attachment":[{"href":"https:\/\/jordiromo.com\/ca\/wp-json\/wp\/v2\/media?parent=27990"}],"wp:term":[{"taxonomy":"product_brand","embeddable":true,"href":"https:\/\/jordiromo.com\/ca\/wp-json\/wp\/v2\/product_brand?post=27990"},{"taxonomy":"product_cat","embeddable":true,"href":"https:\/\/jordiromo.com\/ca\/wp-json\/wp\/v2\/product_cat?post=27990"},{"taxonomy":"product_tag","embeddable":true,"href":"https:\/\/jordiromo.com\/ca\/wp-json\/wp\/v2\/product_tag?post=27990"}],"curies":[{"name":"wp","href":"https:\/\/api.w.org\/{rel}","templated":true}]}}