{"id":27966,"date":"2018-09-06T16:50:58","date_gmt":"2023-07-11T16:08:05","guid":{"rendered":"https:\/\/jordiromo.com\/product\/salto-al-infinito\/"},"modified":"2023-07-29T07:20:50","modified_gmt":"2023-07-29T07:20:50","slug":"salto-al-infinito","status":"publish","type":"product","link":"https:\/\/jordiromo.com\/ca\/producte\/salto-al-infinito\/","title":{"rendered":"Salto al Infinito"},"content":{"rendered":"<p><strong>Salto al Infinito, Guatemala ( 2018 )<\/strong><\/p>\n<p><strong>Edicions limitades:<\/strong><\/p>\n<ul>\n<li>CL\u00c0SSIC: 500 c\u00f2pies &#8211; 20 x 31 cm \/ 8 x 12 polzades<\/li>\n<li>MITJ\u00c0: 200 c\u00f2pies &#8211; 30 x 46 cm \/ 12 x 18 polzades<\/li>\n<li>GEGANT: 100 c\u00f2pies &#8211; 50 x 75 cm \/ 20 x 30 polzades<\/li>\n<li>COL\u00b7LECTOR PAN\u00d2RMICA: 20 exemplars &#8211; 90 x 160 cm \/ 35 x 63 polzades<\/li>\n<\/ul>\n<p>-Impr\u00e8s en alumini Dibond Butlerfinish:<\/p>\n<ul>\n<li>Panell d&#8217;alumini compost de 3 mm de gruix<\/li>\n<li>La superf\u00edcie polida de l&#8217;alumini presenta reflexos en aquelles parts clares de la imatge<\/li>\n<li>Impressi\u00f3 UV directa de 6 tintes, amb alta resist\u00e8ncia a la corrosi\u00f3<\/li>\n<li>Marc d&#8217;alumini premium<\/li>\n<\/ul>\n<p>&#8211; Certificat d&#8217;autenticitat incl\u00f2s<\/p>\n<p>&#8211; Impostos inclosos<\/p>\n<p>&#8211; Enviament a tot el m\u00f3n incl\u00f2s<\/p>\n<p><a href=\"http:\/\/jordiromo.com\/es\/information-and-options\/\" target=\"_blank\" rel=\"noopener noreferrer\">Saber M\u00e9s<\/a><\/p>\n","protected":false},"excerpt":{"rendered":"<p><strong>SALTO AL INFINITO &#8211; LAC ATITLAN, GUATEMALA<\/strong><\/p>\n<p>Salta amb totes les teves forces cap al sol<br \/>\n\u00e9s in\u00fatil resistir-se,<br \/>\no fins i tot su\u00efcidar-se,<br \/>\n\u00e9s un tr\u00e0ngol d&#8217;infinit per ser llan\u00e7at.<\/p>\n","protected":false},"featured_media":27205,"comment_status":"open","ping_status":"closed","template":"","meta":[],"product_brand":[],"product_cat":[438,405,448,407,449,403,444,453,456],"product_tag":[409,413,415,525,526,408],"class_list":{"0":"post-27966","1":"product","2":"type-product","3":"status-publish","4":"has-post-thumbnail","6":"product_cat-abstracte","7":"product_cat-aigua","8":"product_cat-bany","9":"product_cat-botiga-o-oficina","10":"product_cat-dormitori","11":"product_cat-edicio-limitada","12":"product_cat-paisatge","13":"product_cat-sala-destar","14":"product_cat-vestibul","15":"product_tag-aigua","16":"product_tag-aventura","17":"product_tag-centreamerica","18":"product_tag-guatemala-ca","19":"product_tag-lago-atitlan-ca","20":"product_tag-posta-de-sol","22":"first","23":"instock","24":"shipping-taxable","25":"purchasable","26":"product-type-variable"},"_links":{"self":[{"href":"https:\/\/jordiromo.com\/ca\/wp-json\/wp\/v2\/product\/27966","targetHints":{"allow":["GET"]}}],"collection":[{"href":"https:\/\/jordiromo.com\/ca\/wp-json\/wp\/v2\/product"}],"about":[{"href":"https:\/\/jordiromo.com\/ca\/wp-json\/wp\/v2\/types\/product"}],"replies":[{"embeddable":true,"href":"https:\/\/jordiromo.com\/ca\/wp-json\/wp\/v2\/comments?post=27966"}],"wp:featuredmedia":[{"embeddable":true,"href":"https:\/\/jordiromo.com\/ca\/wp-json\/wp\/v2\/media\/27205"}],"wp:attachment":[{"href":"https:\/\/jordiromo.com\/ca\/wp-json\/wp\/v2\/media?parent=27966"}],"wp:term":[{"taxonomy":"product_brand","embeddable":true,"href":"https:\/\/jordiromo.com\/ca\/wp-json\/wp\/v2\/product_brand?post=27966"},{"taxonomy":"product_cat","embeddable":true,"href":"https:\/\/jordiromo.com\/ca\/wp-json\/wp\/v2\/product_cat?post=27966"},{"taxonomy":"product_tag","embeddable":true,"href":"https:\/\/jordiromo.com\/ca\/wp-json\/wp\/v2\/product_tag?post=27966"}],"curies":[{"name":"wp","href":"https:\/\/api.w.org\/{rel}","templated":true}]}}