{"id":27942,"date":"2018-09-06T17:35:39","date_gmt":"2023-07-08T17:41:44","guid":{"rendered":"https:\/\/jordiromo.com\/product\/veneracion\/"},"modified":"2023-07-29T07:19:13","modified_gmt":"2023-07-29T07:19:13","slug":"veneracion","status":"publish","type":"product","link":"https:\/\/jordiromo.com\/ca\/producte\/veneracion\/","title":{"rendered":"Veneraci\u00f3n"},"content":{"rendered":"<p><strong>Veneraci\u00f3n, China ( 2018 )<\/strong><\/p>\n<p><strong>Edicions limitades:<\/strong><\/p>\n<ul>\n<li>CL\u00c0SSIC: 500 c\u00f2pies &#8211; 20 x 30 cm \/ 8 x 12 polzades<\/li>\n<li>MITJ\u00c0: 100 c\u00f2pies &#8211; 30 x 40 cm \/ 12 x 16 polzades<\/li>\n<li>COL\u00b7LECTOR: 20 exemplars &#8211; 50 x 70 cm \/ 20 x 28 polzades<\/li>\n<\/ul>\n<p>-Impr\u00e8s en alumini Dibond:<\/p>\n<ul>\n<li>Panell d&#8217;alumini compost de 3 mm de gruix (mat).<\/li>\n<li>Impressi\u00f3 directa de 6 tintes, tintes clares o inclusions lleugeres.<\/li>\n<li>Resist\u00e8ncia superior, resist\u00e8ncia a la flexi\u00f3 i a la corrosi\u00f3 atmosf\u00e8rica.<\/li>\n<li>M\u00e9s de 100 anys de garantia.<\/li>\n<li>Amb marcs d&#8217;alumini.<\/li>\n<\/ul>\n<p>&#8211; Certificat d&#8217;autenticitat incl\u00f2s<\/p>\n<p>&#8211; Impostos inclosos<\/p>\n<p>&#8211; Enviament a tot el m\u00f3n incl\u00f2s<\/p>\n<p><a href=\"http:\/\/jordiromo.com\/es\/information-and-options\/\" target=\"_blank\" rel=\"noopener noreferrer\">Saber M\u00e9s<\/a><\/p>\n","protected":false},"excerpt":{"rendered":"<p><strong>VENERACI\u00d3N &#8211; BEIJING, CHINA<\/strong><\/p>\n<p>Moment daurat que els fot\u00f2grafs seran venerats<br \/>\nretratant un instant que no es generar\u00e0 mai m\u00e9s,<br \/>\npensar en la imatge com una cosa imperible<br \/>\nI l&#8217;horitz\u00f3 travessa la vida amb l&#8217;angoixa de la mem\u00f2ria.<\/p>\n","protected":false},"featured_media":27936,"comment_status":"open","ping_status":"closed","template":"","meta":[],"product_brand":[],"product_cat":[405,448,407,452,449,403,406,444,453,456],"product_tag":[409,490,521,520,500,408,522],"class_list":{"0":"post-27942","1":"product","2":"type-product","3":"status-publish","4":"has-post-thumbnail","6":"product_cat-aigua","7":"product_cat-bany","8":"product_cat-botiga-o-oficina","9":"product_cat-cuina","10":"product_cat-dormitori","11":"product_cat-edicio-limitada","12":"product_cat-espais","13":"product_cat-paisatge","14":"product_cat-sala-destar","15":"product_cat-vestibul","16":"product_tag-aigua","17":"product_tag-asia-ca","18":"product_tag-beijing-ca","19":"product_tag-china-ca","20":"product_tag-paisatge","21":"product_tag-posta-de-sol","22":"product_tag-reflexio","24":"first","25":"instock","26":"shipping-taxable","27":"purchasable","28":"product-type-variable"},"_links":{"self":[{"href":"https:\/\/jordiromo.com\/ca\/wp-json\/wp\/v2\/product\/27942","targetHints":{"allow":["GET"]}}],"collection":[{"href":"https:\/\/jordiromo.com\/ca\/wp-json\/wp\/v2\/product"}],"about":[{"href":"https:\/\/jordiromo.com\/ca\/wp-json\/wp\/v2\/types\/product"}],"replies":[{"embeddable":true,"href":"https:\/\/jordiromo.com\/ca\/wp-json\/wp\/v2\/comments?post=27942"}],"wp:featuredmedia":[{"embeddable":true,"href":"https:\/\/jordiromo.com\/ca\/wp-json\/wp\/v2\/media\/27936"}],"wp:attachment":[{"href":"https:\/\/jordiromo.com\/ca\/wp-json\/wp\/v2\/media?parent=27942"}],"wp:term":[{"taxonomy":"product_brand","embeddable":true,"href":"https:\/\/jordiromo.com\/ca\/wp-json\/wp\/v2\/product_brand?post=27942"},{"taxonomy":"product_cat","embeddable":true,"href":"https:\/\/jordiromo.com\/ca\/wp-json\/wp\/v2\/product_cat?post=27942"},{"taxonomy":"product_tag","embeddable":true,"href":"https:\/\/jordiromo.com\/ca\/wp-json\/wp\/v2\/product_tag?post=27942"}],"curies":[{"name":"wp","href":"https:\/\/api.w.org\/{rel}","templated":true}]}}