{"id":27921,"date":"2018-09-06T17:38:40","date_gmt":"2023-07-08T17:27:36","guid":{"rendered":"https:\/\/jordiromo.com\/product\/golpes-de-estelas\/"},"modified":"2023-07-28T09:39:31","modified_gmt":"2023-07-28T09:39:31","slug":"golpes-de-estelas","status":"publish","type":"product","link":"https:\/\/jordiromo.com\/ca\/producte\/golpes-de-estelas\/","title":{"rendered":"Golpes de Estelas"},"content":{"rendered":"<p><strong>Golpes de Estelas, Nicaragua ( 2018 )<\/strong><\/p>\n<p><strong>Edicions limitades:<\/strong><\/p>\n<ul>\n<li>CL\u00c0SSIC: 500 c\u00f2pies &#8211; 20 x 30 cm \/ 8 x 12 polzades<\/li>\n<li>MITJ\u00c0: 200 c\u00f2pies- 30 x 45 cm \/ 12 x 18 polzades<\/li>\n<li>GEGANT: 100 c\u00f2pies &#8211; 58 x 80 cm \/ 23 x 31 polzades<\/li>\n<li>COL\u00b7LECTOR: 30 exemplars &#8211; 80 x 120 cm \/ 31 x 47<\/li>\n<\/ul>\n<p>-Impr\u00e8s en alumini Dibond Butlerfinish:<\/p>\n<ul>\n<li>Panell d&#8217;alumini compost de 3 mm de gruix<\/li>\n<li>La superf\u00edcie polida de l&#8217;alumini presenta reflexos en aquelles parts clares de la imatge<\/li>\n<li>Impressi\u00f3 UV directa de 6 tintes, amb alta resist\u00e8ncia a la corrosi\u00f3<\/li>\n<li>Marc d&#8217;alumini premium<\/li>\n<\/ul>\n<p>&#8211; Certificat d&#8217;autenticitat incl\u00f2s<\/p>\n<p>&#8211; Impostos inclosos<\/p>\n<p>&#8211; Enviament a tot el m\u00f3n incl\u00f2s<\/p>\n<p><a href=\"http:\/\/jordiromo.com\/es\/information-and-options\/\" target=\"_blank\" rel=\"noopener noreferrer\">Saber M\u00e9s<\/a><\/p>\n","protected":false},"excerpt":{"rendered":"<p><strong>GOLPES DE ESTELAS &#8211; PLAYA SAN JOS\u00c9, NICARAGUA<\/strong><\/p>\n<p>Les \u00faltimes onades ja s&#8217;han trencat,<br \/>\nNo hem creat prou senders en els nostres malsons.<br \/>\nEufonies per matar amb cops de capvespre.<br \/>\nLa marea baixa mata el nostre plaer.<\/p>\n","protected":false},"featured_media":27914,"comment_status":"open","ping_status":"closed","template":"","meta":[],"product_brand":[],"product_cat":[405,448,407,449,403,406,444,446,453,456],"product_tag":[409,415,491,410,514,412,408,515,516],"class_list":{"0":"post-27921","1":"product","2":"type-product","3":"status-publish","4":"has-post-thumbnail","6":"product_cat-aigua","7":"product_cat-bany","8":"product_cat-botiga-o-oficina","9":"product_cat-dormitori","10":"product_cat-edicio-limitada","11":"product_cat-espais","12":"product_cat-paisatge","13":"product_cat-retrats","14":"product_cat-sala-destar","15":"product_cat-vestibul","16":"product_tag-aigua","17":"product_tag-centreamerica","18":"product_tag-llum","19":"product_tag-mar","20":"product_tag-nicaragua-ca","21":"product_tag-platja","22":"product_tag-posta-de-sol","23":"product_tag-societat","24":"product_tag-surf-ca","26":"first","27":"instock","28":"shipping-taxable","29":"purchasable","30":"product-type-variable"},"_links":{"self":[{"href":"https:\/\/jordiromo.com\/ca\/wp-json\/wp\/v2\/product\/27921","targetHints":{"allow":["GET"]}}],"collection":[{"href":"https:\/\/jordiromo.com\/ca\/wp-json\/wp\/v2\/product"}],"about":[{"href":"https:\/\/jordiromo.com\/ca\/wp-json\/wp\/v2\/types\/product"}],"replies":[{"embeddable":true,"href":"https:\/\/jordiromo.com\/ca\/wp-json\/wp\/v2\/comments?post=27921"}],"wp:featuredmedia":[{"embeddable":true,"href":"https:\/\/jordiromo.com\/ca\/wp-json\/wp\/v2\/media\/27914"}],"wp:attachment":[{"href":"https:\/\/jordiromo.com\/ca\/wp-json\/wp\/v2\/media?parent=27921"}],"wp:term":[{"taxonomy":"product_brand","embeddable":true,"href":"https:\/\/jordiromo.com\/ca\/wp-json\/wp\/v2\/product_brand?post=27921"},{"taxonomy":"product_cat","embeddable":true,"href":"https:\/\/jordiromo.com\/ca\/wp-json\/wp\/v2\/product_cat?post=27921"},{"taxonomy":"product_tag","embeddable":true,"href":"https:\/\/jordiromo.com\/ca\/wp-json\/wp\/v2\/product_tag?post=27921"}],"curies":[{"name":"wp","href":"https:\/\/api.w.org\/{rel}","templated":true}]}}