{"id":27893,"date":"2018-09-06T17:52:05","date_gmt":"2023-07-08T16:45:39","guid":{"rendered":"https:\/\/jordiromo.com\/product\/blue-no-moon\/"},"modified":"2023-07-28T09:37:40","modified_gmt":"2023-07-28T09:37:40","slug":"blue-no-moon","status":"publish","type":"product","link":"https:\/\/jordiromo.com\/ca\/producte\/blue-no-moon\/","title":{"rendered":"Blue No Moon"},"content":{"rendered":"<p><strong>Blue No Moon, Colombia ( 2018 )<\/strong><\/p>\n<p><strong>Edicions limitades:<\/strong><\/p>\n<ul>\n<li>CL\u00c0SSIC: 300 exemplars &#8211; 20 x 20 cm \/ 8 x 8 polzades<\/li>\n<li>MITJ\u00c0: 100 c\u00f2pies &#8211; 40 x 40 cm \/ 20 x 20 polzades<\/li>\n<li>GEGANT: 50 c\u00f2pies &#8211; 75 x 75 cm \/ 30 x 30 polzades<\/li>\n<li>COL\u00b7LECTOR: 10 c\u00f2pies &#8211; 100 x 100 cm \/ 39 x 39 polzades<\/li>\n<\/ul>\n<p>-Impr\u00e8s en alumini Dibond:<\/p>\n<ul>\n<li>Panell d&#8217;alumini compost de 3 mm de gruix (mat).<\/li>\n<li>Impressi\u00f3 directa de 6 tintes, tintes clares o inclusions lleugeres.<\/li>\n<li>Resist\u00e8ncia superior, resist\u00e8ncia a la flexi\u00f3 i a la corrosi\u00f3 atmosf\u00e8rica.<\/li>\n<li>M\u00e9s de 100 anys de garantia.<\/li>\n<li>Amb marcs d&#8217;alumini.<\/li>\n<\/ul>\n<p>&#8211; Certificat d&#8217;autenticitat incl\u00f2s<\/p>\n<p>&#8211; Impostos inclosos<\/p>\n<p>&#8211; Enviament a tot el m\u00f3n incl\u00f2s<\/p>\n<p><a href=\"http:\/\/jordiromo.com\/es\/information-and-options\/\" target=\"_blank\" rel=\"noopener noreferrer\">Saber M\u00e9s<\/a><\/p>\n","protected":false},"excerpt":{"rendered":"<p><strong>BLUE NO MOON &#8211; CATEDRAL DE SAL, COLOMBIA<\/strong><\/p>\n<p>No \u00e9s blanc, ni \u00e9s una lluna,<br \/>\nbaixant a terra sense udolar,<br \/>\nfantasia amb fuites,<br \/>\nsorgint com un cercle entre \u00e0nimes oposades.<\/p>\n","protected":false},"featured_media":29559,"comment_status":"open","ping_status":"closed","template":"","meta":[],"product_brand":[],"product_cat":[438,448,407,403,406,456],"product_tag":[507,508,510,509],"class_list":{"0":"post-27893","1":"product","2":"type-product","3":"status-publish","4":"has-post-thumbnail","6":"product_cat-abstracte","7":"product_cat-bany","8":"product_cat-botiga-o-oficina","9":"product_cat-edicio-limitada","10":"product_cat-espais","11":"product_cat-vestibul","12":"product_tag-abstracte","13":"product_tag-colombia-ca","14":"product_tag-lluna","15":"product_tag-sud-america","17":"first","18":"instock","19":"shipping-taxable","20":"purchasable","21":"product-type-variable"},"_links":{"self":[{"href":"https:\/\/jordiromo.com\/ca\/wp-json\/wp\/v2\/product\/27893","targetHints":{"allow":["GET"]}}],"collection":[{"href":"https:\/\/jordiromo.com\/ca\/wp-json\/wp\/v2\/product"}],"about":[{"href":"https:\/\/jordiromo.com\/ca\/wp-json\/wp\/v2\/types\/product"}],"replies":[{"embeddable":true,"href":"https:\/\/jordiromo.com\/ca\/wp-json\/wp\/v2\/comments?post=27893"}],"wp:featuredmedia":[{"embeddable":true,"href":"https:\/\/jordiromo.com\/ca\/wp-json\/wp\/v2\/media\/29559"}],"wp:attachment":[{"href":"https:\/\/jordiromo.com\/ca\/wp-json\/wp\/v2\/media?parent=27893"}],"wp:term":[{"taxonomy":"product_brand","embeddable":true,"href":"https:\/\/jordiromo.com\/ca\/wp-json\/wp\/v2\/product_brand?post=27893"},{"taxonomy":"product_cat","embeddable":true,"href":"https:\/\/jordiromo.com\/ca\/wp-json\/wp\/v2\/product_cat?post=27893"},{"taxonomy":"product_tag","embeddable":true,"href":"https:\/\/jordiromo.com\/ca\/wp-json\/wp\/v2\/product_tag?post=27893"}],"curies":[{"name":"wp","href":"https:\/\/api.w.org\/{rel}","templated":true}]}}