{"id":27868,"date":"2018-09-06T18:18:12","date_gmt":"2023-07-08T16:27:31","guid":{"rendered":"https:\/\/jordiromo.com\/product\/la-teva-pintura\/"},"modified":"2023-07-28T09:33:45","modified_gmt":"2023-07-28T09:33:45","slug":"la-teva-pintura","status":"publish","type":"product","link":"https:\/\/jordiromo.com\/ca\/producte\/la-teva-pintura\/","title":{"rendered":"La Teva Pintura"},"content":{"rendered":"<p><strong>La Teva Pintura, Montenegro ( 2018 )<\/strong><\/p>\n<p><strong>Edicions limitades:<\/strong><\/p>\n<ul>\n<li>CL\u00c0SSIC: 500 exemplars &#8211; 20 x 20 cm \/ 8 x 8 polzades<\/li>\n<li>MITJ\u00c0: 200 c\u00f2pies &#8211; 40 x 40 cm \/ 20 x 20 polzades<\/li>\n<li>GEGANT: 100 c\u00f2pies &#8211; 75 x 75 cm \/ 30 x 30 polzades<\/li>\n<li>COL\u00b7LECTOR: 30 c\u00f2pies &#8211; 100 x 100 cm \/ 39 x 39 polzades<\/li>\n<\/ul>\n<p>-Impr\u00e8s en alumini Dibond:<\/p>\n<ul>\n<li>Panell d&#8217;alumini compost de 3 mm de gruix (mat).<\/li>\n<li>Impressi\u00f3 directa de 6 tintes, tintes clares o inclusions lleugeres.<\/li>\n<li>Resist\u00e8ncia superior, resist\u00e8ncia a la flexi\u00f3 i a la corrosi\u00f3 atmosf\u00e8rica.<\/li>\n<li>M\u00e9s de 100 anys de garantia.<\/li>\n<li>Amb marcs d&#8217;alumini.<\/li>\n<\/ul>\n<p>&#8211; Certificat d&#8217;autenticitat incl\u00f2s<\/p>\n<p>&#8211; Impostos inclosos<\/p>\n<p>&#8211; Enviament a tot el m\u00f3n incl\u00f2s<\/p>\n<p><a href=\"http:\/\/jordiromo.com\/es\/information-and-options\/\" target=\"_blank\" rel=\"noopener noreferrer\">Saber M\u00e9s<\/a><\/p>\n","protected":false},"excerpt":{"rendered":"<p><strong>LA TEVA PINTURA &#8211; VILLA MILOCER, MONTENEGRO<\/strong><\/p>\n<p>On la costa es troba amb la vora.<br \/>\nall\u00ed on el color mostra el seu amor.<br \/>\nEn aquest quadre que va n\u00e9ixer sent teu;<br \/>\nper\u00f2 el teu comen\u00e7ament no est\u00e0 a la tela<\/p>\n","protected":false},"featured_media":27861,"comment_status":"open","ping_status":"closed","template":"","meta":[],"product_brand":[],"product_cat":[405,448,407,452,449,403,406,444,453,456],"product_tag":[502,410,501,500,412,408],"class_list":{"0":"post-27868","1":"product","2":"type-product","3":"status-publish","4":"has-post-thumbnail","6":"product_cat-aigua","7":"product_cat-bany","8":"product_cat-botiga-o-oficina","9":"product_cat-cuina","10":"product_cat-dormitori","11":"product_cat-edicio-limitada","12":"product_cat-espais","13":"product_cat-paisatge","14":"product_cat-sala-destar","15":"product_cat-vestibul","16":"product_tag-europa-ca","17":"product_tag-mar","18":"product_tag-montenegro-ca","19":"product_tag-paisatge","20":"product_tag-platja","21":"product_tag-posta-de-sol","23":"first","24":"instock","25":"shipping-taxable","26":"purchasable","27":"product-type-variable"},"_links":{"self":[{"href":"https:\/\/jordiromo.com\/ca\/wp-json\/wp\/v2\/product\/27868","targetHints":{"allow":["GET"]}}],"collection":[{"href":"https:\/\/jordiromo.com\/ca\/wp-json\/wp\/v2\/product"}],"about":[{"href":"https:\/\/jordiromo.com\/ca\/wp-json\/wp\/v2\/types\/product"}],"replies":[{"embeddable":true,"href":"https:\/\/jordiromo.com\/ca\/wp-json\/wp\/v2\/comments?post=27868"}],"wp:featuredmedia":[{"embeddable":true,"href":"https:\/\/jordiromo.com\/ca\/wp-json\/wp\/v2\/media\/27861"}],"wp:attachment":[{"href":"https:\/\/jordiromo.com\/ca\/wp-json\/wp\/v2\/media?parent=27868"}],"wp:term":[{"taxonomy":"product_brand","embeddable":true,"href":"https:\/\/jordiromo.com\/ca\/wp-json\/wp\/v2\/product_brand?post=27868"},{"taxonomy":"product_cat","embeddable":true,"href":"https:\/\/jordiromo.com\/ca\/wp-json\/wp\/v2\/product_cat?post=27868"},{"taxonomy":"product_tag","embeddable":true,"href":"https:\/\/jordiromo.com\/ca\/wp-json\/wp\/v2\/product_tag?post=27868"}],"curies":[{"name":"wp","href":"https:\/\/api.w.org\/{rel}","templated":true}]}}