{"id":27840,"date":"2018-09-06T18:48:27","date_gmt":"2023-07-06T10:29:36","guid":{"rendered":"https:\/\/jordiromo.com\/product\/illimitat\/"},"modified":"2023-07-29T09:04:55","modified_gmt":"2023-07-29T09:04:55","slug":"il%c2%b7limitat","status":"publish","type":"product","link":"https:\/\/jordiromo.com\/ca\/producte\/il%c2%b7limitat\/","title":{"rendered":"Il\u00b7limitat"},"content":{"rendered":"<p><strong>Il\u00b7limitat, Indon\u00e8sia ( 2018 )<\/strong><\/p>\n<p><strong>Edicions limitades:<\/strong><\/p>\n<ul>\n<li>CL\u00c0SSIC: 500 c\u00f2pies &#8211; 20 x 30 cm \/ 8 x 12 polzades<\/li>\n<li>MITJ\u00c0: 200 c\u00f2pies- 30 x 45 cm \/ 12 x 18 polzades<\/li>\n<li>GEGANT: 100 c\u00f2pies &#8211; 58 x 80 cm \/ 23 x 31 polzades<\/li>\n<li>COL\u00b7LECTOR: 30 exemplars &#8211; 80 x 120 cm \/ 31 x 47 polzades<\/li>\n<\/ul>\n<p>-Impr\u00e8s en alumini Dibond:<\/p>\n<ul>\n<li>Panell d&#8217;alumini compost de 3 mm de gruix (mat).<\/li>\n<li>Impressi\u00f3 directa de 6 tintes, tintes clares o inclusions lleugeres.<\/li>\n<li>Resist\u00e8ncia superior, resist\u00e8ncia a la flexi\u00f3 i a la corrosi\u00f3 atmosf\u00e8rica.<\/li>\n<li>M\u00e9s de 100 anys de garantia.<\/li>\n<li>Amb marcs d&#8217;alumini.<\/li>\n<\/ul>\n<p>&#8211; Certificat d&#8217;autenticitat incl\u00f2s<\/p>\n<p>&#8211; Impostos inclosos<\/p>\n<p>&#8211; Enviament a tot el m\u00f3n incl\u00f2s<\/p>\n<p><a href=\"http:\/\/jordiromo.com\/es\/information-and-options\/\" target=\"_blank\" rel=\"noopener noreferrer\">Saber M\u00e9s<\/a><\/p>\n","protected":false},"excerpt":{"rendered":"<p><strong>IL\u00b7LIMITAT &#8211; MOUNT BROMO, INDONESIA<\/strong><\/p>\n<p>A la llum il\u00b7limitada i fresca, des de bon mat\u00ed, travessant els arbres, netejar\u00e9 la meva vida en boires.<\/p>\n","protected":false},"featured_media":27206,"comment_status":"open","ping_status":"closed","template":"","meta":[],"product_brand":[],"product_cat":[448,407,452,449,403,406,444,453,456],"product_tag":[490,492,491,488,489],"class_list":{"0":"post-27840","1":"product","2":"type-product","3":"status-publish","4":"has-post-thumbnail","6":"product_cat-bany","7":"product_cat-botiga-o-oficina","8":"product_cat-cuina","9":"product_cat-dormitori","10":"product_cat-edicio-limitada","11":"product_cat-espais","12":"product_cat-paisatge","13":"product_cat-sala-destar","14":"product_cat-vestibul","15":"product_tag-asia-ca","16":"product_tag-indonesia-ca","17":"product_tag-llum","18":"product_tag-muntanyes","19":"product_tag-sortida-del-sol","21":"first","22":"instock","23":"shipping-taxable","24":"purchasable","25":"product-type-variable"},"_links":{"self":[{"href":"https:\/\/jordiromo.com\/ca\/wp-json\/wp\/v2\/product\/27840","targetHints":{"allow":["GET"]}}],"collection":[{"href":"https:\/\/jordiromo.com\/ca\/wp-json\/wp\/v2\/product"}],"about":[{"href":"https:\/\/jordiromo.com\/ca\/wp-json\/wp\/v2\/types\/product"}],"replies":[{"embeddable":true,"href":"https:\/\/jordiromo.com\/ca\/wp-json\/wp\/v2\/comments?post=27840"}],"wp:featuredmedia":[{"embeddable":true,"href":"https:\/\/jordiromo.com\/ca\/wp-json\/wp\/v2\/media\/27206"}],"wp:attachment":[{"href":"https:\/\/jordiromo.com\/ca\/wp-json\/wp\/v2\/media?parent=27840"}],"wp:term":[{"taxonomy":"product_brand","embeddable":true,"href":"https:\/\/jordiromo.com\/ca\/wp-json\/wp\/v2\/product_brand?post=27840"},{"taxonomy":"product_cat","embeddable":true,"href":"https:\/\/jordiromo.com\/ca\/wp-json\/wp\/v2\/product_cat?post=27840"},{"taxonomy":"product_tag","embeddable":true,"href":"https:\/\/jordiromo.com\/ca\/wp-json\/wp\/v2\/product_tag?post=27840"}],"curies":[{"name":"wp","href":"https:\/\/api.w.org\/{rel}","templated":true}]}}