{"id":27810,"date":"2018-09-06T19:32:56","date_gmt":"2023-07-06T09:07:21","guid":{"rendered":"https:\/\/jordiromo.com\/product\/llegada-al-paraiso\/"},"modified":"2023-07-28T09:27:29","modified_gmt":"2023-07-28T09:27:29","slug":"llegada-al-paraiso","status":"publish","type":"product","link":"https:\/\/jordiromo.com\/ca\/producte\/llegada-al-paraiso\/","title":{"rendered":"Llegada al Paraiso"},"content":{"rendered":"<p><b>Llegada al Para\u00edso, Costa Rica ( 2018 )<\/b><\/p>\n<p><strong>Edicions limitades:<\/strong><\/p>\n<ul>\n<li>CL\u00c0SSIC: 500 c\u00f2pies &#8211; 20 x 30 cm \/ 8 x 12 polzades<\/li>\n<li>MITJ\u00c0: 200 c\u00f2pies &#8211; 58 x 80 cm \/ 23 x 31 polzades<\/li>\n<li>GEGANT: 100 c\u00f2pies &#8211; 80 x 120 cm \/ 31 x 47 polzades<\/li>\n<li>COL\u00b7LECTOR: 20 exemplars &#8211; 110 x 160 cm \/ 43 x 63 polzades<\/li>\n<\/ul>\n<p>-Impr\u00e8s en alumini Dibond:<\/p>\n<ul>\n<li>Panell d&#8217;alumini compost de 3 mm de gruix (mat).<\/li>\n<li>Impressi\u00f3 directa de 6 tintes, tintes clares o inclusions lleugeres.<\/li>\n<li>Resist\u00e8ncia superior, resist\u00e8ncia a la flexi\u00f3 i a la corrosi\u00f3 atmosf\u00e8rica.<\/li>\n<li>M\u00e9s de 100 anys de garantia.<\/li>\n<li>Amb marcs d&#8217;alumini.<\/li>\n<\/ul>\n<p>&#8211; Certificat d&#8217;autenticitat incl\u00f2s<\/p>\n<p>&#8211; Impostos inclosos<\/p>\n<p>&#8211; Enviament a tot el m\u00f3n incl\u00f2s<\/p>\n<p><a href=\"http:\/\/jordiromo.com\/es\/information-and-options\/\" target=\"_blank\" rel=\"noopener noreferrer\">Saber M\u00e9s<\/a><\/p>\n","protected":false},"excerpt":{"rendered":"<p><strong>LLEGADA AL PARAISO &#8211; S\u00c1MARA, COSTA RICA<\/strong><\/p>\n<p>Arribada al Parad\u00eds,<br \/>\nFont d&#8217;aigua animada xocant contra la costa,<br \/>\ngrans palmeres que adornen el meu jard\u00ed,<br \/>\ncolors que m&#8217;envolten sense fi.<\/p>\n","protected":false},"featured_media":27720,"comment_status":"open","ping_status":"closed","template":"","meta":[],"product_brand":[],"product_cat":[438,405,407,449,403,406,453,456],"product_tag":[409,413,414,415,411,410,412,408],"class_list":{"0":"post-27810","1":"product","2":"type-product","3":"status-publish","4":"has-post-thumbnail","6":"product_cat-abstracte","7":"product_cat-aigua","8":"product_cat-botiga-o-oficina","9":"product_cat-dormitori","10":"product_cat-edicio-limitada","11":"product_cat-espais","12":"product_cat-sala-destar","13":"product_cat-vestibul","14":"product_tag-aigua","15":"product_tag-aventura","16":"product_tag-bicicleta","17":"product_tag-centreamerica","18":"product_tag-costa-rica-ca","19":"product_tag-mar","20":"product_tag-platja","21":"product_tag-posta-de-sol","23":"first","24":"instock","25":"shipping-taxable","26":"purchasable","27":"product-type-variable"},"_links":{"self":[{"href":"https:\/\/jordiromo.com\/ca\/wp-json\/wp\/v2\/product\/27810","targetHints":{"allow":["GET"]}}],"collection":[{"href":"https:\/\/jordiromo.com\/ca\/wp-json\/wp\/v2\/product"}],"about":[{"href":"https:\/\/jordiromo.com\/ca\/wp-json\/wp\/v2\/types\/product"}],"replies":[{"embeddable":true,"href":"https:\/\/jordiromo.com\/ca\/wp-json\/wp\/v2\/comments?post=27810"}],"wp:featuredmedia":[{"embeddable":true,"href":"https:\/\/jordiromo.com\/ca\/wp-json\/wp\/v2\/media\/27720"}],"wp:attachment":[{"href":"https:\/\/jordiromo.com\/ca\/wp-json\/wp\/v2\/media?parent=27810"}],"wp:term":[{"taxonomy":"product_brand","embeddable":true,"href":"https:\/\/jordiromo.com\/ca\/wp-json\/wp\/v2\/product_brand?post=27810"},{"taxonomy":"product_cat","embeddable":true,"href":"https:\/\/jordiromo.com\/ca\/wp-json\/wp\/v2\/product_cat?post=27810"},{"taxonomy":"product_tag","embeddable":true,"href":"https:\/\/jordiromo.com\/ca\/wp-json\/wp\/v2\/product_tag?post=27810"}],"curies":[{"name":"wp","href":"https:\/\/api.w.org\/{rel}","templated":true}]}}