{"id":27452,"date":"2023-07-04T11:48:22","date_gmt":"2023-07-04T11:48:22","guid":{"rendered":"https:\/\/jordiromo.com\/condicions-dus\/"},"modified":"2023-09-14T10:54:45","modified_gmt":"2023-09-14T10:54:45","slug":"condicions-dus","status":"publish","type":"page","link":"https:\/\/jordiromo.com\/ca\/condicions-dus\/","title":{"rendered":"Condicions d&#8217;\u00das"},"content":{"rendered":"[vc_row type=&#8221;full_width_background&#8221; full_screen_row_position=&#8221;middle&#8221; column_margin=&#8221;none&#8221; column_direction=&#8221;default&#8221; column_direction_tablet=&#8221;default&#8221; column_direction_phone=&#8221;default&#8221; bg_image=&#8221;27444&#8243; bg_position=&#8221;center center&#8221; background_image_loading=&#8221;skip-lazy-load&#8221; bg_repeat=&#8221;no-repeat&#8221; scene_position=&#8221;center&#8221; top_padding=&#8221;13%&#8221; bottom_padding=&#8221;13%&#8221; top_padding_tablet=&#8221;30%&#8221; constrain_group_3=&#8221;yes&#8221; bottom_padding_tablet=&#8221;30%&#8221; top_padding_phone=&#8221;40%&#8221; constrain_group_5=&#8221;yes&#8221; bottom_padding_phone=&#8221;40%&#8221; text_color=&#8221;custom&#8221; text_align=&#8221;left&#8221; row_border_radius=&#8221;none&#8221; row_border_radius_applies=&#8221;bg&#8221; overflow=&#8221;visible&#8221; color_overlay=&#8221;#0a0a0a&#8221; overlay_strength=&#8221;0.8&#8243; gradient_direction=&#8221;radial&#8221; shape_divider_color=&#8221;#ffffff&#8221; shape_divider_position=&#8221;bottom&#8221; shape_divider_height=&#8221;45%&#8221; bg_image_animation=&#8221;zoom-out&#8221; parallax_bg=&#8221;true&#8221; parallax_bg_speed=&#8221;fast&#8221; shape_type=&#8221;straight_section&#8221; gradient_type=&#8221;default&#8221;][vc_column column_padding=&#8221;no-extra-padding&#8221; column_padding_tablet=&#8221;inherit&#8221; column_padding_phone=&#8221;inherit&#8221; column_padding_position=&#8221;all&#8221; column_element_direction_desktop=&#8221;default&#8221; column_element_spacing=&#8221;0px&#8221; desktop_text_alignment=&#8221;default&#8221; tablet_text_alignment=&#8221;default&#8221; phone_text_alignment=&#8221;center&#8221; background_color_opacity=&#8221;1&#8243; background_hover_color_opacity=&#8221;1&#8243; column_backdrop_filter=&#8221;none&#8221; column_shadow=&#8221;none&#8221; column_border_radius=&#8221;none&#8221; column_link_target=&#8221;_self&#8221; column_position=&#8221;default&#8221; gradient_direction=&#8221;radial&#8221; overlay_strength=&#8221;0.3&#8243; width=&#8221;1\/1&#8243; tablet_width_inherit=&#8221;default&#8221; animation_type=&#8221;default&#8221; bg_image_animation=&#8221;zoom-out-reveal&#8221; parallax_bg=&#8221;true&#8221; parallax_bg_speed=&#8221;fast&#8221; border_type=&#8221;simple&#8221; column_border_width=&#8221;none&#8221; column_border_style=&#8221;solid&#8221;][vc_row_inner column_margin=&#8221;default&#8221; column_direction=&#8221;default&#8221; column_direction_tablet=&#8221;default&#8221; column_direction_phone=&#8221;default&#8221; text_align=&#8221;left&#8221; row_position=&#8221;default&#8221; row_position_tablet=&#8221;inherit&#8221; row_position_phone=&#8221;inherit&#8221; zindex=&#8221;20&#8243; overflow=&#8221;visible&#8221; pointer_events=&#8221;all&#8221;][vc_column_inner column_padding=&#8221;no-extra-padding&#8221; column_padding_tablet=&#8221;inherit&#8221; column_padding_phone=&#8221;inherit&#8221; column_padding_position=&#8221;all&#8221; column_element_direction_desktop=&#8221;default&#8221; column_element_spacing=&#8221;0px&#8221; desktop_text_alignment=&#8221;default&#8221; tablet_text_alignment=&#8221;default&#8221; phone_text_alignment=&#8221;default&#8221; background_color_opacity=&#8221;1&#8243; background_hover_color_opacity=&#8221;1&#8243; column_backdrop_filter=&#8221;none&#8221; font_color=&#8221;#ffffff&#8221; column_shadow=&#8221;none&#8221; column_border_radius=&#8221;none&#8221; column_link_target=&#8221;_self&#8221; overflow=&#8221;visible&#8221; gradient_direction=&#8221;left_to_right&#8221; overlay_strength=&#8221;0.3&#8243; width=&#8221;1\/1&#8243; tablet_width_inherit=&#8221;default&#8221; animation_type=&#8221;default&#8221; bg_image_animation=&#8221;none&#8221; border_type=&#8221;simple&#8221; column_border_width=&#8221;none&#8221; column_border_style=&#8221;solid&#8221;][split_line_heading animation_type=&#8221;line-reveal-by-space&#8221; font_style=&#8221;h1&#8243; line_reveal_by_space_text_effect=&#8221;default&#8221; stagger_animation=&#8221;true&#8221; content_alignment=&#8221;default&#8221; mobile_content_alignment=&#8221;inherit&#8221; link_target=&#8221;_self&#8221; text_content=&#8221;Condicions d&#039;\u00das&#8221; font_size=&#8221;7vh&#8221; animation_delay=&#8221;200&#8243;][\/split_line_heading][\/vc_column_inner][\/vc_row_inner][vc_row_inner column_margin=&#8221;default&#8221; column_direction=&#8221;default&#8221; column_direction_tablet=&#8221;default&#8221; column_direction_phone=&#8221;default&#8221; text_align=&#8221;left&#8221; row_position=&#8221;default&#8221; row_position_tablet=&#8221;inherit&#8221; row_position_phone=&#8221;inherit&#8221; overflow=&#8221;visible&#8221; pointer_events=&#8221;all&#8221;][vc_column_inner column_padding=&#8221;padding-3-percent&#8221; column_padding_tablet=&#8221;inherit&#8221; column_padding_phone=&#8221;inherit&#8221; column_padding_position=&#8221;top-bottom&#8221; column_element_direction_desktop=&#8221;default&#8221; column_element_spacing=&#8221;default&#8221; desktop_text_alignment=&#8221;default&#8221; tablet_text_alignment=&#8221;default&#8221; phone_text_alignment=&#8221;default&#8221; background_color_opacity=&#8221;1&#8243; background_hover_color_opacity=&#8221;1&#8243; column_backdrop_filter=&#8221;none&#8221; column_shadow=&#8221;none&#8221; column_border_radius=&#8221;none&#8221; column_link_target=&#8221;_self&#8221; overflow=&#8221;visible&#8221; gradient_direction=&#8221;left_to_right&#8221; overlay_strength=&#8221;0.3&#8243; width=&#8221;1\/2&#8243; tablet_width_inherit=&#8221;default&#8221; animation_type=&#8221;default&#8221; enable_animation=&#8221;true&#8221; animation=&#8221;fade-in-from-bottom&#8221; animation_easing=&#8221;default&#8221; bg_image_animation=&#8221;none&#8221; border_type=&#8221;simple&#8221; column_border_width=&#8221;none&#8221; column_border_style=&#8221;solid&#8221;][vc_column_text css=&#8221;.vc_custom_1537286514899{padding-right: 10% !important;}&#8221;]Benvingut a jordiromo.com. Si us plau, llegiu atentament aquestes Condicions d&#8217;\u00fas (&#8220;Condicions&#8221;). Contenen els termes i condicions legals que regeixen l&#8217;\u00fas i l&#8217;acc\u00e9s als nostres llocs web, llocs web per a m\u00f2bils i aplicacions m\u00f2bils (col\u00b7lectivament, els nostres &#8220;Llocs i aplicacions&#8221;). En visitar qualsevol dels nostres llocs i aplicacions, accepteu aquestes Condicions i la nostra Pol\u00edtica de privadesa.[\/vc_column_text][\/vc_column_inner][vc_column_inner column_padding=&#8221;padding-3-percent&#8221; column_padding_tablet=&#8221;inherit&#8221; column_padding_phone=&#8221;inherit&#8221; column_padding_position=&#8221;top-bottom&#8221; column_element_direction_desktop=&#8221;default&#8221; column_element_spacing=&#8221;default&#8221; desktop_text_alignment=&#8221;default&#8221; tablet_text_alignment=&#8221;default&#8221; phone_text_alignment=&#8221;default&#8221; background_color_opacity=&#8221;1&#8243; background_hover_color_opacity=&#8221;1&#8243; column_backdrop_filter=&#8221;none&#8221; column_shadow=&#8221;none&#8221; column_border_radius=&#8221;none&#8221; column_link_target=&#8221;_self&#8221; overflow=&#8221;visible&#8221; gradient_direction=&#8221;left_to_right&#8221; overlay_strength=&#8221;0.3&#8243; width=&#8221;1\/2&#8243; tablet_width_inherit=&#8221;default&#8221; animation_type=&#8221;default&#8221; enable_animation=&#8221;true&#8221; animation=&#8221;fade-in-from-bottom&#8221; animation_easing=&#8221;default&#8221; bg_image_animation=&#8221;none&#8221; border_type=&#8221;simple&#8221; column_border_width=&#8221;none&#8221; column_border_style=&#8221;solid&#8221; delay=&#8221;100&#8243;][vc_column_text css=&#8221;.vc_custom_1537286272466{padding-right: 10% !important;}&#8221;]Qualsevol producte demanat o servei utilitzat a trav\u00e9s de qualsevol dels nostres llocs i aplicacions tamb\u00e9 es regeix per aquestes Condicions, aix\u00ed com per les nostres Condicions de venda. Ens reservem el dret d&#8217;alterar o interrompre els nostres llocs i aplicacions, totalment o parcialment, en qualsevol moment a la nostra discreci\u00f3.[\/vc_column_text][\/vc_column_inner][\/vc_row_inner][\/vc_column][\/vc_row][vc_row type=&#8221;in_container&#8221; full_screen_row_position=&#8221;middle&#8221; column_margin=&#8221;default&#8221; column_direction=&#8221;default&#8221; column_direction_tablet=&#8221;default&#8221; column_direction_phone=&#8221;default&#8221; scene_position=&#8221;center&#8221; top_padding=&#8221;3&#8243; constrain_group_1=&#8221;yes&#8221; bottom_padding=&#8221;3&#8243; text_color=&#8221;dark&#8221; text_align=&#8221;left&#8221; row_border_radius=&#8221;none&#8221; row_border_radius_applies=&#8221;bg&#8221; overflow=&#8221;visible&#8221; overlay_strength=&#8221;0.3&#8243; gradient_direction=&#8221;left_to_right&#8221; shape_divider_position=&#8221;bottom&#8221; bg_image_animation=&#8221;none&#8221; gradient_type=&#8221;default&#8221; shape_type=&#8221;&#8221;][vc_column column_padding=&#8221;no-extra-padding&#8221; column_padding_tablet=&#8221;inherit&#8221; column_padding_phone=&#8221;inherit&#8221; column_padding_position=&#8221;all&#8221; column_element_direction_desktop=&#8221;default&#8221; column_element_spacing=&#8221;default&#8221; desktop_text_alignment=&#8221;default&#8221; tablet_text_alignment=&#8221;default&#8221; phone_text_alignment=&#8221;default&#8221; background_color_opacity=&#8221;1&#8243; background_hover_color_opacity=&#8221;1&#8243; column_backdrop_filter=&#8221;none&#8221; column_shadow=&#8221;none&#8221; column_border_radius=&#8221;none&#8221; column_link_target=&#8221;_self&#8221; column_position=&#8221;default&#8221; gradient_direction=&#8221;left_to_right&#8221; overlay_strength=&#8221;0.3&#8243; width=&#8221;1\/1&#8243; tablet_width_inherit=&#8221;default&#8221; animation_type=&#8221;default&#8221; bg_image_animation=&#8221;none&#8221; border_type=&#8221;simple&#8221; column_border_width=&#8221;none&#8221; column_border_style=&#8221;solid&#8221;][divider line_type=&#8221;No Line&#8221; custom_height=&#8221;50&#8243;][vc_column_text]1. Introducci\u00f3<\/p>\n<p>Les presents condicions generals d&#8217;\u00fas de la p\u00e0gina web, regulen els termes i condicions d&#8217;acc\u00e9s i \u00fas de www.jordiromo.com, propietat de Jordi Romo Del Amo. El mer acc\u00e9s i \/ o utilitzaci\u00f3 del portal, de tot o part dels seus continguts i \/ o serveis suposa la plena acceptaci\u00f3 de les presents condicions generals d&#8217;\u00fas.<\/p>\n<p>2. Condicions d&#8217;\u00fas<\/p>\n<p>Les presents condicions generals d&#8217;\u00fas del portal regulen l&#8217;acc\u00e9s i utilitzaci\u00f3 del portal, inclosos els continguts i serveis posats a disposici\u00f3 dels usuaris en i \/ o a trav\u00e9s del portal, ja sigui a trav\u00e9s del portal, ja sigui pels seus usuaris o per tercers. . No obstant aix\u00f2, l&#8217;acc\u00e9s i la utilitzaci\u00f3 de determinats continguts i\/o serveis pot trobar-se sotm\u00e8s a determinades condicions particulars.<\/p>\n<p>3. Modificacions<\/p>\n<p>L&#8217;empresa es reserva el dret de modificar en qualsevol moment les condicions generals d&#8217;\u00fas del portal. En qualsevol cas, es recomana que consulti peri\u00f2dicament les presents condicions d&#8217;\u00fas del portal, ja que poden patir modificacions.<\/p>\n<p>4. Obligacions de l&#8217;Usuari<\/p>\n<p>L&#8217;usuari haur\u00e0 de respectar en tot moment els termes i condicions establerts en les presents condicions generals d&#8217;\u00fas del portal. L&#8217;usuari manifesta expressament que utilitzar\u00e0 el portal de forma diligent i assumint qualsevol responsabilitat que pogu\u00e9s derivar-se de l&#8217;incompliment de les normes.<\/p>\n<p>Aix\u00ed mateix, l&#8217;usuari no podr\u00e0 utilitzar el portal per transmetre, emmagatzemar, divulgar, promoure o distribuir dades o continguts que siguin portadors de virus o qualsevol altre codi inform\u00e0tic, arxius o programes dissenyats per interrompre, destruir o deteriorar el funcionament de qualsevol programa o equip. Inform\u00e0tica o telecomunicacions.<\/p>\n<p>5. Responsabilitat del portal<\/p>\n<p>L&#8217;usuari coneix i accepta que el portal no atorga cap garantia de cap naturalesa, ja sigui expressa o impl\u00edcita, sobre les dades, continguts, informacions i serveis que s&#8217;incorporen i s&#8217;ofereixen des del Portal.<\/p>\n<p>Excepte en els casos en qu\u00e8 la Llei imposi expressament el contrari, i exclusivament amb l&#8217;extensi\u00f3 i extensi\u00f3 en qu\u00e8 ho imposi, el Portal no garanteix ni assumeix cap responsabilitat respecte dels possibles danys i perjudicis causats per l&#8217;\u00fas i utilitzaci\u00f3 de la informaci\u00f3, dades i serveis del Portal.<\/p>\n<p>En tot cas, el Portal exclou qualsevol responsabilitat pels danys i perjudicis que puguin deure&#8217;s a la informaci\u00f3 i \/ o serveis prestats o prestats per tercers diferents de l&#8217;Empresa. Tota responsabilitat ser\u00e0 del tercer, ja sigui prove\u00efdor o col\u00b7laborador.<\/p>\n<p>6. Propietat intel\u00b7lectual i industrial<\/p>\n<p>Tots els continguts, marques, logotips, dibuixos, documentaci\u00f3, programes d&#8217;ordinador o qualsevol altre element susceptible de protecci\u00f3 per la legislaci\u00f3 de propietat intel\u00b7lectual o industrial, que siguin accessibles al portal corresponen exclusivament a l&#8217;empresa o als seus leg\u00edtims titulars i tots estan expressament reservats. els drets sobre ells. Queda expressament prohibida la creaci\u00f3 d&#8217;enlla\u00e7os d&#8217;hipertext (links) a qualsevol membre de les p\u00e0gines web del Portal sense l&#8217;autoritzaci\u00f3 de l&#8217;empresa, sempre que no es tracti d&#8217;una p\u00e0gina web del Portal que no requereixi identificaci\u00f3 o autenticaci\u00f3 per accedir-hi, o estigui restringida.<\/p>\n<p>En qualsevol cas, el portal es reserva tots els drets sobre els continguts, informacions i serveis que ostenti sobre els mateixos. El portal no concedeix cap llic\u00e8ncia o autoritzaci\u00f3 d&#8217;\u00fas a l&#8217;usuari sobre els seus continguts, dades o serveis, diferent de la que es detalla expressament en les presents condicions generals d&#8217;\u00fas del portal.<\/p>\n<p>7. Legislaci\u00f3 aplicable, jurisdicci\u00f3 competent i notificacions<\/p>\n<p>Les presents condicions es regeixen i interpreten d&#8217;acord amb les Lleis d&#8217;Espanya. Per a qualsevol reclamaci\u00f3 seran competents els jutjats i tribunals de (indicar la ciutat). Totes les notificacions, sol\u00b7licituds, peticions i altres comunicacions que l&#8217;Usuari desitgi realitzar a l&#8217;Entitat titular del Portal hauran de realitzar-se per escrit i s&#8217;entendr\u00e0 que s&#8217;han realitzat correctament quan hagin estat rebudes a la seg\u00fcent adre\u00e7a (indicar l&#8217;adre\u00e7a de correu electr\u00f2nic on desitja rebre les notificacions).<\/p>\n<p>Obtingui el seu contracte de termes i condicions d&#8217;\u00fas del web, sempre adaptats a la legislaci\u00f3, de forma senzilla i en pocs passos:[\/vc_column_text][\/vc_column][\/vc_row][vc_row type=&#8221;in_container&#8221; full_screen_row_position=&#8221;middle&#8221; column_margin=&#8221;default&#8221; column_direction=&#8221;default&#8221; column_direction_tablet=&#8221;default&#8221; column_direction_phone=&#8221;default&#8221; scene_position=&#8221;center&#8221; text_color=&#8221;dark&#8221; text_align=&#8221;left&#8221; row_border_radius=&#8221;none&#8221; row_border_radius_applies=&#8221;bg&#8221; overflow=&#8221;visible&#8221; overlay_strength=&#8221;0.3&#8243; gradient_direction=&#8221;left_to_right&#8221; shape_divider_position=&#8221;bottom&#8221; bg_image_animation=&#8221;none&#8221;][vc_column column_padding=&#8221;no-extra-padding&#8221; column_padding_tablet=&#8221;inherit&#8221; column_padding_phone=&#8221;inherit&#8221; column_padding_position=&#8221;all&#8221; column_element_direction_desktop=&#8221;default&#8221; column_element_spacing=&#8221;default&#8221; desktop_text_alignment=&#8221;default&#8221; tablet_text_alignment=&#8221;default&#8221; phone_text_alignment=&#8221;default&#8221; background_color_opacity=&#8221;1&#8243; background_hover_color_opacity=&#8221;1&#8243; column_backdrop_filter=&#8221;none&#8221; column_shadow=&#8221;none&#8221; column_border_radius=&#8221;none&#8221; column_link_target=&#8221;_self&#8221; column_position=&#8221;default&#8221; gradient_direction=&#8221;left_to_right&#8221; overlay_strength=&#8221;0.3&#8243; width=&#8221;1\/1&#8243; tablet_width_inherit=&#8221;default&#8221; animation_type=&#8221;default&#8221; bg_image_animation=&#8221;none&#8221; border_type=&#8221;simple&#8221; column_border_width=&#8221;none&#8221; column_border_style=&#8221;solid&#8221;][\/vc_column][\/vc_row][vc_row type=&#8221;in_container&#8221; full_screen_row_position=&#8221;middle&#8221; column_margin=&#8221;default&#8221; column_direction=&#8221;default&#8221; column_direction_tablet=&#8221;default&#8221; column_direction_phone=&#8221;default&#8221; scene_position=&#8221;center&#8221; text_color=&#8221;dark&#8221; text_align=&#8221;left&#8221; row_border_radius=&#8221;none&#8221; row_border_radius_applies=&#8221;bg&#8221; overflow=&#8221;visible&#8221; overlay_strength=&#8221;0.3&#8243; gradient_direction=&#8221;left_to_right&#8221; shape_divider_position=&#8221;bottom&#8221; bg_image_animation=&#8221;none&#8221;][vc_column column_padding=&#8221;no-extra-padding&#8221; column_padding_tablet=&#8221;inherit&#8221; column_padding_phone=&#8221;inherit&#8221; column_padding_position=&#8221;all&#8221; column_element_direction_desktop=&#8221;default&#8221; column_element_spacing=&#8221;default&#8221; desktop_text_alignment=&#8221;default&#8221; tablet_text_alignment=&#8221;default&#8221; phone_text_alignment=&#8221;default&#8221; background_color_opacity=&#8221;1&#8243; background_hover_color_opacity=&#8221;1&#8243; column_backdrop_filter=&#8221;none&#8221; column_shadow=&#8221;none&#8221; column_border_radius=&#8221;none&#8221; column_link_target=&#8221;_self&#8221; column_position=&#8221;default&#8221; gradient_direction=&#8221;left_to_right&#8221; overlay_strength=&#8221;0.3&#8243; width=&#8221;1\/1&#8243; tablet_width_inherit=&#8221;default&#8221; animation_type=&#8221;default&#8221; bg_image_animation=&#8221;none&#8221; border_type=&#8221;simple&#8221; column_border_width=&#8221;none&#8221; column_border_style=&#8221;solid&#8221;][vc_column_text]\n<p><a href=\"http:\/\/creativecommons.org\/licenses\/by-nc-sa\/4.0\/\" rel=\"license noopener\" target=\"_blank\"><img decoding=\"async\" style=\"border-width: 0;\" src=\"https:\/\/i.creativecommons.org\/l\/by-nc-sa\/4.0\/88x31.png\" alt=\"Creative Commons License\"><\/a><br \/>\nAquesta obra de Jordi Romo est\u00e0 sota llic\u00e8ncia a <a href=\"http:\/\/creativecommons.org\/licenses\/by-nc-sa\/4.0\/\" rel=\"license noopener\" target=\"_blank\">Creative Commons Attribution-NonCommercial-ShareAlike 4.0 Llicencia Internacional.<\/a>[\/vc_column_text][\/vc_column][\/vc_row]\n","protected":false},"excerpt":{"rendered":"<p>[vc_row type=&#8221;full_width_background&#8221; full_screen_row_position=&#8221;middle&#8221; column_margin=&#8221;none&#8221; column_direction=&#8221;default&#8221; column_direction_tablet=&#8221;default&#8221; column_direction_phone=&#8221;default&#8221; bg_image=&#8221;27444&#8243; bg_position=&#8221;center center&#8221; background_image_loading=&#8221;skip-lazy-load&#8221; bg_repeat=&#8221;no-repeat&#8221; scene_position=&#8221;center&#8221; top_padding=&#8221;13%&#8221; bottom_padding=&#8221;13%&#8221; top_padding_tablet=&#8221;30%&#8221; constrain_group_3=&#8221;yes&#8221; bottom_padding_tablet=&#8221;30%&#8221; top_padding_phone=&#8221;40%&#8221; constrain_group_5=&#8221;yes&#8221; bottom_padding_phone=&#8221;40%&#8221; text_color=&#8221;custom&#8221; text_align=&#8221;left&#8221; row_border_radius=&#8221;none&#8221; row_border_radius_applies=&#8221;bg&#8221; overflow=&#8221;visible&#8221; color_overlay=&#8221;#0a0a0a&#8221; overlay_strength=&#8221;0.8&#8243; gradient_direction=&#8221;radial&#8221; shape_divider_color=&#8221;#ffffff&#8221;&#8230;<\/p>\n","protected":false},"author":1,"featured_media":0,"parent":0,"menu_order":0,"comment_status":"closed","ping_status":"closed","template":"","meta":{"footnotes":""},"class_list":["post-27452","page","type-page","status-publish"],"_links":{"self":[{"href":"https:\/\/jordiromo.com\/ca\/wp-json\/wp\/v2\/pages\/27452","targetHints":{"allow":["GET"]}}],"collection":[{"href":"https:\/\/jordiromo.com\/ca\/wp-json\/wp\/v2\/pages"}],"about":[{"href":"https:\/\/jordiromo.com\/ca\/wp-json\/wp\/v2\/types\/page"}],"author":[{"embeddable":true,"href":"https:\/\/jordiromo.com\/ca\/wp-json\/wp\/v2\/users\/1"}],"replies":[{"embeddable":true,"href":"https:\/\/jordiromo.com\/ca\/wp-json\/wp\/v2\/comments?post=27452"}],"version-history":[{"count":0,"href":"https:\/\/jordiromo.com\/ca\/wp-json\/wp\/v2\/pages\/27452\/revisions"}],"wp:attachment":[{"href":"https:\/\/jordiromo.com\/ca\/wp-json\/wp\/v2\/media?parent=27452"}],"curies":[{"name":"wp","href":"https:\/\/api.w.org\/{rel}","templated":true}]}}