{"id":27365,"date":"2023-07-04T08:46:57","date_gmt":"2023-07-04T08:46:57","guid":{"rendered":"https:\/\/jordiromo.com\/politica-de-privacitat\/"},"modified":"2023-09-14T10:54:36","modified_gmt":"2023-09-14T10:54:36","slug":"politica-de-privacitat","status":"publish","type":"page","link":"https:\/\/jordiromo.com\/ca\/politica-de-privacitat\/","title":{"rendered":"Pol\u00edtica de Privacitat"},"content":{"rendered":"[vc_row type=&#8221;in_container&#8221; full_screen_row_position=&#8221;middle&#8221; column_margin=&#8221;default&#8221; column_direction=&#8221;default&#8221; column_direction_tablet=&#8221;default&#8221; column_direction_phone=&#8221;default&#8221; scene_position=&#8221;center&#8221; top_padding=&#8221;5%&#8221; bottom_padding=&#8221;6%&#8221; text_color=&#8221;dark&#8221; text_align=&#8221;left&#8221; row_border_radius=&#8221;none&#8221; row_border_radius_applies=&#8221;bg&#8221; overflow=&#8221;visible&#8221; overlay_strength=&#8221;0.3&#8243; gradient_direction=&#8221;left_to_right&#8221; shape_divider_position=&#8221;bottom&#8221; bg_image_animation=&#8221;none&#8221; shape_type=&#8221;&#8221;][vc_column column_padding=&#8221;no-extra-padding&#8221; column_padding_tablet=&#8221;inherit&#8221; column_padding_phone=&#8221;inherit&#8221; column_padding_position=&#8221;all&#8221; column_element_direction_desktop=&#8221;default&#8221; column_element_spacing=&#8221;default&#8221; desktop_text_alignment=&#8221;default&#8221; tablet_text_alignment=&#8221;default&#8221; phone_text_alignment=&#8221;default&#8221; background_color_opacity=&#8221;1&#8243; background_hover_color_opacity=&#8221;1&#8243; column_backdrop_filter=&#8221;none&#8221; column_shadow=&#8221;none&#8221; column_border_radius=&#8221;none&#8221; column_link_target=&#8221;_self&#8221; column_position=&#8221;default&#8221; gradient_direction=&#8221;left_to_right&#8221; overlay_strength=&#8221;0.3&#8243; width=&#8221;1\/1&#8243; tablet_width_inherit=&#8221;default&#8221; animation_type=&#8221;default&#8221; bg_image_animation=&#8221;none&#8221; border_type=&#8221;simple&#8221; column_border_width=&#8221;none&#8221; column_border_style=&#8221;solid&#8221;][vc_column_text]\n<h1>Pol\u00edtica de Privacitat<\/h1>\n<p>&nbsp;<\/p>\n<p>Data d&#8217;entrada en vigor: 10 de setembre de 2018 Jordi Romo Photography (&#8220;nosaltres&#8221;, &#8220;nosaltres&#8221; o &#8220;el nostre&#8221;) opera el lloc web www.jordiromo.com (el &#8220;Servei&#8221;). Aquesta p\u00e0gina us informa de les nostres pol\u00edtiques sobre la recollida, l&#8217;\u00fas i la divulgaci\u00f3 de dades personals quan feu servir el nostre Servei i les opcions que heu associat amb aquestes dades. La nostra Pol\u00edtica de privadesa per a Jordi Romo Fotografia es gestiona mitjan\u00e7ant la <a href=\"https:\/\/www.freeprivacypolicy.com\/free-privacy-policy-generator.php\" target=\"_blank\" rel=\"noopener\">Pol\u00edtica de privadesa gratu\u00efta<\/a>.<\/p>\n<p>Utilitzem les vostres dades per oferir i millorar el Servei. En utilitzar el Servei, accepteu la recollida i l&#8217;\u00fas d&#8217;informaci\u00f3 d&#8217;acord amb aquesta pol\u00edtica. Llevat que es defineixi el contrari en aquesta Pol\u00edtica de privadesa, els termes utilitzats en aquesta Pol\u00edtica de privadesa tenen els mateixos significats que els nostres Termes i Condicions, accessibles des de www.jordiromo.com  <\/p>\n<p>&nbsp;<\/p>\n<h2>Recollida i \u00fas d&#8217;informaci\u00f3<\/h2>\n<p>Recopilem diversos tipus d&#8217;informaci\u00f3 amb diferents finalitats per oferir-vos i millorar el nostre Servei.<\/p>\n<h3>Tipus de dades recollides<\/h3>\n<h4>Dades personals<\/h4>\n<p>Mentre utilitzeu el nostre Servei, podem demanar-vos que ens proporcioneu certa informaci\u00f3 d&#8217;identificaci\u00f3 personal que es pot utilitzar per contactar-vos o identificar-vos (&#8220;Dades personals&#8221;). La informaci\u00f3 d&#8217;identificaci\u00f3 personal pot incloure, per\u00f2 no es limita a: <\/p>\n<ul>\n<li>Correu electr\u00f2nic<\/li>\n<li>Nom i cognoms<\/li>\n<li>N\u00famero de tel\u00e8fon<\/li>\n<li>Adre\u00e7a, estat, prov\u00edncia, codi postal, ciutat<\/li>\n<li>Cookies i dades d&#8217;\u00fas<\/li>\n<\/ul>\n<h4>Dades d&#8217;\u00fas<\/h4>\n<p>Tamb\u00e9 podem recopilar informaci\u00f3 sobre com s&#8217;accedeix i s&#8217;utilitza el Servei (&#8220;Dades d&#8217;\u00fas&#8221;). Aquestes dades d&#8217;\u00fas poden incloure informaci\u00f3 com ara l&#8217;adre\u00e7a de protocol d&#8217;Internet del vostre ordinador (per exemple, l&#8217;adre\u00e7a IP), el tipus de navegador, la versi\u00f3 del navegador, les p\u00e0gines del nostre servei que visiteu, l&#8217;hora i la data de la vostra visita, el temps dedicat a aquestes p\u00e0gines, identificadors del dispositiu i altres dades de diagn\u00f2stic. <\/p>\n<h4>Dades de seguiment i cookies<\/h4>\n<p>Utilitzem galetes i tecnologies de seguiment similars per fer un seguiment de l&#8217;activitat al nostre Servei i mantenir certa informaci\u00f3. Les galetes s\u00f3n fitxers amb una petita quantitat de dades que poden incloure un identificador \u00fanic an\u00f2nim. Les galetes s&#8217;envien al vostre navegador des d&#8217;un lloc web i s&#8217;emmagatzemen al vostre dispositiu. Les tecnologies de seguiment tamb\u00e9 s&#8217;utilitzen s\u00f3n balises, etiquetes i scripts per recopilar i fer un seguiment d&#8217;informaci\u00f3 i per millorar i analitzar el nostre Servei. Podeu indicar al vostre navegador que rebutgi totes les cookies o que indiqui quan s&#8217;envia una galeta. Tanmateix, si no accepteu les galetes, \u00e9s possible que no pugueu utilitzar algunes parts del nostre Servei. Exemples de cookies que fem servir:<\/p>\n<ul>\n<li><strong>Cookies de sessi\u00f3.<\/strong> Utilitzem cookies de sessi\u00f3 per operar el nostre servei.<\/li>\n<li><strong>Cookies de prefer\u00e8ncia.<\/strong> Utilitzem galetes de prefer\u00e8ncies per recordar les vostres prefer\u00e8ncies i diferents configuracions.<\/li>\n<li><strong>Cookies de seguretat.<\/strong> Utilitzem cookies de seguretat amb finalitats de seguretat.<\/li>\n<\/ul>\n<h2><\/h2>\n<h2>\u00das de Dades<\/h2>\n<p>Jordi Romo Photography utilitza les dades recollides per a diferents finalitats:<\/p>\n<ul>\n<li>Proporcionar i mantenir el Servei<\/li>\n<li>Per notificar-vos els canvis al nostre Servei<\/li>\n<li>Per permetre&#8217;t participar en funcions interactives del nostre Servei quan ho decideixis<\/li>\n<li>Per oferir atenci\u00f3 i suport al client<\/li>\n<li>Proporcionar an\u00e0lisis o informaci\u00f3 valuosa perqu\u00e8 puguem millorar el Servei<\/li>\n<li>Per supervisar l&#8217;\u00fas del Servei<\/li>\n<li>Per detectar, prevenir i resoldre problemes t\u00e8cnics<\/li>\n<\/ul>\n<h2><\/h2>\n<h2>Transfer\u00e8ncia de Dades<\/h2>\n<p>La vostra informaci\u00f3, incloses les dades personals, es pot transferir i mantenir-se a ordinadors situats fora del vostre estat, prov\u00edncia, pa\u00eds o una altra jurisdicci\u00f3 governamental on les lleis de protecci\u00f3 de dades poden diferir de les de la vostra jurisdicci\u00f3. Si us trobeu fora d&#8217;Espanya i decidiu proporcionar-nos informaci\u00f3, tingueu en compte que transferim les dades, incloses les dades personals, a Espanya i les processem all\u00e0. El vostre consentiment a aquesta Pol\u00edtica de privadesa seguit de l&#8217;enviament d&#8217;aquesta informaci\u00f3 representa el vostre acord amb aquesta transfer\u00e8ncia. Jordi Romo Photography prendr\u00e0 totes les mesures raonablement necess\u00e0ries per garantir que les vostres dades es tracten de manera segura i d&#8217;acord amb aquesta Pol\u00edtica de privadesa i no es realitzar\u00e0 cap transfer\u00e8ncia de les vostres dades personals a una organitzaci\u00f3 o un pa\u00eds tret que hi hagi controls adequats, inclosa la seguretat. de les vostres dades i altres dades personals.<\/p>\n<h2><\/h2>\n<h2>Divulgaci\u00f3 de dades<\/h2>\n<h3>Requeriments legals<\/h3>\n<p>Jordi Romo Photography pot revelar les vostres dades personals amb la creen\u00e7a de bona fe que aquesta acci\u00f3 \u00e9s necess\u00e0ria per:<\/p>\n<ul>\n<li>Complir amb una obligaci\u00f3 legal<\/li>\n<li>Protegir i defensar els drets o la propietat de Jordi Romo Photography<\/li>\n<li>Per prevenir o investigar possibles infraccions en relaci\u00f3 amb el Servei<\/li>\n<li>Per protegir la seguretat personal dels usuaris del Servei o del p\u00fablic<\/li>\n<li>Per protegir-se de la responsabilitat legal<\/li>\n<\/ul>\n<h2><\/h2>\n<h2>Seguretat De Dades<\/h2>\n<p>La seguretat de les vostres dades \u00e9s important per a nosaltres, per\u00f2 recordeu que cap m\u00e8tode de transmissi\u00f3 per Internet o m\u00e8tode d&#8217;emmagatzematge electr\u00f2nic \u00e9s 100% segur. Tot i que ens esforcem per utilitzar mitjans comercialment acceptables per protegir les vostres dades personals, no podem garantir-ne la seguretat absoluta. <\/p>\n<h2><\/h2>\n<h2>Prove\u00efdors de servei<\/h2>\n<p>Podem contractar empreses i persones de tercers per facilitar el nostre Servei (&#8220;Prove\u00efdors de serveis&#8221;), per prestar el Servei en nom nostre, per realitzar serveis relacionats amb el Servei o per ajudar-nos a analitzar com s&#8217;utilitza el nostre Servei. Aquests tercers tenen acc\u00e9s a les vostres dades personals nom\u00e9s per realitzar aquestes tasques en nom nostre i estan obligats a no revelar-les ni utilitzar-les per a cap altre prop\u00f2sit.<\/p>\n<h3>Anal\u00edtica<\/h3>\n<p>Podem utilitzar prove\u00efdors de serveis de tercers per supervisar i analitzar l&#8217;\u00fas del nostre Servei.<\/p>\n<ul>\n<li><strong>Google Analytics<\/strong>Google Analytics \u00e9s un servei d&#8217;an\u00e0lisi web ofert per Google que fa un seguiment i informa del tr\u00e0nsit del lloc web. Google utilitza les dades recopilades per rastrejar i supervisar l&#8217;\u00fas del nostre Servei. Aquestes dades es comparteixen amb altres serveis de Google. Google pot utilitzar les dades recollides per contextualitzar i personalitzar els anuncis de la seva pr\u00f2pia xarxa publicit\u00e0ria. Podeu optar per no haver posat la vostra activitat al Servei a disposici\u00f3 de Google Analytics instal\u00b7lant el complement del navegador de desactivaci\u00f3 de Google Analytics. El complement impedeix que el JavaScript de Google Analytics (ga.js, analytics.js i dc.js) comparteixi informaci\u00f3 amb Google Analytics sobre l&#8217;activitat de les visites. Per obtenir m\u00e9s informaci\u00f3 sobre les pr\u00e0ctiques de privadesa de Google, visiteu les Condicions i privadesa de Google. p\u00e0gina web: <a href=\"https:\/\/policies.google.com\/privacy?hl=en\" target=\"_blank\" rel=\"noopener\">https:\/\/policies.google.com\/privacy?hl=ca<\/a>    <\/li>\n<\/ul>\n<h2><\/h2>\n<h2>Enlla\u00e7os a altres llocs<\/h2>\n<p>El nostre servei pot contenir enlla\u00e7os a altres llocs que no s\u00f3n operats per nosaltres. Si feu clic a l&#8217;enlla\u00e7 d&#8217;un tercer, se us dirigir\u00e0 al lloc d&#8217;aquest tercer. Us recomanem fermament que reviseu la Pol\u00edtica de privadesa de cada lloc que visiteu. No tenim control ni assumim cap responsabilitat pel contingut, les pol\u00edtiques de privadesa o les pr\u00e0ctiques de cap lloc o servei de tercers.  <\/p>\n<h2><\/h2>\n<h2>Privacitat dels nens<\/h2>\n<p>El nostre servei no s&#8217;adre\u00e7a a ning\u00fa menor de 18 anys (&#8220;Nens&#8221;). No recollim conscientment informaci\u00f3 d&#8217;identificaci\u00f3 personal de ning\u00fa menor de 18 anys. Si sou pares o tutors i sabeu que els vostres fills ens han proporcionat dades personals, poseu-vos en contacte amb nosaltres. Si ens assabentem que hem recopilat dades personals de nens sense la verificaci\u00f3 del consentiment dels pares, prendrem mesures per eliminar aquesta informaci\u00f3 dels nostres servidors.<\/p>\n<h2><\/h2>\n<h2>Canvis a aquesta pol\u00edtica de privadesa<\/h2>\n<p>\u00c9s possible que actualitzem la nostra Pol\u00edtica de privadesa de tant en tant. Us notificarem qualsevol canvi mitjan\u00e7ant la publicaci\u00f3 de la nova Pol\u00edtica de privadesa en aquesta p\u00e0gina. T&#8217;informarem per correu electr\u00f2nic i\/o un av\u00eds destacat al nostre Servei, abans que el canvi entri en vigor i actualitzarem la &#8220;data d&#8217;entrada en vigor&#8221; a la part superior d&#8217;aquesta Pol\u00edtica de privadesa. Us recomanem que reviseu aquesta Pol\u00edtica de privadesa peri\u00f2dicament per a qualsevol canvi. Els canvis a aquesta Pol\u00edtica de privadesa s\u00f3n efectius quan es publiquen en aquesta p\u00e0gina. <\/p>\n<h2><\/h2>\n<h2>Contacta amb nosaltres<\/h2>\n<p>Si teniu cap pregunta sobre aquesta Pol\u00edtica de privadesa, poseu-vos en contacte amb nosaltres:<\/p>\n<ul>\n<li>En visitar aquesta p\u00e0gina del nostre lloc web: <a href=\"https:\/\/jordiromo.com\/contact\/\">https:\/\/jordiromo.com\/contact\/<\/a><\/li>\n<\/ul>\n[\/vc_column_text][\/vc_column][\/vc_row]\n","protected":false},"excerpt":{"rendered":"<p>[vc_row type=&#8221;in_container&#8221; full_screen_row_position=&#8221;middle&#8221; column_margin=&#8221;default&#8221; column_direction=&#8221;default&#8221; column_direction_tablet=&#8221;default&#8221; column_direction_phone=&#8221;default&#8221; scene_position=&#8221;center&#8221; top_padding=&#8221;5%&#8221; bottom_padding=&#8221;6%&#8221; text_color=&#8221;dark&#8221; text_align=&#8221;left&#8221; row_border_radius=&#8221;none&#8221; row_border_radius_applies=&#8221;bg&#8221; overflow=&#8221;visible&#8221; overlay_strength=&#8221;0.3&#8243; gradient_direction=&#8221;left_to_right&#8221; shape_divider_position=&#8221;bottom&#8221; bg_image_animation=&#8221;none&#8221; shape_type=&#8221;&#8221;][vc_column column_padding=&#8221;no-extra-padding&#8221; column_padding_tablet=&#8221;inherit&#8221; column_padding_phone=&#8221;inherit&#8221; column_padding_position=&#8221;all&#8221; column_element_direction_desktop=&#8221;default&#8221; column_element_spacing=&#8221;default&#8221; desktop_text_alignment=&#8221;default&#8221; tablet_text_alignment=&#8221;default&#8221; phone_text_alignment=&#8221;default&#8221; background_color_opacity=&#8221;1&#8243;&#8230;<\/p>\n","protected":false},"author":1,"featured_media":0,"parent":0,"menu_order":0,"comment_status":"closed","ping_status":"closed","template":"","meta":{"footnotes":""},"class_list":["post-27365","page","type-page","status-publish"],"_links":{"self":[{"href":"https:\/\/jordiromo.com\/ca\/wp-json\/wp\/v2\/pages\/27365","targetHints":{"allow":["GET"]}}],"collection":[{"href":"https:\/\/jordiromo.com\/ca\/wp-json\/wp\/v2\/pages"}],"about":[{"href":"https:\/\/jordiromo.com\/ca\/wp-json\/wp\/v2\/types\/page"}],"author":[{"embeddable":true,"href":"https:\/\/jordiromo.com\/ca\/wp-json\/wp\/v2\/users\/1"}],"replies":[{"embeddable":true,"href":"https:\/\/jordiromo.com\/ca\/wp-json\/wp\/v2\/comments?post=27365"}],"version-history":[{"count":0,"href":"https:\/\/jordiromo.com\/ca\/wp-json\/wp\/v2\/pages\/27365\/revisions"}],"wp:attachment":[{"href":"https:\/\/jordiromo.com\/ca\/wp-json\/wp\/v2\/media?parent=27365"}],"curies":[{"name":"wp","href":"https:\/\/api.w.org\/{rel}","templated":true}]}}